{"id":1164,"date":"2021-09-09T16:13:30","date_gmt":"2021-09-09T19:13:30","guid":{"rendered":"https:\/\/socioeducacao.unb.br\/?page_id=1164"},"modified":"2021-10-28T21:01:13","modified_gmt":"2021-10-29T00:01:13","slug":"datas-importantes","status":"publish","type":"page","link":"https:\/\/socioeducacao.unb.br\/index.php\/inicial\/simposio-2021\/datas-importantes\/","title":{"rendered":"Datas Importantes"},"content":{"rendered":"\n<p class=\"has-text-align-center has-small-font-size\">|  <strong><a href=\"https:\/\/socioeducacao.unb.br\/index.php\/inicial\/simposio-2021\/\" data-type=\"URL\" data-id=\"https:\/\/socioeducacao.unb.br\/index.php\/inicial\/simposio-2021\/\">III Simp\u00f3sio Nacional em Socioeduca\u00e7\u00e3o<\/a><\/strong>  |  <a href=\"https:\/\/socioeducacao.unb.br\/index.php\/inicial\/simposio-2021\/objetivos-simposio2021\/\" data-type=\"page\" data-id=\"867\">Objetivos<\/a> |  <a href=\"https:\/\/socioeducacao.unb.br\/index.php\/comissoes\/\">Comiss\u00f5es<\/a>  |  <strong>DATAS IMPORTANTES<\/strong>  |  <a href=\"https:\/\/socioeducacao.unb.br\/index.php\/programacao\/\" data-type=\"page\" data-id=\"1166\">Programa\u00e7\u00e3o<\/a>  | <a href=\"https:\/\/socioeducacao.unb.br\/index.php\/inicial\/simposio-2021\/programacao\/trabalhos-simposio2021\/\" data-type=\"URL\" data-id=\"https:\/\/socioeducacao.unb.br\/index.php\/inicial\/simposio-2021\/programacao\/trabalhos-simposio2021\/\">Trabalhos<\/a>  |<\/p>\n\n\n\n<p><\/p>\n\n\n\n<div class=\"wp-block-kadence-spacer aligncenter kt-block-spacer-_934d64-32\"><div class=\"kt-block-spacer kt-block-spacer-halign-center\" style=\"height:60px\"><hr class=\"kt-divider\" style=\"border-top-color:#eee;border-top-width:1px;width:80%;border-top-style:solid\"\/><\/div><\/div>\n\n\n\n<div class=\"wp-block-columns alignfull is-layout-flex wp-container-core-columns-is-layout-9d6595d7 wp-block-columns-is-layout-flex\">\n<div class=\"wp-block-column is-vertically-aligned-bottom is-layout-flow wp-block-column-is-layout-flow\" style=\"flex-basis:30%\"><div class=\"alignleft wp-block-site-logo\"><img decoding=\"async\"   src=\"https:\/\/socioeducacao.unb.br\/wp-content\/uploads\/2021\/09\/iii_simposio_logo.png\" class=\"custom-logo\" alt=\"Portal da Socioeduca\u00e7\u00e3o\" srcset=\"https:\/\/socioeducacao.unb.br\/wp-content\/uploads\/2021\/09\/iii_simposio_logo.png 1248w, https:\/\/socioeducacao.unb.br\/wp-content\/uploads\/2021\/09\/iii_simposio_logo-300x65.png 300w, https:\/\/socioeducacao.unb.br\/wp-content\/uploads\/2021\/09\/iii_simposio_logo-1024x222.png 1024w, https:\/\/socioeducacao.unb.br\/wp-content\/uploads\/2021\/09\/iii_simposio_logo-768x167.png 768w, https:\/\/socioeducacao.unb.br\/wp-content\/uploads\/2021\/09\/iii_simposio_logo-583x127.png 583w\" sizes=\"(max-width: 260px) 100vw, 260px\" \/><\/div>\n\n\n<p><\/p>\n<\/div>\n\n\n\n<div class=\"wp-block-column is-vertically-aligned-top is-layout-flow wp-block-column-is-layout-flow\" style=\"flex-basis:70%\">\n<h3 class=\"kt-adv-heading_4c47fd-61 wp-block-kadence-advancedheading\" data-kb-block=\"kb-adv-heading_4c47fd-61\">DATAS IMPORTANTES<\/h3>\n<\/div>\n<\/div>\n\n\n\n<div class=\"wp-block-kadence-spacer aligncenter kt-block-spacer-_5b77f6-cb\"><div class=\"kt-block-spacer kt-block-spacer-halign-center\" style=\"height:60px\"><hr class=\"kt-divider\" style=\"border-top-color:#eee;border-top-width:1px;width:80%;border-top-style:solid\"\/><\/div><\/div>\n\n\n\n<p><span class=\"has-inline-color has-accent-2-color\">\u2022 <strong><a href=\"https:\/\/socioeducacao.unb.br\/index.php\/inicial\/simposio-2021\/inscricoes\/\" data-type=\"page\" data-id=\"1162\">Inscri\u00e7\u00f5es<\/a>:<\/strong><\/span> <strong>A partir de 18\/10 &#8211;<\/strong> Inscri\u00e7\u00f5es gratuitas para o III Simp\u00f3sio Nacional em Socioeduca\u00e7\u00e3o<\/p>\n\n\n\n<p>  <\/p>\n\n\n\n<div class=\"wp-block-kadence-spacer aligncenter kt-block-spacer-_b0c9b8-a5\"><div class=\"kt-block-spacer kt-block-spacer-halign-center\" style=\"height:30px\"><\/div><\/div>\n\n\n\n<p><\/p>\n\n\n\n<p><span class=\"has-inline-color has-accent-2-color\">\u2022 <strong>Submiss\u00e3o de Trabalhos<\/strong><\/span><\/p>\n\n\n\n<p>    <strong>15\/09 a 22\/10\/2021<\/strong> &#8211; Submiss\u00e3o de resumos de trabalhos.<\/p>\n\n\n\n<p>    <strong>15\/09 a 01\/11\/2021<\/strong> &#8211; Avalia\u00e7\u00e3o dos resumos submetidos.<\/p>\n\n\n\n<p>    <strong>03\/11\/2021<\/strong> &#8211; Divulga\u00e7\u00e3o dos resumos aprovados (eletronicamente, para os primeiros autores).<\/p>\n\n\n\n<p>    <strong>13\/11\/2021<\/strong> \u2013 Data m\u00e1xima para que os autores encaminhem \u00e0 Comiss\u00e3o Organizadora os trabalhos que ser\u00e3o apresentados em forma de p\u00f4ster digital.<\/p>\n\n\n\n<div class=\"wp-block-kadence-spacer aligncenter kt-block-spacer-_a3a8cd-dc\"><div class=\"kt-block-spacer kt-block-spacer-halign-center\" style=\"height:30px\"><\/div><\/div>\n\n\n\n<p><strong><span class=\"has-inline-color has-accent-2-color\">\u2022 Pr\u00e9-Simp\u00f3sio:<\/span><\/strong> <strong>16 a 22 de novembro de 2021<\/strong><\/p>\n\n\n\n<p>   Esse ano o Simp\u00f3sio Nacional em Socioeduca\u00e7\u00e3o traz uma novidade para ampliar os espa\u00e7os de participa\u00e7\u00e3o: o Pr\u00e9-Simp\u00f3sio, que ocorrer\u00e1 na semana que antecede o evento, ou seja, de 16 a 22 de novembro de 2021. Ao longo deste per\u00edodo ser\u00e3o realizados minicursos e oficinas. Veja aqui a programa\u00e7\u00e3o do <meta charset=\"utf-8\">Pr\u00e9-Simp\u00f3sio.<\/p>\n\n\n\n<p>   <strong>A partir de 18\/10<\/strong> &#8211; Inscri\u00e7\u00f5es para Oficinas e Minicursos (<a rel=\"noreferrer noopener\" href=\"https:\/\/docs.google.com\/forms\/d\/e\/1FAIpQLSdIyu2Y6oo5611GEZXVukIxwM-blwwi149xQ7gUWLP8teMmoQ\/viewform?usp=sf_link\" data-type=\"URL\" data-id=\"https:\/\/docs.google.com\/forms\/d\/e\/1FAIpQLSdIyu2Y6oo5611GEZXVukIxwM-blwwi149xQ7gUWLP8teMmoQ\/viewform?usp=sf_link\" target=\"_blank\">aqui<\/a>). <meta charset=\"utf-8\"><strong>INSCRI\u00c7\u00d5ES ENCERRADAS, TODAS AS VAGAS FORAM PREENCHIDAS.<\/strong><\/p>\n\n\n\n<div class=\"wp-block-kadence-spacer aligncenter kt-block-spacer-_b75bbc-79\"><div class=\"kt-block-spacer kt-block-spacer-halign-center\" style=\"height:30px\"><\/div><\/div>\n\n\n\n<p><\/p>\n\n\n\n<p><strong><span class=\"has-inline-color has-accent-2-color\">\u2022 III Simp\u00f3sio Nacional em Socioeduca\u00e7\u00e3o:<\/span><\/strong> <strong>23 a 26 de novembro de 2021<\/strong><\/p>\n\n\n\n<p>   Diante dos desafios decorrentes da pandemia de Covid-19, pela primeira vez o Simp\u00f3sio ser\u00e1 realizado virtualmente.<\/p>\n\n\n\n<div class=\"wp-block-kadence-spacer aligncenter kt-block-spacer-_0001c8-d8\"><div class=\"kt-block-spacer kt-block-spacer-halign-center\" style=\"height:60px\"><hr class=\"kt-divider\" style=\"border-top-color:#eee;border-top-width:1px;width:80%;border-top-style:solid\"\/><\/div><\/div>\n\n\n\n<p class=\"has-text-align-center\">|  <strong><a href=\"https:\/\/socioeducacao.unb.br\/index.php\/inicial\/simposio-2021\/\" data-type=\"URL\" data-id=\"https:\/\/socioeducacao.unb.br\/index.php\/inicial\/simposio-2021\/\">III Simp\u00f3sio Nacional em Socioeduca\u00e7\u00e3o<\/a><\/strong>  |  <a href=\"https:\/\/socioeducacao.unb.br\/index.php\/inicial\/simposio-2021\/objetivos-simposio2021\/\" data-type=\"page\" data-id=\"867\">Objetivos<\/a> |  <a href=\"https:\/\/socioeducacao.unb.br\/index.php\/comissoes\/\">Comiss\u00f5es<\/a>  |  <strong>DATAS IMPORTANTES<\/strong>  |  <a href=\"https:\/\/socioeducacao.unb.br\/index.php\/programacao\/\" data-type=\"page\" data-id=\"1166\">Programa\u00e7\u00e3o<\/a>  | <a href=\"https:\/\/socioeducacao.unb.br\/index.php\/inicial\/simposio-2021\/programacao\/trabalhos-simposio2021\/\" data-type=\"URL\" data-id=\"https:\/\/socioeducacao.unb.br\/index.php\/inicial\/simposio-2021\/programacao\/trabalhos-simposio2021\/\">Trabalhos<\/a>  |<\/p>\n\n\n\n<div class=\"wp-block-kadence-spacer aligncenter kt-block-spacer-_379cb6-7e\"><div class=\"kt-block-spacer kt-block-spacer-halign-center\" style=\"height:60px\"><hr class=\"kt-divider\" style=\"border-top-color:#eee;border-top-width:1px;width:80%;border-top-style:solid\"\/><\/div><\/div>\n\n\n\n<div class=\"wp-block-image\"><figure class=\"aligncenter size-large\"><img loading=\"lazy\" decoding=\"async\" width=\"1024\" height=\"59\" src=\"https:\/\/socioeducacao.unb.br\/wp-content\/uploads\/2021\/09\/rodape_logotipos_apoio-2-1024x59.png\" alt=\"\" class=\"wp-image-1369\" srcset=\"https:\/\/socioeducacao.unb.br\/wp-content\/uploads\/2021\/09\/rodape_logotipos_apoio-2-1024x59.png 1024w, https:\/\/socioeducacao.unb.br\/wp-content\/uploads\/2021\/09\/rodape_logotipos_apoio-2-300x17.png 300w, https:\/\/socioeducacao.unb.br\/wp-content\/uploads\/2021\/09\/rodape_logotipos_apoio-2-768x44.png 768w, https:\/\/socioeducacao.unb.br\/wp-content\/uploads\/2021\/09\/rodape_logotipos_apoio-2-583x33.png 583w, https:\/\/socioeducacao.unb.br\/wp-content\/uploads\/2021\/09\/rodape_logotipos_apoio-2.png 1220w\" sizes=\"auto, (max-width: 1024px) 100vw, 1024px\" \/><\/figure><\/div>\n\n\n\n<p><\/p>\n\n\n\n<p><\/p>\n","protected":false},"excerpt":{"rendered":"<p>| III Simp\u00f3sio Nacional em Socioeduca\u00e7\u00e3o | Objetivos | Comiss\u00f5es | DATAS IMPORTANTES | Programa\u00e7\u00e3o | Trabalhos | DATAS IMPORTANTES \u2022 Inscri\u00e7\u00f5es: A partir de &hellip;<\/p>\n","protected":false},"author":1,"featured_media":0,"parent":162,"menu_order":0,"comment_status":"closed","ping_status":"closed","template":"","meta":{"kt_blocks_editor_width":"","footnotes":""},"class_list":["post-1164","page","type-page","status-publish","hentry"],"_links":{"self":[{"href":"https:\/\/socioeducacao.unb.br\/index.php\/wp-json\/wp\/v2\/pages\/1164","targetHints":{"allow":["GET"]}}],"collection":[{"href":"https:\/\/socioeducacao.unb.br\/index.php\/wp-json\/wp\/v2\/pages"}],"about":[{"href":"https:\/\/socioeducacao.unb.br\/index.php\/wp-json\/wp\/v2\/types\/page"}],"author":[{"embeddable":true,"href":"https:\/\/socioeducacao.unb.br\/index.php\/wp-json\/wp\/v2\/users\/1"}],"replies":[{"embeddable":true,"href":"https:\/\/socioeducacao.unb.br\/index.php\/wp-json\/wp\/v2\/comments?post=1164"}],"version-history":[{"count":24,"href":"https:\/\/socioeducacao.unb.br\/index.php\/wp-json\/wp\/v2\/pages\/1164\/revisions"}],"predecessor-version":[{"id":1505,"href":"https:\/\/socioeducacao.unb.br\/index.php\/wp-json\/wp\/v2\/pages\/1164\/revisions\/1505"}],"up":[{"embeddable":true,"href":"https:\/\/socioeducacao.unb.br\/index.php\/wp-json\/wp\/v2\/pages\/162"}],"wp:attachment":[{"href":"https:\/\/socioeducacao.unb.br\/index.php\/wp-json\/wp\/v2\/media?parent=1164"}],"curies":[{"name":"wp","href":"https:\/\/api.w.org\/{rel}","templated":true}]}}