{"id":1166,"date":"2021-09-09T16:15:42","date_gmt":"2021-09-09T19:15:42","guid":{"rendered":"https:\/\/socioeducacao.unb.br\/?page_id=1166"},"modified":"2024-11-03T12:21:13","modified_gmt":"2024-11-03T15:21:13","slug":"programacao","status":"publish","type":"page","link":"https:\/\/socioeducacao.unb.br\/index.php\/inicial\/simposio-2021\/programacao\/","title":{"rendered":"Programa\u00e7\u00e3o"},"content":{"rendered":"\n<p class=\"has-text-align-center has-small-font-size\">|  <strong><a href=\"https:\/\/socioeducacao.unb.br\/index.php\/inicial\/simposio-2021\/\" data-type=\"URL\" data-id=\"https:\/\/socioeducacao.unb.br\/index.php\/inicial\/simposio-2021\/\">III Simp\u00f3sio Nacional em Socioeduca\u00e7\u00e3o<\/a><\/strong>  |  <a href=\"https:\/\/socioeducacao.unb.br\/index.php\/inicial\/simposio-2021\/objetivos-simposio2021\/\" data-type=\"page\" data-id=\"867\">Objetivos<\/a> |  <a href=\"https:\/\/socioeducacao.unb.br\/index.php\/comissoes\/\">Comiss\u00f5es<\/a>  |  <a href=\"https:\/\/socioeducacao.unb.br\/index.php\/inicial\/simposio-2021\/datas-importantes\/\" data-type=\"page\" data-id=\"1164\">Datas Importantes<\/a>  |  <strong>PROGRAMA\u00c7\u00c3O<\/strong>  |  <a href=\"https:\/\/socioeducacao.unb.br\/index.php\/inicial\/simposio-2021\/programacao\/trabalhos-simposio2021\/\" data-type=\"URL\" data-id=\"https:\/\/socioeducacao.unb.br\/index.php\/inicial\/simposio-2021\/programacao\/trabalhos-simposio2021\/\">Trabalhos<\/a>  |<\/p>\n\n\n\n<div class=\"wp-block-kadence-spacer aligncenter kt-block-spacer-_934d64-32\"><div class=\"kt-block-spacer kt-block-spacer-halign-center\" style=\"height:60px\"><hr class=\"kt-divider\" style=\"border-top-color:#eee;border-top-width:1px;width:80%;border-top-style:solid\"\/><\/div><\/div>\n\n\n\n<div class=\"wp-block-columns alignfull is-layout-flex wp-container-core-columns-is-layout-9d6595d7 wp-block-columns-is-layout-flex\">\n<div class=\"wp-block-column is-vertically-aligned-bottom is-layout-flow wp-block-column-is-layout-flow\" style=\"flex-basis:30%\"><div class=\"alignleft wp-block-site-logo\"><img decoding=\"async\"   src=\"https:\/\/socioeducacao.unb.br\/wp-content\/uploads\/2021\/09\/iii_simposio_logo.png\" class=\"custom-logo\" alt=\"Portal da Socioeduca\u00e7\u00e3o\" srcset=\"https:\/\/socioeducacao.unb.br\/wp-content\/uploads\/2021\/09\/iii_simposio_logo.png 1248w, https:\/\/socioeducacao.unb.br\/wp-content\/uploads\/2021\/09\/iii_simposio_logo-300x65.png 300w, https:\/\/socioeducacao.unb.br\/wp-content\/uploads\/2021\/09\/iii_simposio_logo-1024x222.png 1024w, https:\/\/socioeducacao.unb.br\/wp-content\/uploads\/2021\/09\/iii_simposio_logo-768x167.png 768w, https:\/\/socioeducacao.unb.br\/wp-content\/uploads\/2021\/09\/iii_simposio_logo-583x127.png 583w\" sizes=\"(max-width: 260px) 100vw, 260px\" \/><\/div>\n\n\n<p><\/p>\n<\/div>\n\n\n\n<div class=\"wp-block-column is-layout-flow wp-block-column-is-layout-flow\"><\/div>\n\n\n\n<div class=\"wp-block-column is-vertically-aligned-top is-layout-flow wp-block-column-is-layout-flow\" style=\"flex-basis:70%\">\n<h2 class=\"kt-adv-heading_4c47fd-61 wp-block-kadence-advancedheading\" data-kb-block=\"kb-adv-heading_4c47fd-61\">PROGRAMA\u00c7\u00c3O<\/h2>\n<\/div>\n<\/div>\n\n\n\n<div class=\"wp-block-kadence-spacer aligncenter kt-block-spacer-_70a8ab-63 kvs-lg-false\"><div class=\"kt-block-spacer kt-block-spacer-halign-center\" style=\"height:60px\"><\/div><\/div>\n\n\n<div class=\"wp-block-image\">\n<figure class=\"aligncenter size-large\"><img loading=\"lazy\" decoding=\"async\" width=\"1024\" height=\"999\" src=\"https:\/\/socioeducacao.unb.br\/wp-content\/uploads\/2021\/11\/Captura-de-Tela-2021-11-18-a\u0300s-09.56.11-1024x999.png\" alt=\"\" class=\"wp-image-1526\" srcset=\"https:\/\/socioeducacao.unb.br\/wp-content\/uploads\/2021\/11\/Captura-de-Tela-2021-11-18-a\u0300s-09.56.11-1024x999.png 1024w, https:\/\/socioeducacao.unb.br\/wp-content\/uploads\/2021\/11\/Captura-de-Tela-2021-11-18-a\u0300s-09.56.11-300x293.png 300w, https:\/\/socioeducacao.unb.br\/wp-content\/uploads\/2021\/11\/Captura-de-Tela-2021-11-18-a\u0300s-09.56.11-768x749.png 768w, https:\/\/socioeducacao.unb.br\/wp-content\/uploads\/2021\/11\/Captura-de-Tela-2021-11-18-a\u0300s-09.56.11-1536x1499.png 1536w, https:\/\/socioeducacao.unb.br\/wp-content\/uploads\/2021\/11\/Captura-de-Tela-2021-11-18-a\u0300s-09.56.11-307x300.png 307w, https:\/\/socioeducacao.unb.br\/wp-content\/uploads\/2021\/11\/Captura-de-Tela-2021-11-18-a\u0300s-09.56.11.png 1656w\" sizes=\"auto, (max-width: 1024px) 100vw, 1024px\" \/><\/figure><\/div>\n\n\n<p class=\"has-text-align-center has-large-font-size\">      <span class=\"has-inline-color has-accent-1-color\">Programa\u00e7\u00e3o detalhada <a href=\"https:\/\/drive.google.com\/file\/d\/10vBm7v3JyerYwqb8CWrciVbZicSGvXDU\/view?usp=sharing\" data-type=\"URL\" data-id=\"https:\/\/drive.google.com\/file\/d\/10vBm7v3JyerYwqb8CWrciVbZicSGvXDU\/view?usp=sharing\">aqui<\/a>.<\/span><\/p>\n\n\n\n<p class=\"has-text-align-center\">Clique <a rel=\"noreferrer noopener\" href=\"https:\/\/padlet.com\/socioeducacaodf\/Bookmarks\" data-type=\"URL\" data-id=\"https:\/\/padlet.com\/socioeducacaodf\/Bookmarks\" target=\"_blank\">aqui<\/a> para acessar os trabalhos apresentados na modalidade P\u00f4ster Digital.<\/p>\n\n\n\n<p class=\"has-text-align-center has-normal-font-size\"><strong><span class=\"has-inline-color has-accent-2-color\">Aten\u00e7\u00e3o: <\/span><\/strong>As Telas em Di\u00e1logo ocorrer\u00e3o pela plataforma Google Meet. As Confer\u00eancias e Mesas Redondas ser\u00e3o transmitidas no <a href=\"https:\/\/www.youtube.com\/channel\/UCgyNtx6w5B1j_aUg8Ggm9Lw\/videos\" data-type=\"URL\" data-id=\"https:\/\/www.youtube.com\/channel\/UCgyNtx6w5B1j_aUg8Ggm9Lw\/videos\">nosso canal<\/a> no YouTube. <\/p>\n\n\n\n<p class=\"has-text-align-center\">          Para fins de organiza\u00e7\u00e3o, pedimos que os proponentes\/autores ingressem na plataforma com anteced\u00eancia de 15 minutos.<\/p>\n\n\n\n<p class=\"has-text-align-center has-normal-font-size\">Haver\u00e1 lista de participa\u00e7\u00e3o em cada atividade para emiss\u00e3o do certificado aos participantes inscritos. Caso ainda n\u00e3o tenha feito sua inscri\u00e7\u00e3o, realize-a <a rel=\"noreferrer noopener\" href=\"https:\/\/sig.unb.br\/sigaa\/public\/extensao\/loginCursosEventosExtensao.jsf\" target=\"_blank\">aqui<\/a>.<\/p>\n\n\n\n<p class=\"has-text-align-center has-normal-font-size\"><meta charset=\"utf-8\">Os certificados dos participantes efetivos est\u00e3o dispon\u00edveis no Sistema Integrado de Gest\u00e3o de Atividades Acad\u00eamicas (<a href=\"https:\/\/sig.unb.br\/sigaa\/public\/extensao\/areaInternaCursosEventosExtensao.jsf\" data-type=\"URL\" data-id=\"https:\/\/sig.unb.br\/sigaa\/public\/extensao\/areaInternaCursosEventosExtensao.jsf\">SIGAA<\/a>) da UnB. Os certificados de participa\u00e7\u00e3o nos minicursos e oficinas e tamb\u00e9m de apresenta\u00e7\u00e3o de trabalhos forma enviados por e-mail.<a href=\"https:\/\/socioeducacao.unb.br\/index.php\/inicial\/simposio-2021\/programacao\/trabalhos-simposio2021\/\" data-type=\"page\" data-id=\"884\"><\/a><\/p>\n\n\n\n<div class=\"wp-block-kadence-spacer aligncenter kt-block-spacer-_ce9c58-38\"><div class=\"kt-block-spacer kt-block-spacer-halign-center\" style=\"height:60px\"><hr class=\"kt-divider\" style=\"border-top-color:#eee;border-top-width:1px;width:80%;border-top-style:solid\"\/><\/div><\/div>\n\n\n\n<p class=\"has-large-font-size\">PROGRAMA\u00c7\u00c3O DO PR\u00c9-SIMP\u00d3SIO<\/p>\n\n\n\n<p class=\"has-normal-font-size\">Nesta edi\u00e7\u00e3o teremos como novidade o Pr\u00e9-Simp\u00f3sio, que ocorrer\u00e1 na semana que antecede o evento, ou seja, de 16 a 22 de novembro de 2021, com a realiza\u00e7\u00e3o de <strong>minicursos <\/strong>e<strong> oficinas<\/strong>, al\u00e9m de lan\u00e7amento de livro. <\/p>\n\n\n\n<p class=\"has-normal-font-size\">Para participar dos Minicursos e Oficinas n\u00e3o \u00e9 preciso estar inscrito no III Simp\u00f3sio Nacional em Socioeduca\u00e7\u00e3o, pois as inscri\u00e7\u00f5es s\u00e3o independentes.<\/p>\n\n\n\n<p class=\"has-normal-font-size\">Veja a seguir a programa\u00e7\u00e3o. <\/p>\n\n\n<div class=\"wp-block-image\">\n<figure class=\"aligncenter size-large\"><img loading=\"lazy\" decoding=\"async\" width=\"1024\" height=\"540\" src=\"https:\/\/socioeducacao.unb.br\/wp-content\/uploads\/2021\/10\/Pre\u0301-Simpo\u0301sio_Manha\u0303-1-1024x540.png\" alt=\"\" class=\"wp-image-1494\" srcset=\"https:\/\/socioeducacao.unb.br\/wp-content\/uploads\/2021\/10\/Pre\u0301-Simpo\u0301sio_Manha\u0303-1-1024x540.png 1024w, https:\/\/socioeducacao.unb.br\/wp-content\/uploads\/2021\/10\/Pre\u0301-Simpo\u0301sio_Manha\u0303-1-300x158.png 300w, https:\/\/socioeducacao.unb.br\/wp-content\/uploads\/2021\/10\/Pre\u0301-Simpo\u0301sio_Manha\u0303-1-768x405.png 768w, https:\/\/socioeducacao.unb.br\/wp-content\/uploads\/2021\/10\/Pre\u0301-Simpo\u0301sio_Manha\u0303-1-1536x810.png 1536w, https:\/\/socioeducacao.unb.br\/wp-content\/uploads\/2021\/10\/Pre\u0301-Simpo\u0301sio_Manha\u0303-1-2048x1080.png 2048w, https:\/\/socioeducacao.unb.br\/wp-content\/uploads\/2021\/10\/Pre\u0301-Simpo\u0301sio_Manha\u0303-1-569x300.png 569w\" sizes=\"auto, (max-width: 1024px) 100vw, 1024px\" \/><\/figure><\/div>\n\n<div class=\"wp-block-image\">\n<figure class=\"aligncenter size-large\"><img loading=\"lazy\" decoding=\"async\" width=\"1024\" height=\"559\" src=\"https:\/\/socioeducacao.unb.br\/wp-content\/uploads\/2021\/10\/Pre\u0301-Simpo\u0301sio_Tarde-1024x559.png\" alt=\"\" class=\"wp-image-1488\" srcset=\"https:\/\/socioeducacao.unb.br\/wp-content\/uploads\/2021\/10\/Pre\u0301-Simpo\u0301sio_Tarde-1024x559.png 1024w, https:\/\/socioeducacao.unb.br\/wp-content\/uploads\/2021\/10\/Pre\u0301-Simpo\u0301sio_Tarde-300x164.png 300w, https:\/\/socioeducacao.unb.br\/wp-content\/uploads\/2021\/10\/Pre\u0301-Simpo\u0301sio_Tarde-768x420.png 768w, https:\/\/socioeducacao.unb.br\/wp-content\/uploads\/2021\/10\/Pre\u0301-Simpo\u0301sio_Tarde-1536x839.png 1536w, https:\/\/socioeducacao.unb.br\/wp-content\/uploads\/2021\/10\/Pre\u0301-Simpo\u0301sio_Tarde-2048x1119.png 2048w, https:\/\/socioeducacao.unb.br\/wp-content\/uploads\/2021\/10\/Pre\u0301-Simpo\u0301sio_Tarde-549x300.png 549w\" sizes=\"auto, (max-width: 1024px) 100vw, 1024px\" \/><\/figure><\/div>\n\n<div class=\"wp-block-image\">\n<figure class=\"aligncenter size-large\"><img loading=\"lazy\" decoding=\"async\" width=\"1024\" height=\"252\" src=\"https:\/\/socioeducacao.unb.br\/wp-content\/uploads\/2021\/10\/Pre\u0301-Simpo\u0301sio_Tarde_Noite-1024x252.png\" alt=\"\" class=\"wp-image-1489\" srcset=\"https:\/\/socioeducacao.unb.br\/wp-content\/uploads\/2021\/10\/Pre\u0301-Simpo\u0301sio_Tarde_Noite-1024x252.png 1024w, https:\/\/socioeducacao.unb.br\/wp-content\/uploads\/2021\/10\/Pre\u0301-Simpo\u0301sio_Tarde_Noite-300x74.png 300w, https:\/\/socioeducacao.unb.br\/wp-content\/uploads\/2021\/10\/Pre\u0301-Simpo\u0301sio_Tarde_Noite-768x189.png 768w, https:\/\/socioeducacao.unb.br\/wp-content\/uploads\/2021\/10\/Pre\u0301-Simpo\u0301sio_Tarde_Noite-1536x379.png 1536w, https:\/\/socioeducacao.unb.br\/wp-content\/uploads\/2021\/10\/Pre\u0301-Simpo\u0301sio_Tarde_Noite-2048x505.png 2048w, https:\/\/socioeducacao.unb.br\/wp-content\/uploads\/2021\/10\/Pre\u0301-Simpo\u0301sio_Tarde_Noite-583x144.png 583w\" sizes=\"auto, (max-width: 1024px) 100vw, 1024px\" \/><\/figure><\/div>\n\n\n<p>Consulte a <a href=\"https:\/\/drive.google.com\/file\/d\/1vP9fPJ9Jba7kmKQQdFLF_Ir5egvWxger\/view?usp=sharing\" target=\"_blank\" rel=\"noreferrer noopener\">programa\u00e7\u00e3o dos Minicursos e Oficinas<\/a>. Observe a carga hor\u00e1ria de cada atividade, bem como os dias e hor\u00e1rios de realiza\u00e7\u00e3o. <\/p>\n\n\n\n<p>Para participar de <strong>Minicurso<\/strong> ou <strong>Oficina<\/strong> fa\u00e7a sua inscri\u00e7\u00e3o <a rel=\"noreferrer noopener\" href=\"https:\/\/docs.google.com\/forms\/d\/e\/1FAIpQLSdIyu2Y6oo5611GEZXVukIxwM-blwwi149xQ7gUWLP8teMmoQ\/viewform?usp=sf_link\" data-type=\"URL\" data-id=\"https:\/\/docs.google.com\/forms\/d\/e\/1FAIpQLSdIyu2Y6oo5611GEZXVukIxwM-blwwi149xQ7gUWLP8teMmoQ\/viewform?usp=sf_link\" target=\"_blank\">aqui<\/a>. <strong>INSCRI\u00c7\u00d5ES ENCERRADAS, TODAS AS VAGAS FORAM PREENCHIDAS.<\/strong><\/p>\n\n\n\n<p><\/p>\n\n\n\n<div class=\"wp-block-media-text alignwide is-stacked-on-mobile is-vertically-aligned-top\"><figure class=\"wp-block-media-text__media\"><img loading=\"lazy\" decoding=\"async\" width=\"1024\" height=\"1024\" src=\"https:\/\/socioeducacao.unb.br\/wp-content\/uploads\/2021\/11\/Lanc\u0327amento-livro-com-fotos-1024x1024.jpg\" alt=\"\" class=\"wp-image-1515 size-full\" srcset=\"https:\/\/socioeducacao.unb.br\/wp-content\/uploads\/2021\/11\/Lanc\u0327amento-livro-com-fotos-1024x1024.jpg 1024w, https:\/\/socioeducacao.unb.br\/wp-content\/uploads\/2021\/11\/Lanc\u0327amento-livro-com-fotos-300x300.jpg 300w, https:\/\/socioeducacao.unb.br\/wp-content\/uploads\/2021\/11\/Lanc\u0327amento-livro-com-fotos-150x150.jpg 150w, https:\/\/socioeducacao.unb.br\/wp-content\/uploads\/2021\/11\/Lanc\u0327amento-livro-com-fotos-768x768.jpg 768w, https:\/\/socioeducacao.unb.br\/wp-content\/uploads\/2021\/11\/Lanc\u0327amento-livro-com-fotos.jpg 1080w\" sizes=\"auto, (max-width: 1024px) 100vw, 1024px\" \/><\/figure><div class=\"wp-block-media-text__content\">\n<p><\/p>\n\n\n\n<p class=\"has-normal-font-size\">No dia 22\/11 \u00e0 tarde, a partir das 15h, teremos uma atividade especial que \u00e9 a cara do Simp\u00f3sio: um momento de encontro, trocas e circula\u00e7\u00e3o de afetos. <\/p>\n\n\n\n<p class=\"has-normal-font-size\">Nessa edi\u00e7\u00e3o totalmente virtual, at\u00e9 podemos estar <meta charset=\"utf-8\">distantes fisicamente, mas nem de longe estaremos distantes afetivamente. <\/p>\n\n\n\n<p class=\"has-normal-font-size\">Venham participar pelo link <a href=\"http:\/\/meet.google.com\/cpk-znsb-yob\" data-type=\"URL\" data-id=\"meet.google.com\/cpk-znsb-yob\" target=\"_blank\" rel=\"noreferrer noopener\">meet.google.com\/cpk-znsb-yob<\/a><\/p>\n\n\n\n<p class=\"has-normal-font-size\">Ser\u00e1 durante o <strong>lan\u00e7amento do livro<em> Cr\u00f4nicas e Concertinas<\/em><\/strong> de autoria da Aedra Andrade.<\/p>\n\n\n\n<p class=\"has-normal-font-size\">Esperamos voc\u00eas!<\/p>\n<\/div><\/div>\n\n\n\n<p><\/p>\n\n\n\n<p><\/p>\n\n\n\n<p class=\"has-text-align-center\"><strong>Nos acompanhe tamb\u00e9m pelo\u00a0<a rel=\"noreferrer noopener\" href=\"https:\/\/www.instagram.com\/simposiosocioeducacao\/\" target=\"_blank\">Instagram<\/a>\u00a0e pelo\u00a0<a rel=\"noreferrer noopener\" href=\"https:\/\/www.youtube.com\/@simposionacionalemsocioedu7633\/streams\" target=\"_blank\">YouTube<\/a>.<\/strong><\/p>\n\n\n\n<p class=\"has-text-align-center\">|  <strong><a href=\"https:\/\/socioeducacao.unb.br\/index.php\/inicial\/simposio-2021\/\" data-type=\"URL\" data-id=\"https:\/\/socioeducacao.unb.br\/index.php\/inicial\/simposio-2021\/\">III Simp\u00f3sio Nacional em Socioeduca\u00e7\u00e3o<\/a><\/strong>  |  <a href=\"https:\/\/socioeducacao.unb.br\/index.php\/inicial\/simposio-2021\/objetivos-simposio2021\/\" data-type=\"page\" data-id=\"867\">Objetivos<\/a> |  <a href=\"https:\/\/socioeducacao.unb.br\/index.php\/comissoes\/\">Comiss\u00f5es<\/a>  |  <a href=\"https:\/\/socioeducacao.unb.br\/index.php\/inicial\/simposio-2021\/datas-importantes\/\" data-type=\"page\" data-id=\"1164\">Datas Importantes<\/a>  |  <strong>PROGRAMA\u00c7\u00c3O<\/strong>  |  <a href=\"https:\/\/socioeducacao.unb.br\/index.php\/inicial\/simposio-2021\/programacao\/trabalhos-simposio2021\/\" data-type=\"URL\" data-id=\"https:\/\/socioeducacao.unb.br\/index.php\/inicial\/simposio-2021\/programacao\/trabalhos-simposio2021\/\">Trabalhos<\/a>  |<\/p>\n\n\n\n<div class=\"wp-block-kadence-spacer aligncenter kt-block-spacer-_3e23ae-e4\"><div class=\"kt-block-spacer kt-block-spacer-halign-center\" style=\"height:60px\"><hr class=\"kt-divider\" style=\"border-top-color:#eee;border-top-width:1px;width:80%;border-top-style:solid\"\/><\/div><\/div>\n\n\n<div class=\"wp-block-image\">\n<figure class=\"aligncenter size-large\"><img loading=\"lazy\" decoding=\"async\" width=\"1024\" height=\"59\" src=\"https:\/\/socioeducacao.unb.br\/wp-content\/uploads\/2021\/09\/rodape_logotipos_apoio-2-1024x59.png\" alt=\"\" class=\"wp-image-1369\" srcset=\"https:\/\/socioeducacao.unb.br\/wp-content\/uploads\/2021\/09\/rodape_logotipos_apoio-2-1024x59.png 1024w, https:\/\/socioeducacao.unb.br\/wp-content\/uploads\/2021\/09\/rodape_logotipos_apoio-2-300x17.png 300w, https:\/\/socioeducacao.unb.br\/wp-content\/uploads\/2021\/09\/rodape_logotipos_apoio-2-768x44.png 768w, https:\/\/socioeducacao.unb.br\/wp-content\/uploads\/2021\/09\/rodape_logotipos_apoio-2-583x33.png 583w, https:\/\/socioeducacao.unb.br\/wp-content\/uploads\/2021\/09\/rodape_logotipos_apoio-2.png 1220w\" sizes=\"auto, (max-width: 1024px) 100vw, 1024px\" \/><\/figure><\/div>\n\n\n<p><\/p>\n","protected":false},"excerpt":{"rendered":"<p>| III Simp\u00f3sio Nacional em Socioeduca\u00e7\u00e3o | Objetivos | Comiss\u00f5es | Datas Importantes | PROGRAMA\u00c7\u00c3O | Trabalhos | PROGRAMA\u00c7\u00c3O Programa\u00e7\u00e3o detalhada aqui. Clique aqui para &hellip;<\/p>\n","protected":false},"author":1,"featured_media":0,"parent":162,"menu_order":0,"comment_status":"closed","ping_status":"closed","template":"","meta":{"kt_blocks_editor_width":"","footnotes":""},"class_list":["post-1166","page","type-page","status-publish","hentry"],"_links":{"self":[{"href":"https:\/\/socioeducacao.unb.br\/index.php\/wp-json\/wp\/v2\/pages\/1166","targetHints":{"allow":["GET"]}}],"collection":[{"href":"https:\/\/socioeducacao.unb.br\/index.php\/wp-json\/wp\/v2\/pages"}],"about":[{"href":"https:\/\/socioeducacao.unb.br\/index.php\/wp-json\/wp\/v2\/types\/page"}],"author":[{"embeddable":true,"href":"https:\/\/socioeducacao.unb.br\/index.php\/wp-json\/wp\/v2\/users\/1"}],"replies":[{"embeddable":true,"href":"https:\/\/socioeducacao.unb.br\/index.php\/wp-json\/wp\/v2\/comments?post=1166"}],"version-history":[{"count":41,"href":"https:\/\/socioeducacao.unb.br\/index.php\/wp-json\/wp\/v2\/pages\/1166\/revisions"}],"predecessor-version":[{"id":1985,"href":"https:\/\/socioeducacao.unb.br\/index.php\/wp-json\/wp\/v2\/pages\/1166\/revisions\/1985"}],"up":[{"embeddable":true,"href":"https:\/\/socioeducacao.unb.br\/index.php\/wp-json\/wp\/v2\/pages\/162"}],"wp:attachment":[{"href":"https:\/\/socioeducacao.unb.br\/index.php\/wp-json\/wp\/v2\/media?parent=1166"}],"curies":[{"name":"wp","href":"https:\/\/api.w.org\/{rel}","templated":true}]}}