{"id":1615,"date":"2023-07-20T17:11:41","date_gmt":"2023-07-20T20:11:41","guid":{"rendered":"https:\/\/socioeducacao.unb.br\/?page_id=1615"},"modified":"2024-02-11T12:01:46","modified_gmt":"2024-02-11T15:01:46","slug":"datas-2024","status":"publish","type":"page","link":"https:\/\/socioeducacao.unb.br\/index.php\/datas-2024\/","title":{"rendered":"Datas 2024"},"content":{"rendered":"\n<p class=\"has-text-align-center\">|&nbsp;<strong><a href=\"https:\/\/socioeducacao.unb.br\/index.php\/inicial\/iv-simposio-nacional-em-socioeducacao-2024\/\">IV Simp\u00f3sio Nacional em Socioeduca\u00e7\u00e3o<\/a><\/strong>&nbsp;| <a href=\"https:\/\/socioeducacao.unb.br\/index.php\/inicio-2024\/\">In\u00edcio<\/a> | Datas | <a href=\"https:\/\/socioeducacao.unb.br\/index.php\/programacao-2024\/\">Programa\u00e7\u00e3o<\/a> | <a href=\"https:\/\/socioeducacao.unb.br\/index.php\/inscricoes-2024\/\">Inscri\u00e7\u00f5es<\/a> | <a href=\"https:\/\/socioeducacao.unb.br\/index.php\/local-2024\/\">Local<\/a> | <a href=\"https:\/\/socioeducacao.unb.br\/index.php\/comissoes-2024\/\">Comiss\u00f5es<\/a> | <a href=\"https:\/\/socioeducacao.unb.br\/index.php\/pre-simposio-2023\/\">Pr\u00e9-Simp\u00f3sio<\/a> |<\/p>\n\n\n\n<figure class=\"wp-block-image\"><img loading=\"lazy\" decoding=\"async\" width=\"1024\" height=\"164\" src=\"https:\/\/socioeducacao.unb.br\/wp-content\/uploads\/2023\/07\/Logo_simposio_2023-2-1024x164.png\" alt=\"\" class=\"wp-image-1607\" srcset=\"https:\/\/socioeducacao.unb.br\/wp-content\/uploads\/2023\/07\/Logo_simposio_2023-2-1024x164.png 1024w, https:\/\/socioeducacao.unb.br\/wp-content\/uploads\/2023\/07\/Logo_simposio_2023-2-300x48.png 300w, https:\/\/socioeducacao.unb.br\/wp-content\/uploads\/2023\/07\/Logo_simposio_2023-2-768x123.png 768w, https:\/\/socioeducacao.unb.br\/wp-content\/uploads\/2023\/07\/Logo_simposio_2023-2-1536x246.png 1536w, https:\/\/socioeducacao.unb.br\/wp-content\/uploads\/2023\/07\/Logo_simposio_2023-2-583x94.png 583w, https:\/\/socioeducacao.unb.br\/wp-content\/uploads\/2023\/07\/Logo_simposio_2023-2.png 1802w\" sizes=\"auto, (max-width: 1024px) 100vw, 1024px\" \/><\/figure>\n\n\n\n<p class=\"has-text-align-right has-large-font-size\"><strong><em><sub>Antirracismo, Direitos Humanos e Cen\u00e1rios de resist\u00eancia<\/sub><\/em><\/strong><\/p>\n\n\n\n<hr class=\"wp-block-separator has-alpha-channel-opacity\"\/>\n\n\n\n<p>O<strong> IV Simp\u00f3sio Nacional em Socioeduca\u00e7\u00e3o<\/strong> acontecer\u00e1 presencialmente, em Bras\u00edlia, nos dias <strong>21, 22 e 23 de fevereiro de 2024.<\/strong> <strong>Fa\u00e7a a submiss\u00e3o do seu trabalho <a rel=\"noreferrer noopener\" href=\"https:\/\/www.even3.com.br\/iv-simposio-nacional-em-socioeducacao-399590\" target=\"_blank\">aqui<\/a>.<\/strong> <strong>Inscri\u00e7\u00f5es limitadas <a href=\"https:\/\/www.even3.com.br\/iv-simposio-nacional-em-socioeducacao-399590\/\">aqui<\/a>.<\/strong> <strong><mark class=\"kt-highlight\">ENCERRADAS<\/mark><\/strong><\/p>\n\n\n\n<p>A inscri\u00e7\u00e3o \u00e9 gratuita. As vagas s\u00e3o limitadas e ser\u00e3o encerradas quando forem preenchidas. Em caso de desist\u00eancia da participa\u00e7\u00e3o, por favor comunique previamente a Comiss\u00e3o Organizadora do evento.<\/p>\n\n\n\n<p>O <strong>Pr\u00e9-Simp\u00f3sio<\/strong>, virtual, ser\u00e1 realizado de<strong> 20 a 24 de novembro de 2023<\/strong> e ser\u00e1 dedicado \u00e0 realiza\u00e7\u00e3o de oficinas e minicursos. Veja, <a href=\"https:\/\/socioeducacao.unb.br\/index.php\/pre-simposio-2023\/\" data-type=\"page\">aqui<\/a>, mais informa\u00e7\u00f5es sobre o Pr\u00e9-Simp\u00f3sio.<\/p>\n\n\n\n<div class=\"wp-block-kadence-spacer aligncenter kt-block-spacer-_4faa75-a3\"><div class=\"kt-block-spacer kt-block-spacer-halign-center\" style=\"height:60px\"><hr class=\"kt-divider\" style=\"border-top-color:#eee;border-top-width:1px;width:80%;border-top-style:solid\"\/><\/div><\/div>\n\n\n\n<p class=\"has-text-align-center has-large-font-size\"><strong>CALEND\u00c1RIO DO IV SIMP\u00d3SIO NACIONAL EM SOCIOEDUCA\u00c7\u00c3O<\/strong><\/p>\n\n\n\n<figure class=\"wp-block-table\"><table><tbody><tr><td colspan=\"2\"><strong>IV Simp\u00f3sio Nacional em Socioeduca\u00e7\u00e3o <\/strong>(presencial)<strong><\/strong><\/td><\/tr><tr><td><strong>Inscri\u00e7\u00f5es<\/strong> (vagas limitadas)<\/td><td><strong><mark style=\"background-color:rgba(0, 0, 0, 0)\" class=\"has-inline-color has-accent-2-color\">a partir de 11 de dezembro de 2023 (enquanto durarem as vagas)<\/mark><\/strong> <strong><mark class=\"kt-highlight\">ENCERRADAS<\/mark><\/strong><\/td><\/tr><\/tbody><\/table><\/figure>\n\n\n\n<figure class=\"wp-block-table\"><table><tbody><tr><td><strong><a href=\"https:\/\/www.even3.com.br\/iv-simposio-nacional-em-socioeducacao-399590\" target=\"_blank\" rel=\"noreferrer noopener\">SUBMISS\u00c3O DE TRABALHOS<\/a><\/strong><\/td><td><strong>&nbsp;<\/strong><\/td><\/tr><tr><td>Prazo para submiss\u00e3o de trabalhos<\/td><td><strong><s>23 de outubro a 26 de novembro 2023<\/s><\/strong> <br><strong>Prorrogado at\u00e9 03 de dezembro de 2023<\/strong><\/td><\/tr><tr><td>Devolutiva da avalia\u00e7\u00e3o dos trabalhos submetidos<\/td><td><strong>at\u00e9 17 de dezembro 2023<\/strong><strong><\/strong><\/td><\/tr><tr><td>Prazo para envio dos trabalhos reformulados (se for o caso)<\/td><td><strong>at\u00e9 24 de dezembro 2023<\/strong><strong><\/strong><\/td><\/tr><tr><td>Devolutiva da avalia\u00e7\u00e3o dos trabalhos submetidos (trabalho reformulados)<\/td><td><strong>at\u00e9 07 de janeiro de 2024<\/strong><strong><\/strong><\/td><\/tr><tr><td>Prazo para envio dos links dos p\u00f4steres digitais<\/td><td><strong>at\u00e9 15 de janeiro de 2024<\/strong><strong><\/strong><\/td><\/tr><tr><td>Divulga\u00e7\u00e3o da programa\u00e7\u00e3o completa. Dispon\u00edvel <a href=\"https:\/\/drive.google.com\/file\/d\/11Tx_HBv2_S-wTEO58t9cuqIIWDqQclhD\/view?usp=sharing\" target=\"_blank\" rel=\"noreferrer noopener\">aqui<\/a><\/td><td><strong>at\u00e9 20 de janeiro 2024<\/strong><strong><\/strong><\/td><\/tr><tr><td>Evento<\/td><td><strong>21, 22 e 23 de fevereiro 2024<\/strong><strong><\/strong><\/td><\/tr><\/tbody><\/table><\/figure>\n\n\n\n<p class=\"has-normal-font-size\">Convidamos a comunidade cient\u00edfica e atores das medidas socioeducativas a submeterem trabalhos para apresenta\u00e7\u00e3o e discuss\u00e3o no&nbsp;<strong>IV Simp\u00f3sio Nacional em Socioeduca\u00e7\u00e3o<\/strong>&nbsp;que ocorrer\u00e1&nbsp;de&nbsp;21 a&nbsp;23 de fevereiro de 2024. S\u00e3o 4 (quatro) modalidades de trabalhos. A submiss\u00e3o de cada trabalho tem um custo de&nbsp;R$4,99. Todos os trabalhos submetidos para apresenta\u00e7\u00e3o ser\u00e3o objeto de an\u00e1lise \u00e0s cegas pela Comiss\u00e3o T\u00e9cnico-Cient\u00edfica.<\/p>\n\n\n\n<p class=\"has-text-align-center has-large-font-size\">Fa\u00e7a a submiss\u00e3o do seu trabalho <a rel=\"noreferrer noopener\" href=\"https:\/\/www.even3.com.br\/iv-simposio-nacional-em-socioeducacao-399590\" target=\"_blank\">aqui<\/a>.<\/p>\n\n\n\n<p class=\"has-text-align-center has-large-font-size\"><strong>Para participar do evento fa\u00e7a sua inscri\u00e7\u00e3o&nbsp;<a href=\"https:\/\/www.even3.com.br\/iv-simposio-nacional-em-socioeducacao-399590\/\">aqui<\/a>.<\/strong> <mark class=\"kt-highlight\">Inscri\u00e7\u00f5es encerradas.<\/mark><\/p>\n\n\n\n<p>Em caso de d\u00favidas, entre em contato com a Comiss\u00e3o Organizadora pelo e-mail: <a rel=\"noreferrer noopener\" href=\"mailto:simposionacional@socioeducacao.com\" target=\"_blank\">simposionacional@socioeducacao.com<\/a><\/p>\n\n\n\n<div class=\"wp-block-kadence-spacer aligncenter kt-block-spacer-_42a9ac-6c\"><div class=\"kt-block-spacer kt-block-spacer-halign-center\" style=\"height:60px\"><hr class=\"kt-divider\" style=\"border-top-color:#eee;border-top-width:1px;width:80%;border-top-style:solid\"\/><\/div><\/div>\n\n\n\n<p class=\"has-text-align-center has-normal-font-size\">| <strong><a href=\"http:\/\/socioeducacao.unb.br\/index.php\/inicial\/iv-simposio-nacional-em-socioeducacao-2024\/\">IV Simp\u00f3sio Nacional em Socioeduca\u00e7\u00e3o<\/a><\/strong> | <a href=\"https:\/\/socioeducacao.unb.br\/index.php\/inicio-2024\/\">In\u00edcio<\/a> | Datas | <a href=\"https:\/\/socioeducacao.unb.br\/index.php\/programacao-2024\/\">Programa\u00e7\u00e3o<\/a> | <a href=\"https:\/\/socioeducacao.unb.br\/index.php\/inscricoes-2024\/\">Inscri\u00e7\u00f5es<\/a> | <a href=\"https:\/\/socioeducacao.unb.br\/index.php\/local-2024\/\">Local<\/a> | <a href=\"https:\/\/socioeducacao.unb.br\/index.php\/comissoes-2024\/\">Comiss\u00f5es<\/a> | <a href=\"https:\/\/socioeducacao.unb.br\/index.php\/pre-simposio-2023\/\">Pr\u00e9-Simp\u00f3sio<\/a> |<\/p>\n\n\n<div class=\"wp-block-image\">\n<figure class=\"aligncenter size-large\"><img loading=\"lazy\" decoding=\"async\" width=\"1024\" height=\"164\" src=\"https:\/\/socioeducacao.unb.br\/wp-content\/uploads\/2023\/11\/Rodape\u0301_2-linhas-1024x164.jpg\" alt=\"\" class=\"wp-image-1892\" srcset=\"https:\/\/socioeducacao.unb.br\/wp-content\/uploads\/2023\/11\/Rodape\u0301_2-linhas-1024x164.jpg 1024w, https:\/\/socioeducacao.unb.br\/wp-content\/uploads\/2023\/11\/Rodape\u0301_2-linhas-300x48.jpg 300w, https:\/\/socioeducacao.unb.br\/wp-content\/uploads\/2023\/11\/Rodape\u0301_2-linhas-768x123.jpg 768w, https:\/\/socioeducacao.unb.br\/wp-content\/uploads\/2023\/11\/Rodape\u0301_2-linhas-1536x246.jpg 1536w, https:\/\/socioeducacao.unb.br\/wp-content\/uploads\/2023\/11\/Rodape\u0301_2-linhas-2048x328.jpg 2048w, https:\/\/socioeducacao.unb.br\/wp-content\/uploads\/2023\/11\/Rodape\u0301_2-linhas-583x93.jpg 583w\" sizes=\"auto, (max-width: 1024px) 100vw, 1024px\" \/><\/figure><\/div>\n\n\n<p><\/p>\n","protected":false},"excerpt":{"rendered":"<p>|&nbsp;IV Simp\u00f3sio Nacional em Socioeduca\u00e7\u00e3o&nbsp;| In\u00edcio | Datas | Programa\u00e7\u00e3o | Inscri\u00e7\u00f5es | Local | Comiss\u00f5es | Pr\u00e9-Simp\u00f3sio | Antirracismo, Direitos Humanos e Cen\u00e1rios de &hellip;<\/p>\n","protected":false},"author":1,"featured_media":0,"parent":0,"menu_order":0,"comment_status":"closed","ping_status":"closed","template":"","meta":{"kt_blocks_editor_width":"","footnotes":""},"class_list":["post-1615","page","type-page","status-publish","hentry"],"_links":{"self":[{"href":"https:\/\/socioeducacao.unb.br\/index.php\/wp-json\/wp\/v2\/pages\/1615","targetHints":{"allow":["GET"]}}],"collection":[{"href":"https:\/\/socioeducacao.unb.br\/index.php\/wp-json\/wp\/v2\/pages"}],"about":[{"href":"https:\/\/socioeducacao.unb.br\/index.php\/wp-json\/wp\/v2\/types\/page"}],"author":[{"embeddable":true,"href":"https:\/\/socioeducacao.unb.br\/index.php\/wp-json\/wp\/v2\/users\/1"}],"replies":[{"embeddable":true,"href":"https:\/\/socioeducacao.unb.br\/index.php\/wp-json\/wp\/v2\/comments?post=1615"}],"version-history":[{"count":39,"href":"https:\/\/socioeducacao.unb.br\/index.php\/wp-json\/wp\/v2\/pages\/1615\/revisions"}],"predecessor-version":[{"id":1941,"href":"https:\/\/socioeducacao.unb.br\/index.php\/wp-json\/wp\/v2\/pages\/1615\/revisions\/1941"}],"wp:attachment":[{"href":"https:\/\/socioeducacao.unb.br\/index.php\/wp-json\/wp\/v2\/media?parent=1615"}],"curies":[{"name":"wp","href":"https:\/\/api.w.org\/{rel}","templated":true}]}}