{"id":1623,"date":"2023-07-21T08:03:35","date_gmt":"2023-07-21T11:03:35","guid":{"rendered":"https:\/\/socioeducacao.unb.br\/?page_id=1623"},"modified":"2024-11-03T12:03:36","modified_gmt":"2024-11-03T15:03:36","slug":"programacao-2024","status":"publish","type":"page","link":"https:\/\/socioeducacao.unb.br\/index.php\/programacao-2024\/","title":{"rendered":"&#8212; Programa\u00e7\u00e3o 2024"},"content":{"rendered":"\n<p class=\"has-text-align-center has-normal-font-size\">|  <strong>IV Simp\u00f3sio Nacional em Socioeduca\u00e7\u00e3o<\/strong>  |  <a href=\"https:\/\/socioeducacao.unb.br\/index.php\/inicio-2024\/\">In\u00edcio<\/a> |  <a href=\"https:\/\/socioeducacao.unb.br\/index.php\/datas-2024\/\">Datas<\/a>  |  Programa\u00e7\u00e3o  |  <a href=\"https:\/\/socioeducacao.unb.br\/index.php\/inscricoes-2024\">Inscri\u00e7\u00f5es<\/a>  |  <a href=\"https:\/\/socioeducacao.unb.br\/index.php\/local-2024\/\">Local<\/a>  |  <a href=\"https:\/\/socioeducacao.unb.br\/index.php\/comissoes-2024\/\">Comiss\u00f5es<\/a>  |  <a href=\"https:\/\/socioeducacao.unb.br\/index.php\/pre-simposio-2023\/\">Pr\u00e9-Simp\u00f3sio<\/a> |<\/p>\n\n\n\n<figure class=\"wp-block-image size-large\"><img loading=\"lazy\" decoding=\"async\" width=\"1024\" height=\"164\" src=\"https:\/\/socioeducacao.unb.br\/wp-content\/uploads\/2023\/07\/Logo_simposio_2023-2-1024x164.png\" alt=\"\" class=\"wp-image-1607\" srcset=\"https:\/\/socioeducacao.unb.br\/wp-content\/uploads\/2023\/07\/Logo_simposio_2023-2-1024x164.png 1024w, https:\/\/socioeducacao.unb.br\/wp-content\/uploads\/2023\/07\/Logo_simposio_2023-2-300x48.png 300w, https:\/\/socioeducacao.unb.br\/wp-content\/uploads\/2023\/07\/Logo_simposio_2023-2-768x123.png 768w, https:\/\/socioeducacao.unb.br\/wp-content\/uploads\/2023\/07\/Logo_simposio_2023-2-1536x246.png 1536w, https:\/\/socioeducacao.unb.br\/wp-content\/uploads\/2023\/07\/Logo_simposio_2023-2-583x94.png 583w, https:\/\/socioeducacao.unb.br\/wp-content\/uploads\/2023\/07\/Logo_simposio_2023-2.png 1802w\" sizes=\"auto, (max-width: 1024px) 100vw, 1024px\" \/><\/figure>\n\n\n\n<p class=\"has-text-align-right has-large-font-size\"><strong><em><sub>Antirracismo, Direitos Humanos e Cen\u00e1rios de resist\u00eancia<\/sub><\/em><\/strong><\/p>\n\n\n\n<p>A programa\u00e7\u00e3o do Simp\u00f3sio ser\u00e1 composta por interven\u00e7\u00f5es de palestrantes convidados e tamb\u00e9m por apresenta\u00e7\u00f5es decorrentes de trabalhos submetidos, avaliados e aprovados pela Comiss\u00e3o T\u00e9cnico-Cient\u00edfica. <\/p>\n\n\n\n<p class=\"has-text-align-center has-accent-2-color has-text-color has-large-font-size\"><strong>PROGRAMA\u00c7\u00c3O <a href=\"https:\/\/drive.google.com\/file\/d\/11Tx_HBv2_S-wTEO58t9cuqIIWDqQclhD\/view?usp=sharing\" target=\"_blank\" rel=\"noreferrer noopener\">aqui<\/a>.<\/strong><\/p>\n\n\n\n<p>A programa\u00e7\u00e3o geral do evento est\u00e1 dispon\u00edvel <a rel=\"noreferrer noopener\" href=\"https:\/\/www.even3.com.br\/iv-simposio-nacional-em-socioeducacao-399590\/\" target=\"_blank\">aqui<\/a>; a programa\u00e7\u00e3o de apresenta\u00e7\u00f5es de trabalhos submetidos (comunica\u00e7\u00f5es orais e p\u00f4steres) est\u00e1 dispon\u00edvel na mesma plataforma, na \u00c1rea do Participante, mediante acesso com login e senha usada na sua inscri\u00e7\u00e3o.<\/p>\n\n\n\n<p class=\"has-text-align-center has-normal-font-size\"><strong>Os p\u00f4steres digitais est\u00e3o dispon\u00edveis <a rel=\"noreferrer noopener\" href=\"https:\/\/padlet.com\/socioeducacaodf\/p-ster-digital-iv-simp-sio-nacional-em-socioeduca-o-ebzquoewlo4wvkip\" target=\"_blank\">aqui<\/a>.<\/strong><\/p>\n\n\n\n<p>A programa\u00e7\u00e3o est\u00e1 sujeita a altera\u00e7\u00f5es. D\u00favidas podem ser encaminhadas para o e-mail:&nbsp;<a rel=\"noreferrer noopener\" href=\"mailto:simposionacional@socioeducacao.com\" target=\"_blank\">simposionacional@socioeducacao.com<\/a><\/p>\n\n\n\n<h2 class=\"wp-block-heading has-text-align-center has-accent-2-color has-text-color has-large-font-size\"><strong>CERTIFICADOS<\/strong><\/h2>\n\n\n\n<p>Os certificados do <strong>IV Simp\u00f3sio Nacional em Socioeduca\u00e7\u00e3o \u2013 2024<\/strong> j\u00e1 est\u00e3o dispon\u00edveis.<\/p>\n\n\n\n<p>Acesse a <a href=\"https:\/\/www.even3.com.br\/iv-simposio-nacional-em-socioeducacao-399590\/\">plataforma even3<\/a>, fa\u00e7a login com seu e-mail e senha de cadastro, v\u00e1 na \u00c1rea do participante e, na lateral esquerda, tem a aba Certificados. L\u00e1 voc\u00ea encontra todos os seus certificados. Os certificados ficam dispon\u00edveis para download pelo prazo de 60 dias.<\/p>\n\n\n\n<p class=\"has-text-align-center has-accent-2-color has-text-color has-large-font-size\"><strong>ANAIS<\/strong> <strong><a href=\"https:\/\/drive.google.com\/file\/d\/1b4OPkO1yFpG0LOtdbn32GsxR2ivPc-Ic\/view?usp=sharing\" data-type=\"URL\" data-id=\"https:\/\/drive.google.com\/file\/d\/1b4OPkO1yFpG0LOtdbn32GsxR2ivPc-Ic\/view?usp=sharing\" target=\"_blank\" rel=\"noreferrer noopener\">aqui<\/a><\/strong><\/p>\n\n\n\n<p>Os <strong>Anais<\/strong> do <strong>IV Simp\u00f3sio Nacional em Socioeduca\u00e7\u00e3o \u2013 2024<\/strong> j\u00e1 est\u00e1 no ar! <\/p>\n\n\n\n<p>Acesse <a rel=\"noreferrer noopener\" href=\"https:\/\/drive.google.com\/file\/d\/1b4OPkO1yFpG0LOtdbn32GsxR2ivPc-Ic\/view?usp=sharing\" data-type=\"URL\" data-id=\"https:\/\/drive.google.com\/file\/d\/1b4OPkO1yFpG0LOtdbn32GsxR2ivPc-Ic\/view?usp=sharing\" target=\"_blank\">aqui<\/a> e consulte o registro dos resumos dos trabalhos apresentados.&nbsp;<\/p>\n\n\n\n<p><\/p>\n\n\n\n<p>Quer conhecer um pouco mais do Simp\u00f3sio? Assista ao <a rel=\"noreferrer noopener\" href=\"https:\/\/www.youtube.com\/watch?v=MKcYTaemjKk\" data-type=\"URL\" data-id=\"https:\/\/www.youtube.com\/watch?v=MKcYTaemjKk\" target=\"_blank\">registro audiovisual<\/a> produzido por adolescentes e jovens atendidos pelo Projeto \u201cCena na Medida\u201d da Unidade de Interna\u00e7\u00e3o de Santa Maria (DF) e conhe\u00e7a mais. <\/p>\n\n\n\n<p class=\"has-text-align-center\"><strong>Nos acompanhe tamb\u00e9m pelo\u00a0<a rel=\"noreferrer noopener\" href=\"https:\/\/www.instagram.com\/simposiosocioeducacao\/\" target=\"_blank\">Instagram<\/a>\u00a0e pelo\u00a0<a rel=\"noreferrer noopener\" href=\"https:\/\/www.youtube.com\/@simposionacionalemsocioedu7633\/streams\" target=\"_blank\">YouTube<\/a>.<\/strong><\/p>\n\n\n\n<p class=\"has-text-align-center has-normal-font-size\">| <strong>IV Simp\u00f3sio Nacional em Socioeduca\u00e7\u00e3o<\/strong> | <a href=\"https:\/\/socioeducacao.unb.br\/index.php\/inicio-2024\/\">In\u00edcio<\/a> | <a href=\"https:\/\/socioeducacao.unb.br\/index.php\/datas-2024\/\">Datas<\/a> | Programa\u00e7\u00e3o | <a href=\"https:\/\/socioeducacao.unb.br\/index.php\/inscricoes-2024\/\">Inscri\u00e7\u00f5es<\/a> | <a href=\"https:\/\/socioeducacao.unb.br\/index.php\/local-2024\/\">Local<\/a> | <a href=\"https:\/\/socioeducacao.unb.br\/index.php\/comissoes-2024\/\">Comiss\u00f5es<\/a> | <a href=\"https:\/\/socioeducacao.unb.br\/index.php\/pre-simposio-2023\/\">Pr\u00e9-Simp\u00f3sio<\/a> |<\/p>\n\n\n\n<div class=\"wp-block-kadence-spacer aligncenter kt-block-spacer-_42a9ac-6c\"><div class=\"kt-block-spacer kt-block-spacer-halign-center\" style=\"height:60px\"><hr class=\"kt-divider\" style=\"border-top-color:#eee;border-top-width:1px;width:80%;border-top-style:solid\"\/><\/div><\/div>\n\n\n<div class=\"wp-block-image\">\n<figure class=\"aligncenter size-large\"><img loading=\"lazy\" decoding=\"async\" width=\"1024\" height=\"164\" src=\"https:\/\/socioeducacao.unb.br\/wp-content\/uploads\/2023\/11\/Rodape\u0301_2-linhas-1024x164.jpg\" alt=\"\" class=\"wp-image-1892\" srcset=\"https:\/\/socioeducacao.unb.br\/wp-content\/uploads\/2023\/11\/Rodape\u0301_2-linhas-1024x164.jpg 1024w, https:\/\/socioeducacao.unb.br\/wp-content\/uploads\/2023\/11\/Rodape\u0301_2-linhas-300x48.jpg 300w, https:\/\/socioeducacao.unb.br\/wp-content\/uploads\/2023\/11\/Rodape\u0301_2-linhas-768x123.jpg 768w, https:\/\/socioeducacao.unb.br\/wp-content\/uploads\/2023\/11\/Rodape\u0301_2-linhas-1536x246.jpg 1536w, https:\/\/socioeducacao.unb.br\/wp-content\/uploads\/2023\/11\/Rodape\u0301_2-linhas-2048x328.jpg 2048w, https:\/\/socioeducacao.unb.br\/wp-content\/uploads\/2023\/11\/Rodape\u0301_2-linhas-583x93.jpg 583w\" sizes=\"auto, (max-width: 1024px) 100vw, 1024px\" \/><\/figure><\/div>\n\n\n<p><\/p>\n","protected":false},"excerpt":{"rendered":"<p>| IV Simp\u00f3sio Nacional em Socioeduca\u00e7\u00e3o | In\u00edcio | Datas | Programa\u00e7\u00e3o | Inscri\u00e7\u00f5es | Local | Comiss\u00f5es | Pr\u00e9-Simp\u00f3sio | Antirracismo, Direitos Humanos e &hellip;<\/p>\n","protected":false},"author":1,"featured_media":0,"parent":0,"menu_order":0,"comment_status":"closed","ping_status":"closed","template":"","meta":{"kt_blocks_editor_width":"","footnotes":""},"class_list":["post-1623","page","type-page","status-publish","hentry"],"_links":{"self":[{"href":"https:\/\/socioeducacao.unb.br\/index.php\/wp-json\/wp\/v2\/pages\/1623","targetHints":{"allow":["GET"]}}],"collection":[{"href":"https:\/\/socioeducacao.unb.br\/index.php\/wp-json\/wp\/v2\/pages"}],"about":[{"href":"https:\/\/socioeducacao.unb.br\/index.php\/wp-json\/wp\/v2\/types\/page"}],"author":[{"embeddable":true,"href":"https:\/\/socioeducacao.unb.br\/index.php\/wp-json\/wp\/v2\/users\/1"}],"replies":[{"embeddable":true,"href":"https:\/\/socioeducacao.unb.br\/index.php\/wp-json\/wp\/v2\/comments?post=1623"}],"version-history":[{"count":30,"href":"https:\/\/socioeducacao.unb.br\/index.php\/wp-json\/wp\/v2\/pages\/1623\/revisions"}],"predecessor-version":[{"id":1969,"href":"https:\/\/socioeducacao.unb.br\/index.php\/wp-json\/wp\/v2\/pages\/1623\/revisions\/1969"}],"wp:attachment":[{"href":"https:\/\/socioeducacao.unb.br\/index.php\/wp-json\/wp\/v2\/media?parent=1623"}],"curies":[{"name":"wp","href":"https:\/\/api.w.org\/{rel}","templated":true}]}}