{"id":1633,"date":"2023-07-21T08:19:23","date_gmt":"2023-07-21T11:19:23","guid":{"rendered":"https:\/\/socioeducacao.unb.br\/?page_id=1633"},"modified":"2023-11-24T18:42:12","modified_gmt":"2023-11-24T21:42:12","slug":"comissoes-2024","status":"publish","type":"page","link":"https:\/\/socioeducacao.unb.br\/index.php\/comissoes-2024\/","title":{"rendered":"&#8211; &#8211; Comiss\u00f5es 2024"},"content":{"rendered":"\n<p class=\"has-text-align-center has-normal-font-size\">|  <strong>IV Simp\u00f3sio Nacional em Socioeduca\u00e7\u00e3o<\/strong>  |  <a href=\"https:\/\/socioeducacao.unb.br\/index.php\/inicio-2024\/\">In\u00edcio<\/a> |  <a href=\"https:\/\/socioeducacao.unb.br\/index.php\/datas-2024\/\">Datas<\/a>  |  <a href=\"https:\/\/socioeducacao.unb.br\/index.php\/programacao-2024\/\">Programa\u00e7\u00e3o<\/a>  |  <a href=\"https:\/\/socioeducacao.unb.br\/index.php\/inscricoes-2024\/\">Inscri\u00e7\u00f5es<\/a>  |  <a href=\"https:\/\/socioeducacao.unb.br\/index.php\/local-2024\/\">Local<\/a> |  Comiss\u00f5es  | <a href=\"https:\/\/socioeducacao.unb.br\/index.php\/inicial\/pre-simposio-2023\/\">Pr\u00e9-Simp\u00f3sio<\/a> |<\/p>\n\n\n\n<figure class=\"wp-block-image size-large\"><img loading=\"lazy\" decoding=\"async\" width=\"1024\" height=\"164\" src=\"https:\/\/socioeducacao.unb.br\/wp-content\/uploads\/2023\/07\/Logo_simposio_2023-2-1024x164.png\" alt=\"\" class=\"wp-image-1607\" srcset=\"https:\/\/socioeducacao.unb.br\/wp-content\/uploads\/2023\/07\/Logo_simposio_2023-2-1024x164.png 1024w, https:\/\/socioeducacao.unb.br\/wp-content\/uploads\/2023\/07\/Logo_simposio_2023-2-300x48.png 300w, https:\/\/socioeducacao.unb.br\/wp-content\/uploads\/2023\/07\/Logo_simposio_2023-2-768x123.png 768w, https:\/\/socioeducacao.unb.br\/wp-content\/uploads\/2023\/07\/Logo_simposio_2023-2-1536x246.png 1536w, https:\/\/socioeducacao.unb.br\/wp-content\/uploads\/2023\/07\/Logo_simposio_2023-2-583x94.png 583w, https:\/\/socioeducacao.unb.br\/wp-content\/uploads\/2023\/07\/Logo_simposio_2023-2.png 1802w\" sizes=\"auto, (max-width: 1024px) 100vw, 1024px\" \/><\/figure>\n\n\n\n<p class=\"has-text-align-right has-larger-font-size\"><strong><em><sub>Antirracismo, Direitos Humanos e Cen\u00e1rios de resist\u00eancia<\/sub><\/em><\/strong><\/p>\n\n\n\n<p><\/p>\n\n\n\n<p class=\"has-large-font-size\"><strong>Comiss\u00e3o Organizadora<\/strong><\/p>\n\n\n\n<ol class=\"wp-block-list\" type=\"1\">\n<li>Cynthia Bisinoto (<strong>Coordenadora Geral<\/strong>) \u2013 Faculdade UnB Planaltina, Universidade de Bras\u00edlia (FUP-UnB)<\/li>\n\n\n\n<li>Aedra Sarah de Andrade \u2013&nbsp;Secretaria de Estado de Justi\u00e7a e Cidadania do DF (SEJUS\/DF)<\/li>\n\n\n\n<li>Ana Carolina de Moura Pereira \u2013&nbsp;Secretaria de Estado de Justi\u00e7a e Cidadania do DF (SEJUS\/DF)<\/li>\n\n\n\n<li>Ana Clara Gomes da Silva\u2013&nbsp;Universidade de Bras\u00edlia (UnB)<strong><\/strong><\/li>\n\n\n\n<li>Ana Clara Manh\u00e3s Mendes \u2013 Secretaria de Estado de Justi\u00e7a e Cidadania do DF (SEJUS\/DF)<strong><\/strong><\/li>\n\n\n\n<li>Beatriz Yamada Le\u00e3o \u2013&nbsp;Universidade de Bras\u00edlia (UnB)<strong><\/strong><\/li>\n\n\n\n<li>Deivson Cerqueira Gon\u00e7alves Damascena \u2013&nbsp;Universidade de Bras\u00edlia (UnB)<strong><\/strong><\/li>\n\n\n\n<li>Elessandra da Silva Cruz \u2013 Secretaria de Estado de Justi\u00e7a e Cidadania do DF (SEJUS\/DF)<\/li>\n\n\n\n<li>Erica Aparecida de Rezende \u2013&nbsp;Universidade de Bras\u00edlia (UnB)<\/li>\n\n\n\n<li>Fernanda Barbosa Granja<strong> <\/strong>\u2013&nbsp;Universidade de Bras\u00edlia (UnB)<\/li>\n\n\n\n<li>Juliana Duarte Arraes \u2013&nbsp;Secretaria de Estado de Justi\u00e7a e Cidadania do DF (SEJUS\/DF)<\/li>\n\n\n\n<li>Larissa Mazzotti Santamaria \u2013&nbsp;Centro de Orienta\u00e7\u00e3o ao Adolescente de Campinas (COMEC)<\/li>\n\n\n\n<li>Luana Alves de Souza \u2013&nbsp;Secretaria de Estado de Justi\u00e7a e Cidadania do DF (SEJUS\/DF)<\/li>\n\n\n\n<li>Lucilene Ribeiro Reis Barros \u2013&nbsp;Secretaria de Estado de Justi\u00e7a e Cidadania do DF (SEJUS\/DF)<\/li>\n\n\n\n<li>Manuela Soares Silveira \u2013&nbsp;Secretaria de Estado de Justi\u00e7a e Cidadania do DF (SEJUS\/DF)<\/li>\n\n\n\n<li>Rafaela Ventura Gomes \u2013&nbsp;Secretaria de Estado de Justi\u00e7a e Cidadania do DF (SEJUS\/DF)<\/li>\n\n\n\n<li>Suhelem Brasil Santos \u2013&nbsp;Secretaria de Estado de Justi\u00e7a e Cidadania do DF (SEJUS\/DF) e Universidade de Bras\u00edlia (UnB)<\/li>\n\n\n\n<li>Thalia Mirelly de Souza \u2013&nbsp;Universidade de Bras\u00edlia (UnB)<\/li>\n<\/ol>\n\n\n\n<p class=\"has-large-font-size\"><strong>Comiss\u00e3o T\u00e9cnico-Cient\u00edfica<\/strong><\/p>\n\n\n\n<ol class=\"wp-block-list\" type=\"1\">\n<li>Nat\u00e1lia Pereira Gon\u00e7alves Vilarins (<strong>Coordenadora<\/strong>) \u2013 Secretaria de Estado de Justi\u00e7a e Cidadania do DF\/SEJUS-DF (<a href=\"http:\/\/lattes.cnpq.br\/7756612068645249\">http:\/\/lattes.cnpq.br\/7756612068645249<\/a>)<\/li>\n\n\n\n<li>Adinete Sousa da Costa Mezzalira \u2013 Universidade Federal do Amazonas\/UFAM (<a href=\"http:\/\/lattes.cnpq.br\/6144105755390194\">http:\/\/lattes.cnpq.br\/6144105755390194<\/a>)<\/li>\n\n\n\n<li>Ana Paula Serrata Malfitano \u2013 Universidade Federal de S\u00e3o Carlos\/UFSCar (<a href=\"http:\/\/lattes.cnpq.br\/1462870858750395\">http:\/\/lattes.cnpq.br\/1462870858750395<\/a>)<\/li>\n\n\n\n<li>Carla Regina Silva Soares \u2013 Universidade de S\u00e3o Paulo\/USP (<a href=\"http:\/\/lattes.cnpq.br\/8506210427243736\">http:\/\/lattes.cnpq.br\/8506210427243736<\/a>)<\/li>\n\n\n\n<li>Darliane Silva do Amaral \u2013 Universidade Federal de Mato Grosso\/UFMT (<a href=\"http:\/\/lattes.cnpq.br\/7350041008290094\">http:\/\/lattes.cnpq.br\/7350041008290094<\/a>)<\/li>\n\n\n\n<li>Dayane Silva Rodrigues \u2013 Secretaria de Estado de Justi\u00e7a e Cidadania do DF\/SEJUS-DF (<a href=\"http:\/\/lattes.cnpq.br\/1157007061882457\">http:\/\/lattes.cnpq.br\/1157007061882457<\/a>)<\/li>\n\n\n\n<li>Gabriel Miranda Brito \u2013 Universidade Federal de S\u00e3o Carlos\/UFSCAR (<a href=\"http:\/\/lattes.cnpq.br\/9413287356802073\">http:\/\/lattes.cnpq.br\/9413287356802073<\/a>)<\/li>\n\n\n\n<li>Gleicimar Gon\u00e7alves Cunha \u2013 Instituto de Educa\u00e7\u00e3o Superior de Bras\u00edlia\/IESB (<a href=\"http:\/\/lattes.cnpq.br\/2053622106706837\">http:\/\/lattes.cnpq.br\/2053622106706837<\/a>)<\/li>\n\n\n\n<li>Gloria Christina de Souza Cardozo&nbsp;\u2013 Faculdade Pit\u00e1goras de Londrina e Secretaria de Estado da Justi\u00e7a, Trabalho e Direitos Humanos do Paran\u00e1 (<a href=\"http:\/\/lattes.cnpq.br\/2063531269855573\">http:\/\/lattes.cnpq.br\/2063531269855573<\/a>)<\/li>\n\n\n\n<li>Ilana Lemos de Paiva \u2013 Universidade Federal do Rio Grande do Norte\/UFRN (<a href=\"http:\/\/lattes.cnpq.br\/1588515627010993\">http:\/\/lattes.cnpq.br\/1588515627010993<\/a>)<\/li>\n\n\n\n<li>Irandi Pereira \u2013 Associa\u00e7\u00e3o dos Pesquisadores dos N\u00facleos de Estudos e Pesquisas sobre a Crian\u00e7a e o Adolescente\/NECA (<a href=\"http:\/\/lattes.cnpq.br\/3312701286183687\">http:\/\/lattes.cnpq.br\/3312701286183687<\/a>)<\/li>\n\n\n\n<li>Leonardo Rodrigues de Oliveira Ortegal \u2013 Universidade de Bras\u00edlia\/UnB (<a href=\"http:\/\/lattes.cnpq.br\/1821693182914030\">http:\/\/lattes.cnpq.br\/1821693182914030<\/a>)<\/li>\n\n\n\n<li>K\u00eania Cristina Lopes Abr\u00e3o \u2013 Secretaria de Estado de Justi\u00e7a e Cidadania do DF\/SEJUS-DF (<a href=\"http:\/\/lattes.cnpq.br\/8232736443117250\">http:\/\/lattes.cnpq.br\/8232736443117250<\/a>)<\/li>\n\n\n\n<li>Maria Nilvane Fernandes &#8211; Universidade Federal do Amazonas\/UFAM (<a href=\"http:\/\/lattes.cnpq.br\/3429086275125541\">http:\/\/lattes.cnpq.br\/3429086275125541<\/a>)<\/li>\n\n\n\n<li>Marta Carvalho de Almeida &#8211; Universidade de S\u00e3o Paulo\/USP (<a href=\"http:\/\/lattes.cnpq.br\/3389078362144309\">http:\/\/lattes.cnpq.br\/3389078362144309<\/a>)<\/li>\n\n\n\n<li>Monica Daniele Maciel Ferreira \u2013&nbsp;Secretaria de Estado de Justi\u00e7a e Cidadania do DF\/SEJUS-DF e Universidade Federal de Santa Catarina\/UFSC (<a href=\"http:\/\/lattes.cnpq.br\/4261209658401888\">http:\/\/lattes.cnpq.br\/4261209658401888<\/a>)<\/li>\n\n\n\n<li>Nat\u00e1lia de Souza Duarte \u2013&nbsp;Universidade de Bras\u00edlia\/UnB (<a href=\"http:\/\/lattes.cnpq.br\/0909306416663528\">http:\/\/lattes.cnpq.br\/0909306416663528<\/a>)<\/li>\n\n\n\n<li>Ricardo Peres da Costa \u2013 Pesquisador em Socioeduca\u00e7\u00e3o (<a href=\"http:\/\/lattes.cnpq.br\/8287726003013269\">http:\/\/lattes.cnpq.br\/8287726003013269<\/a>)<\/li>\n\n\n\n<li>Silmara Carneiro e Silva \u2013 Universidade Estadual de Ponta Grossa\/UEPG (<a href=\"http:\/\/lattes.cnpq.br\/1961321488020540\">http:\/\/lattes.cnpq.br\/1961321488020540<\/a>)<\/li>\n\n\n\n<li>Tatiana Yokoy de Souza \u2013 Universidade de Bras\u00edlia\/UnB (<a href=\"http:\/\/lattes.cnpq.br\/4245607247548310\">http:\/\/lattes.cnpq.br\/4245607247548310<\/a>)<\/li>\n\n\n\n<li>Urania Flores da Cruz Freitas &#8211; Universidade de Bras\u00edlia\/UnB (<a href=\"http:\/\/lattes.cnpq.br\/9460411585276642\">http:\/\/lattes.cnpq.br\/9460411585276642<\/a>)<\/li>\n<\/ol>\n\n\n\n<p class=\"has-text-align-center has-normal-font-size\">| <strong>IV Simp\u00f3sio Nacional em Socioeduca\u00e7\u00e3o<\/strong> | <a href=\"https:\/\/socioeducacao.unb.br\/index.php\/inicio-2024\/\">In\u00edcio<\/a> | <a href=\"https:\/\/socioeducacao.unb.br\/index.php\/datas-2024\/\">Datas<\/a> | <a href=\"https:\/\/socioeducacao.unb.br\/index.php\/programacao-2024\/\">Programa\u00e7\u00e3o<\/a> | <a href=\"https:\/\/socioeducacao.unb.br\/index.php\/inscricoes-2024\/\">Inscri\u00e7\u00f5es<\/a> | <a href=\"https:\/\/socioeducacao.unb.br\/index.php\/local-2024\/\">Local<\/a> | Comiss\u00f5es | <a href=\"https:\/\/socioeducacao.unb.br\/index.php\/inicial\/pre-simposio-2023\/\">Pr\u00e9-Simp\u00f3sio<\/a> |<\/p>\n\n\n\n<p><\/p>\n\n\n<div class=\"wp-block-image\">\n<figure class=\"aligncenter size-large\"><img loading=\"lazy\" decoding=\"async\" width=\"1024\" height=\"164\" src=\"https:\/\/socioeducacao.unb.br\/wp-content\/uploads\/2023\/11\/Rodape\u0301_2-linhas-1024x164.jpg\" alt=\"\" class=\"wp-image-1892\" srcset=\"https:\/\/socioeducacao.unb.br\/wp-content\/uploads\/2023\/11\/Rodape\u0301_2-linhas-1024x164.jpg 1024w, https:\/\/socioeducacao.unb.br\/wp-content\/uploads\/2023\/11\/Rodape\u0301_2-linhas-300x48.jpg 300w, https:\/\/socioeducacao.unb.br\/wp-content\/uploads\/2023\/11\/Rodape\u0301_2-linhas-768x123.jpg 768w, https:\/\/socioeducacao.unb.br\/wp-content\/uploads\/2023\/11\/Rodape\u0301_2-linhas-1536x246.jpg 1536w, https:\/\/socioeducacao.unb.br\/wp-content\/uploads\/2023\/11\/Rodape\u0301_2-linhas-2048x328.jpg 2048w, https:\/\/socioeducacao.unb.br\/wp-content\/uploads\/2023\/11\/Rodape\u0301_2-linhas-583x93.jpg 583w\" sizes=\"auto, (max-width: 1024px) 100vw, 1024px\" \/><\/figure><\/div>","protected":false},"excerpt":{"rendered":"<p>| IV Simp\u00f3sio Nacional em Socioeduca\u00e7\u00e3o | In\u00edcio | Datas | Programa\u00e7\u00e3o | Inscri\u00e7\u00f5es | Local | Comiss\u00f5es | Pr\u00e9-Simp\u00f3sio | Antirracismo, Direitos Humanos e &hellip;<\/p>\n","protected":false},"author":1,"featured_media":0,"parent":0,"menu_order":0,"comment_status":"closed","ping_status":"closed","template":"","meta":{"kt_blocks_editor_width":"","footnotes":""},"class_list":["post-1633","page","type-page","status-publish","hentry"],"_links":{"self":[{"href":"https:\/\/socioeducacao.unb.br\/index.php\/wp-json\/wp\/v2\/pages\/1633","targetHints":{"allow":["GET"]}}],"collection":[{"href":"https:\/\/socioeducacao.unb.br\/index.php\/wp-json\/wp\/v2\/pages"}],"about":[{"href":"https:\/\/socioeducacao.unb.br\/index.php\/wp-json\/wp\/v2\/types\/page"}],"author":[{"embeddable":true,"href":"https:\/\/socioeducacao.unb.br\/index.php\/wp-json\/wp\/v2\/users\/1"}],"replies":[{"embeddable":true,"href":"https:\/\/socioeducacao.unb.br\/index.php\/wp-json\/wp\/v2\/comments?post=1633"}],"version-history":[{"count":16,"href":"https:\/\/socioeducacao.unb.br\/index.php\/wp-json\/wp\/v2\/pages\/1633\/revisions"}],"predecessor-version":[{"id":1894,"href":"https:\/\/socioeducacao.unb.br\/index.php\/wp-json\/wp\/v2\/pages\/1633\/revisions\/1894"}],"wp:attachment":[{"href":"https:\/\/socioeducacao.unb.br\/index.php\/wp-json\/wp\/v2\/media?parent=1633"}],"curies":[{"name":"wp","href":"https:\/\/api.w.org\/{rel}","templated":true}]}}