{"id":1739,"date":"2023-10-02T11:52:38","date_gmt":"2023-10-02T14:52:38","guid":{"rendered":"https:\/\/socioeducacao.unb.br\/?page_id=1739"},"modified":"2023-12-26T14:38:16","modified_gmt":"2023-12-26T17:38:16","slug":"local-2024","status":"publish","type":"page","link":"https:\/\/socioeducacao.unb.br\/index.php\/local-2024\/","title":{"rendered":"Local 2024"},"content":{"rendered":"\n<p class=\"has-text-align-center has-normal-font-size\">|  <strong>IV Simp\u00f3sio Nacional em Socioeduca\u00e7\u00e3o<\/strong>  |  <a href=\"https:\/\/socioeducacao.unb.br\/index.php\/inicio-2024\/\">In\u00edcio<\/a> |  <a href=\"https:\/\/socioeducacao.unb.br\/index.php\/datas-2024\/\">Datas<\/a>  |  <a href=\"https:\/\/socioeducacao.unb.br\/index.php\/programacao-2024\/\">Programa\u00e7\u00e3o<\/a>  |  <a href=\"https:\/\/socioeducacao.unb.br\/index.php\/inscricoes-2024\/\">Inscri\u00e7\u00f5es<\/a>  |  Local |  <a href=\"https:\/\/socioeducacao.unb.br\/index.php\/comissoes-2024\/\">Comiss\u00f5es<\/a>  | <a href=\"https:\/\/socioeducacao.unb.br\/index.php\/pre-simposio-2023\/\">Pr\u00e9-Simp\u00f3sio<\/a> |<\/p>\n\n\n\n<figure class=\"wp-block-image size-large\"><img loading=\"lazy\" decoding=\"async\" width=\"1024\" height=\"164\" src=\"https:\/\/socioeducacao.unb.br\/wp-content\/uploads\/2023\/07\/Logo_simposio_2023-2-1024x164.png\" alt=\"\" class=\"wp-image-1607\" srcset=\"https:\/\/socioeducacao.unb.br\/wp-content\/uploads\/2023\/07\/Logo_simposio_2023-2-1024x164.png 1024w, https:\/\/socioeducacao.unb.br\/wp-content\/uploads\/2023\/07\/Logo_simposio_2023-2-300x48.png 300w, https:\/\/socioeducacao.unb.br\/wp-content\/uploads\/2023\/07\/Logo_simposio_2023-2-768x123.png 768w, https:\/\/socioeducacao.unb.br\/wp-content\/uploads\/2023\/07\/Logo_simposio_2023-2-1536x246.png 1536w, https:\/\/socioeducacao.unb.br\/wp-content\/uploads\/2023\/07\/Logo_simposio_2023-2-583x94.png 583w, https:\/\/socioeducacao.unb.br\/wp-content\/uploads\/2023\/07\/Logo_simposio_2023-2.png 1802w\" sizes=\"auto, (max-width: 1024px) 100vw, 1024px\" \/><\/figure>\n\n\n\n<p class=\"has-text-align-right has-larger-font-size\"><strong><em><sub>Antirracismo, Direitos Humanos e Cen\u00e1rios de resist\u00eancia<\/sub><\/em><\/strong><\/p>\n\n\n\n<p>O IV Simp\u00f3sio Nacional em Socioeduca\u00e7\u00e3o ser\u00e1 realizado na Universidade de Bras\u00edlia, no campus Darcy Ribeiro (<a href=\"https:\/\/unb.br\/\" target=\"_blank\" rel=\"noreferrer noopener\">https:\/\/unb.br\/<\/a>).&nbsp;<\/p>\n\n\n\n<p>Se quiser conhecer mais sobre a Universidade de Bras\u00edlia acesse o site <a rel=\"noreferrer noopener\" href=\"https:\/\/unb.br\/\" target=\"_blank\">https:\/\/unb.br\/<\/a> da institui\u00e7\u00e3o. Al\u00e9m disso, consulte o <a href=\"https:\/\/boasvindas.unb.br\/images\/Noticias\/2022\/Mapas_da_UnB-Boas_vindas_2-2022.pdf\" data-type=\"URL\" data-id=\"https:\/\/boasvindas.unb.br\/images\/Noticias\/2022\/Mapas_da_UnB-Boas_vindas_2-2022.pdf\" target=\"_blank\" rel=\"noreferrer noopener\">mapa<\/a> para melhor se localizar no campus.<\/p>\n\n\n\n<p><\/p>\n\n\n\n<p><strong>Endere\u00e7o: <\/strong><\/p>\n\n\n\n<p>      Universidade de Bras\u00edlia, <em>Campus<\/em>&nbsp;Universit\u00e1rio Darcy Ribeiro,&nbsp;Asa Norte, Bras\u00edlia-DF, CEP 70.910-900.<\/p>\n\n\n\n<iframe src=\"https:\/\/www.google.com\/maps\/embed?pb=!1m14!1m8!1m3!1d15359.090943720326!2d-47.8706311!3d-15.7631573!3m2!1i1024!2i768!4f13.1!3m3!1m2!1s0x935a398265a2d027%3A0x9431d651ab4c1104!2sUniversidade%20de%20Bras%C3%ADlia!5e0!3m2!1spt-BR!2sbr!4v1696346866698!5m2!1spt-BR!2sbr\" width=\"600\" height=\"450\" style=\"border:0;\" allowfullscreen=\"\" loading=\"lazy\" referrerpolicy=\"no-referrer-when-downgrade\"><\/iframe>\n\n\n\n<p><\/p>\n\n\n\n<p>Acesse algumas dicas e informa\u00e7\u00f5es sobre <a href=\"https:\/\/drive.google.com\/file\/d\/1Qg2COuUZJ_V6YfPdcfiBGnm4nR4-FjLP\/view?usp=drive_link\">Hospedagem<\/a> em Bras\u00edlia e <a href=\"https:\/\/drive.google.com\/file\/d\/1IO1H1_97IcrW1vZt5ceHNOCz_K-irX4H\/view?usp=sharing\">Alimenta\u00e7\u00e3o<\/a>. <\/p>\n\n\n\n<p class=\"has-text-align-center has-normal-font-size\">| <strong>IV Simp\u00f3sio Nacional em Socioeduca\u00e7\u00e3o<\/strong> | <a href=\"https:\/\/socioeducacao.unb.br\/index.php\/inicio-2024\/\">In\u00edcio<\/a> | <a href=\"https:\/\/socioeducacao.unb.br\/index.php\/datas-2024\/\">Datas<\/a> | <a href=\"https:\/\/socioeducacao.unb.br\/index.php\/programacao-2024\/\">Programa\u00e7\u00e3o<\/a> | <a href=\"https:\/\/socioeducacao.unb.br\/index.php\/inscricoes-2024\/\">Inscri\u00e7\u00f5es<\/a> | Local | <a href=\"https:\/\/socioeducacao.unb.br\/index.php\/comissoes-2024\/\">Comiss\u00f5es<\/a> | <a href=\"https:\/\/socioeducacao.unb.br\/index.php\/pre-simposio-2023\/\">Pr\u00e9-Simp\u00f3sio<\/a> |<\/p>\n\n\n\n<div class=\"wp-block-kadence-spacer aligncenter kt-block-spacer-_42a9ac-6c\"><div class=\"kt-block-spacer kt-block-spacer-halign-center\" style=\"height:60px\"><hr class=\"kt-divider\" style=\"border-top-color:#eee;border-top-width:1px;width:80%;border-top-style:solid\"\/><\/div><\/div>\n\n\n<div class=\"wp-block-image\">\n<figure class=\"aligncenter size-large\"><img loading=\"lazy\" decoding=\"async\" width=\"1024\" height=\"164\" src=\"https:\/\/socioeducacao.unb.br\/wp-content\/uploads\/2023\/11\/Rodape\u0301_2-linhas-1024x164.jpg\" alt=\"\" class=\"wp-image-1892\" srcset=\"https:\/\/socioeducacao.unb.br\/wp-content\/uploads\/2023\/11\/Rodape\u0301_2-linhas-1024x164.jpg 1024w, https:\/\/socioeducacao.unb.br\/wp-content\/uploads\/2023\/11\/Rodape\u0301_2-linhas-300x48.jpg 300w, https:\/\/socioeducacao.unb.br\/wp-content\/uploads\/2023\/11\/Rodape\u0301_2-linhas-768x123.jpg 768w, https:\/\/socioeducacao.unb.br\/wp-content\/uploads\/2023\/11\/Rodape\u0301_2-linhas-1536x246.jpg 1536w, https:\/\/socioeducacao.unb.br\/wp-content\/uploads\/2023\/11\/Rodape\u0301_2-linhas-2048x328.jpg 2048w, https:\/\/socioeducacao.unb.br\/wp-content\/uploads\/2023\/11\/Rodape\u0301_2-linhas-583x93.jpg 583w\" sizes=\"auto, (max-width: 1024px) 100vw, 1024px\" \/><\/figure><\/div>","protected":false},"excerpt":{"rendered":"<p>| IV Simp\u00f3sio Nacional em Socioeduca\u00e7\u00e3o | In\u00edcio | Datas | Programa\u00e7\u00e3o | Inscri\u00e7\u00f5es | Local | Comiss\u00f5es | Pr\u00e9-Simp\u00f3sio | Antirracismo, Direitos Humanos e &hellip;<\/p>\n","protected":false},"author":1,"featured_media":0,"parent":0,"menu_order":0,"comment_status":"closed","ping_status":"closed","template":"","meta":{"kt_blocks_editor_width":"","footnotes":""},"class_list":["post-1739","page","type-page","status-publish","hentry"],"_links":{"self":[{"href":"https:\/\/socioeducacao.unb.br\/index.php\/wp-json\/wp\/v2\/pages\/1739","targetHints":{"allow":["GET"]}}],"collection":[{"href":"https:\/\/socioeducacao.unb.br\/index.php\/wp-json\/wp\/v2\/pages"}],"about":[{"href":"https:\/\/socioeducacao.unb.br\/index.php\/wp-json\/wp\/v2\/types\/page"}],"author":[{"embeddable":true,"href":"https:\/\/socioeducacao.unb.br\/index.php\/wp-json\/wp\/v2\/users\/1"}],"replies":[{"embeddable":true,"href":"https:\/\/socioeducacao.unb.br\/index.php\/wp-json\/wp\/v2\/comments?post=1739"}],"version-history":[{"count":16,"href":"https:\/\/socioeducacao.unb.br\/index.php\/wp-json\/wp\/v2\/pages\/1739\/revisions"}],"predecessor-version":[{"id":1920,"href":"https:\/\/socioeducacao.unb.br\/index.php\/wp-json\/wp\/v2\/pages\/1739\/revisions\/1920"}],"wp:attachment":[{"href":"https:\/\/socioeducacao.unb.br\/index.php\/wp-json\/wp\/v2\/media?parent=1739"}],"curies":[{"name":"wp","href":"https:\/\/api.w.org\/{rel}","templated":true}]}}