{"id":2035,"date":"2025-08-13T09:11:43","date_gmt":"2025-08-13T12:11:43","guid":{"rendered":"https:\/\/socioeducacao.unb.br\/?page_id=2035"},"modified":"2025-08-13T11:22:27","modified_gmt":"2025-08-13T14:22:27","slug":"objetivos-2019","status":"publish","type":"page","link":"https:\/\/socioeducacao.unb.br\/index.php\/objetivos-2019\/","title":{"rendered":"Objetivos"},"content":{"rendered":"<div class=\"wp-block-image\">\n<figure class=\"aligncenter is-resized\"><img loading=\"lazy\" decoding=\"async\" src=\"https:\/\/socioeducacao.unb.br\/wp-content\/uploads\/2025\/07\/Logomarca_II_Simpo\u0301sio-removebg-preview.png\" alt=\"\" class=\"wp-image-2026\" width=\"546\" height=\"161\" srcset=\"https:\/\/socioeducacao.unb.br\/wp-content\/uploads\/2025\/07\/Logomarca_II_Simpo\u0301sio-removebg-preview.png 920w, https:\/\/socioeducacao.unb.br\/wp-content\/uploads\/2025\/07\/Logomarca_II_Simpo\u0301sio-removebg-preview-300x88.png 300w, https:\/\/socioeducacao.unb.br\/wp-content\/uploads\/2025\/07\/Logomarca_II_Simpo\u0301sio-removebg-preview-768x226.png 768w, https:\/\/socioeducacao.unb.br\/wp-content\/uploads\/2025\/07\/Logomarca_II_Simpo\u0301sio-removebg-preview-583x172.png 583w\" sizes=\"auto, (max-width: 546px) 100vw, 546px\" \/><\/figure><\/div>\n\n\n<div class=\"wp-block-kadence-spacer aligncenter kt-block-spacer-_ca0f30-d0\"><div class=\"kt-block-spacer kt-block-spacer-halign-center\" style=\"height:60px\"><hr class=\"kt-divider\" style=\"border-top-color:#eee;border-top-width:1px;width:80%;border-top-style:solid\"\/><\/div><\/div>\n\n\n\n<h2 class=\"wp-block-heading has-text-align-center\"><strong>OBJETIVOS<\/strong><\/h2>\n\n\n\n<div class=\"wp-block-kadence-spacer aligncenter kt-block-spacer-_f2478d-47\"><div class=\"kt-block-spacer kt-block-spacer-halign-center\" style=\"height:60px\"><hr class=\"kt-divider\" style=\"border-top-color:#eee;border-top-width:1px;width:80%;border-top-style:solid\"\/><\/div><\/div>\n\n\n\n<p>O II Simp\u00f3sio Nacional em Socioeduca\u00e7\u00e3o teve como objetivo promover um espa\u00e7o de di\u00e1logo, reflex\u00e3o e troca de saberes sobre os desafios contempor\u00e2neos da pr\u00e1tica socioeducativa no Brasil. Buscou-se aprofundar o debate sobre estrat\u00e9gias para o aprimoramento do sistema socioeducativo, com foco na promo\u00e7\u00e3o dos direitos de adolescentes e jovens, reconhecendo a diversidade, o protagonismo juvenil e a multiplicidade de atores sociais envolvidos nesse campo. O evento reuniu contribui\u00e7\u00f5es de diferentes regi\u00f5es do pa\u00eds, integrando profissionais, pesquisadores, operadores do direito, estudantes e adolescentes em cumprimento de medidas, para discutir pr\u00e1ticas, pol\u00edticas e experi\u00eancias que impactam diretamente o cotidiano da socioeduca\u00e7\u00e3o. Por meio das 14 linhas tem\u00e1ticas e dos anais produzidos, o simp\u00f3sio fortaleceu a constru\u00e7\u00e3o coletiva de conhecimentos e pr\u00e1ticas voltadas \u00e0 efetiva\u00e7\u00e3o de uma socioeduca\u00e7\u00e3o mais justa, inclusiva e transformadora.<\/p>\n","protected":false},"excerpt":{"rendered":"<p>OBJETIVOS O II Simp\u00f3sio Nacional em Socioeduca\u00e7\u00e3o teve como objetivo promover um espa\u00e7o de di\u00e1logo, reflex\u00e3o e troca de saberes sobre os desafios contempor\u00e2neos da &hellip;<\/p>\n","protected":false},"author":1,"featured_media":0,"parent":0,"menu_order":0,"comment_status":"closed","ping_status":"closed","template":"","meta":{"kt_blocks_editor_width":"","footnotes":""},"class_list":["post-2035","page","type-page","status-publish","hentry"],"_links":{"self":[{"href":"https:\/\/socioeducacao.unb.br\/index.php\/wp-json\/wp\/v2\/pages\/2035","targetHints":{"allow":["GET"]}}],"collection":[{"href":"https:\/\/socioeducacao.unb.br\/index.php\/wp-json\/wp\/v2\/pages"}],"about":[{"href":"https:\/\/socioeducacao.unb.br\/index.php\/wp-json\/wp\/v2\/types\/page"}],"author":[{"embeddable":true,"href":"https:\/\/socioeducacao.unb.br\/index.php\/wp-json\/wp\/v2\/users\/1"}],"replies":[{"embeddable":true,"href":"https:\/\/socioeducacao.unb.br\/index.php\/wp-json\/wp\/v2\/comments?post=2035"}],"version-history":[{"count":6,"href":"https:\/\/socioeducacao.unb.br\/index.php\/wp-json\/wp\/v2\/pages\/2035\/revisions"}],"predecessor-version":[{"id":2096,"href":"https:\/\/socioeducacao.unb.br\/index.php\/wp-json\/wp\/v2\/pages\/2035\/revisions\/2096"}],"wp:attachment":[{"href":"https:\/\/socioeducacao.unb.br\/index.php\/wp-json\/wp\/v2\/media?parent=2035"}],"curies":[{"name":"wp","href":"https:\/\/api.w.org\/{rel}","templated":true}]}}