{"id":2040,"date":"2025-08-13T09:16:34","date_gmt":"2025-08-13T12:16:34","guid":{"rendered":"https:\/\/socioeducacao.unb.br\/?page_id=2040"},"modified":"2025-08-15T08:05:51","modified_gmt":"2025-08-15T11:05:51","slug":"comissoes-2019","status":"publish","type":"page","link":"https:\/\/socioeducacao.unb.br\/index.php\/comissoes-2019\/","title":{"rendered":"Comiss\u00f5es"},"content":{"rendered":"<div class=\"wp-block-image\">\n<figure class=\"aligncenter is-resized\"><img loading=\"lazy\" decoding=\"async\" src=\"https:\/\/socioeducacao.unb.br\/wp-content\/uploads\/2025\/07\/Logomarca_II_Simpo\u0301sio-removebg-preview.png\" alt=\"\" class=\"wp-image-2026\" width=\"531\" height=\"156\" srcset=\"https:\/\/socioeducacao.unb.br\/wp-content\/uploads\/2025\/07\/Logomarca_II_Simpo\u0301sio-removebg-preview.png 920w, https:\/\/socioeducacao.unb.br\/wp-content\/uploads\/2025\/07\/Logomarca_II_Simpo\u0301sio-removebg-preview-300x88.png 300w, https:\/\/socioeducacao.unb.br\/wp-content\/uploads\/2025\/07\/Logomarca_II_Simpo\u0301sio-removebg-preview-768x226.png 768w, https:\/\/socioeducacao.unb.br\/wp-content\/uploads\/2025\/07\/Logomarca_II_Simpo\u0301sio-removebg-preview-583x172.png 583w\" sizes=\"auto, (max-width: 531px) 100vw, 531px\" \/><\/figure><\/div>\n\n\n<div class=\"wp-block-kadence-spacer aligncenter kt-block-spacer-_738b61-46\"><div class=\"kt-block-spacer kt-block-spacer-halign-center\" style=\"height:60px\"><hr class=\"kt-divider\" style=\"border-top-color:#eee;border-top-width:1px;width:80%;border-top-style:solid\"\/><\/div><\/div>\n\n\n\n<h1 class=\"wp-block-heading has-text-align-center\"><strong>COMISS\u00d5ES<\/strong><\/h1>\n\n\n\n<div class=\"wp-block-kadence-spacer aligncenter kt-block-spacer-_1b6cbf-51\"><div class=\"kt-block-spacer kt-block-spacer-halign-center\" style=\"height:60px\"><hr class=\"kt-divider\" style=\"border-top-color:#eee;border-top-width:1px;width:80%;border-top-style:solid\"\/><\/div><\/div>\n\n\n\n<p><strong>Coordena\u00e7\u00e3o Geral<\/strong><\/p>\n\n\n\n<ul class=\"wp-block-list\">\n<li>Prof\u00aa Dr\u00aa Cynthia Bisinoto (Faculdade UnB Planaltina, Universidade de Bras\u00edlia)<\/li>\n<\/ul>\n\n\n\n<div class=\"wp-block-kadence-spacer aligncenter kt-block-spacer-_f12252-cd\"><div class=\"kt-block-spacer kt-block-spacer-halign-center\" style=\"height:60px\"><hr class=\"kt-divider\" style=\"border-top-color:#eee;border-top-width:1px;width:80%;border-top-style:solid\"\/><\/div><\/div>\n\n\n\n<div class=\"wp-block-columns is-layout-flex wp-container-core-columns-is-layout-9d6595d7 wp-block-columns-is-layout-flex\">\n<div class=\"wp-block-column is-layout-flow wp-block-column-is-layout-flow\">\n<p><strong>Comiss\u00e3o Organizadora<\/strong><\/p>\n\n\n\n<p><strong>Coordenadora<\/strong>: Ana Clara Manh\u00e3es Mendes (Secretaria de Estado de Justi\u00e7a e Cidadania do DF)<\/p>\n\n\n\n<ul class=\"wp-block-list\">\n<li>Aedra Sarah de Andrade (Secretaria de Estado de Justi\u00e7a e Cidadania do DF)<\/li>\n\n\n\n<li>Alinne Carvalho Porto (Secretaria de Estado de Justi\u00e7a e Cidadania do DF)<\/li>\n\n\n\n<li>Ana Paula da Silva \u00c1vila (Secretaria de Estado de Justi\u00e7a e Cidadania do DF)<\/li>\n\n\n\n<li>Andreia dos Reis Elias (Secretaria de Estado de Justi\u00e7a e Cidadania do DF)<\/li>\n\n\n\n<li>Beatriz Le\u00e3o Yamada (Secretaria de Estado de Justi\u00e7a e Cidadania do DF)<\/li>\n\n\n\n<li>Danielle de Souza Pessanha Pimentel (Secretaria de Estado de Justi\u00e7a e Cidadania do DF)<\/li>\n\n\n\n<li>Demonti\u00ea Alves Batista Filho (Secretaria de Estado de Justi\u00e7a e Cidadania do DF)<\/li>\n\n\n\n<li>Elessandra da Silva Cruz (Secretaria de Estado de Justi\u00e7a e Cidadania do DF)<\/li>\n\n\n\n<li>F\u00e1bia Regina Pietschmann (Secretaria de Estado de Justi\u00e7a e Cidadania do DF)<\/li>\n\n\n\n<li>Fabiano Gomes Costa (Secretaria de Estado de Justi\u00e7a e Cidadania do DF)<\/li>\n\n\n\n<li>Gustavo Galli Amorim (Secretaria de Estado de Justi\u00e7a e Cidadania do DF)<\/li>\n\n\n\n<li>Heloisa Luna Dantas de Souza (Secretaria de Estado de Justi\u00e7a e Cidadania do DF)<\/li>\n\n\n\n<li>Juliana Duarte Arraes (Universidade de S\u00e3o Paulo e Secretaria de Estado de Justi\u00e7a e Cidadania do DF)<\/li>\n\n\n\n<li>La\u00eds Martins Guedes (Secretaria de Estado de Justi\u00e7a e Cidadania do DF)<\/li>\n\n\n\n<li>L\u00edgia Carvalho Lib\u00e2neo (Universidade de Bras\u00edlia\/UnB)<\/li>\n\n\n\n<li>Lucilene Ribeiro Reis Barros (Secretaria de Estado de Justi\u00e7a e Cidadania do DF)<\/li>\n\n\n\n<li>M\u00e1rcia Maria Pereira Santos (Secretaria de Estado de Justi\u00e7a e Cidadania do DF)<\/li>\n\n\n\n<li>Monica Daniele Maciel Ferreira (Secretaria de Estado de Justi\u00e7a e Cidadania do DF)<\/li>\n\n\n\n<li>Nat\u00e1lia Pereira Gon\u00e7alves Vilarins (Secretaria de Estado de Justi\u00e7a e Cidadania do DF)<\/li>\n\n\n\n<li>Pedro Murilo Souza Hott (Secretaria de Estado de Justi\u00e7a e Cidadania do DF)<\/li>\n\n\n\n<li>Rafaela Ventura Gomes (Secretaria de Estado de Justi\u00e7a e Cidadania do DF)<\/li>\n\n\n\n<li>Rosana de C\u00e1ssia Alves da Silva (Secretaria de Estado de Justi\u00e7a e Cidadania do DF)<\/li>\n\n\n\n<li>Suhelem Brasil Santos (Secretaria de Estado de Justi\u00e7a e Cidadania do DF)<\/li>\n<\/ul>\n\n\n\n<div class=\"wp-block-kadence-spacer aligncenter kt-block-spacer-_6f11dd-5d\"><div class=\"kt-block-spacer kt-block-spacer-halign-center\" style=\"height:60px\"><hr class=\"kt-divider\" style=\"border-top-color:#eee;border-top-width:1px;width:80%;border-top-style:solid\"\/><\/div><\/div>\n<\/div>\n\n\n\n<div class=\"wp-block-column is-layout-flow wp-block-column-is-layout-flow\">\n<p><strong>Comiss\u00e3o T\u00e9cnico-Cient\u00edfica<\/strong><\/p>\n\n\n\n<p><strong>Coordenadora<\/strong>: Dayane Silva Rodrigues (Secretaria de Estado de Justi\u00e7a e Cidadania do DF)<\/p>\n\n\n\n<ul class=\"wp-block-list\">\n<li>Aedra Sarah de Andrade (Secretaria de Estado de Justi\u00e7a e Cidadania do DF) &#8211; <a href=\"http:\/\/lattes.cnpq.br\/3089968344455154\" data-type=\"URL\" data-id=\"http:\/\/lattes.cnpq.br\/3089968344455154\">http:\/\/lattes.cnpq.br\/3089968344455154<\/a> <\/li>\n\n\n\n<li>C\u00e2ndida de Souza (Universidade Federal do Rio Grande do Norte\/UFRN)<\/li>\n\n\n\n<li>Gleicimar Gon\u00e7alves Cunha (Instituto de Educa\u00e7\u00e3o Superior de Bras\u00edlia\/IESB) &#8211; <a href=\"http:\/\/lattes.cnpq.br\/2053622106706837\" data-type=\"URL\" data-id=\"http:\/\/lattes.cnpq.br\/2053622106706837\">http:\/\/lattes.cnpq.br\/2053622106706837<\/a><\/li>\n\n\n\n<li>Gloria Christina de Souza Cardozo (Faculdade Pit\u00e1goras de Londrina e Secretaria de Estado da Justi\u00e7a, Trabalho e Direitos Humanos do Paran\u00e1) &#8211; <a href=\"http:\/\/lattes.cnpq.br\/2063531269855573\" data-type=\"URL\" data-id=\"http:\/\/lattes.cnpq.br\/2063531269855573\">http:\/\/lattes.cnpq.br\/2063531269855573<\/a><\/li>\n\n\n\n<li>Gustavo Galli Amorim (Secretaria de Estado de Justi\u00e7a e Cidadania do DF) &#8211; <a href=\"http:\/\/lattes.cnpq.br\/5837702245717873\" data-type=\"URL\" data-id=\"http:\/\/lattes.cnpq.br\/5837702245717873\">http:\/\/lattes.cnpq.br\/5837702245717873<\/a><\/li>\n\n\n\n<li>Ilana Lemos de Paiva (Universidade Federal do Rio Grande do Norte\/UFRN) &#8211; <a href=\"http:\/\/lattes.cnpq.br\/1588515627010993\" data-type=\"URL\" data-id=\"http:\/\/lattes.cnpq.br\/1588515627010993\">http:\/\/lattes.cnpq.br\/1588515627010993<\/a><\/li>\n\n\n\n<li>Judith Zuquim (Secretaria Municipal de Direitos Humanos e Cidadania de S\u00e3o Paulo\/SMDHC) &#8211; <a href=\"http:\/\/lattes.cnpq.br\/0061616290282203\" data-type=\"URL\" data-id=\"http:\/\/lattes.cnpq.br\/0061616290282203\">http:\/\/lattes.cnpq.br\/0061616290282203<\/a><\/li>\n\n\n\n<li>Leonardo Rodrigues de Oliveira Ortegal (Universidade de Bras\u00edlia\/UnB) &#8211; <a href=\"http:\/\/lattes.cnpq.br\/1821693182914030\" data-type=\"URL\" data-id=\"http:\/\/lattes.cnpq.br\/1821693182914030\">http:\/\/lattes.cnpq.br\/1821693182914030<\/a><\/li>\n\n\n\n<li>Ligia Rocha Cavalcante Feitosa (Universidade Federal de Santa Catarina\/UFSC) &#8211; <a href=\"http:\/\/lattes.cnpq.br\/1762505237694027\" data-type=\"URL\" data-id=\"http:\/\/lattes.cnpq.br\/1762505237694027\">http:\/\/lattes.cnpq.br\/1762505237694027<\/a><\/li>\n\n\n\n<li>Luiz Roberto Alves (Universidade de S\u00e3o Paulo\/USP) &#8211; <a href=\"http:\/\/lattes.cnpq.br\/4505968273643745\" data-type=\"URL\" data-id=\"http:\/\/lattes.cnpq.br\/4505968273643745\">http:\/\/lattes.cnpq.br\/4505968273643745<\/a><\/li>\n\n\n\n<li>Maria Cl\u00e1udia Santos Lopes de Oliveira (Universidade de Bras\u00edlia\/UnB) &#8211; <a href=\"http:\/\/lattes.cnpq.br\/6281151757179145\" data-type=\"URL\" data-id=\"http:\/\/lattes.cnpq.br\/6281151757179145\">http:\/\/lattes.cnpq.br\/6281151757179145<\/a><\/li>\n\n\n\n<li>Maria Nilvane Fernandes (Universidade Federal do Amazonas\/UFAM) &#8211; <a href=\"http:\/\/lattes.cnpq.br\/3429086275125541\" data-type=\"URL\" data-id=\"http:\/\/lattes.cnpq.br\/3429086275125541\">http:\/\/lattes.cnpq.br\/3429086275125541<\/a><\/li>\n\n\n\n<li>Monica Daniele Maciel Ferreira (Secretaria de Estado de Justi\u00e7a e Cidadania do DF) &#8211; <a href=\"http:\/\/lattes.cnpq.br\/4261209658401888\" data-type=\"URL\" data-id=\"http:\/\/lattes.cnpq.br\/4261209658401888\">http:\/\/lattes.cnpq.br\/4261209658401888<\/a><\/li>\n\n\n\n<li>Nat\u00e1lia de Souza Duarte (Secretaria de Estado de Educa\u00e7\u00e3o do DF) &#8211; <a href=\"http:\/\/lattes.cnpq.br\/0909306416663528\" data-type=\"URL\" data-id=\"http:\/\/lattes.cnpq.br\/0909306416663528\">http:\/\/lattes.cnpq.br\/0909306416663528<\/a><\/li>\n\n\n\n<li>Nat\u00e1lia Pereira Gon\u00e7alves Vilarins (Secretaria de Estado de Justi\u00e7a e Cidadania do DF) &#8211; <a href=\"http:\/\/lattes.cnpq.br\/7756612068645249\" data-type=\"URL\" data-id=\"http:\/\/lattes.cnpq.br\/7756612068645249\">http:\/\/lattes.cnpq.br\/7756612068645249<\/a><\/li>\n\n\n\n<li>Ricardo Peres da Costa (Universidade Estadual de Londrina\/UEL) &#8211; <a href=\"http:\/\/lattes.cnpq.br\/8287726003013269\" data-type=\"URL\" data-id=\"http:\/\/lattes.cnpq.br\/8287726003013269\">http:\/\/lattes.cnpq.br\/8287726003013269<\/a><\/li>\n\n\n\n<li>Tatiana Yokoy de Souza (Universidade de Bras\u00edlia\/UnB) &#8211; <a href=\"http:\/\/lattes.cnpq.br\/4245607247548310\" data-type=\"URL\" data-id=\"http:\/\/lattes.cnpq.br\/4245607247548310\">http:\/\/lattes.cnpq.br\/4245607247548310<\/a><\/li>\n<\/ul>\n\n\n\n<div class=\"wp-block-kadence-spacer aligncenter kt-block-spacer-_f73a6c-85\"><div class=\"kt-block-spacer kt-block-spacer-halign-center\" style=\"height:60px\"><hr class=\"kt-divider\" style=\"border-top-color:#eee;border-top-width:1px;width:80%;border-top-style:solid\"\/><\/div><\/div>\n<\/div>\n<\/div>\n","protected":false},"excerpt":{"rendered":"<p>COMISS\u00d5ES Coordena\u00e7\u00e3o Geral Comiss\u00e3o Organizadora Coordenadora: Ana Clara Manh\u00e3es Mendes (Secretaria de Estado de Justi\u00e7a e Cidadania do DF) Comiss\u00e3o T\u00e9cnico-Cient\u00edfica Coordenadora: Dayane Silva Rodrigues &hellip;<\/p>\n","protected":false},"author":1,"featured_media":0,"parent":0,"menu_order":0,"comment_status":"closed","ping_status":"closed","template":"","meta":{"kt_blocks_editor_width":"","footnotes":""},"class_list":["post-2040","page","type-page","status-publish","hentry"],"_links":{"self":[{"href":"https:\/\/socioeducacao.unb.br\/index.php\/wp-json\/wp\/v2\/pages\/2040","targetHints":{"allow":["GET"]}}],"collection":[{"href":"https:\/\/socioeducacao.unb.br\/index.php\/wp-json\/wp\/v2\/pages"}],"about":[{"href":"https:\/\/socioeducacao.unb.br\/index.php\/wp-json\/wp\/v2\/types\/page"}],"author":[{"embeddable":true,"href":"https:\/\/socioeducacao.unb.br\/index.php\/wp-json\/wp\/v2\/users\/1"}],"replies":[{"embeddable":true,"href":"https:\/\/socioeducacao.unb.br\/index.php\/wp-json\/wp\/v2\/comments?post=2040"}],"version-history":[{"count":14,"href":"https:\/\/socioeducacao.unb.br\/index.php\/wp-json\/wp\/v2\/pages\/2040\/revisions"}],"predecessor-version":[{"id":2155,"href":"https:\/\/socioeducacao.unb.br\/index.php\/wp-json\/wp\/v2\/pages\/2040\/revisions\/2155"}],"wp:attachment":[{"href":"https:\/\/socioeducacao.unb.br\/index.php\/wp-json\/wp\/v2\/media?parent=2040"}],"curies":[{"name":"wp","href":"https:\/\/api.w.org\/{rel}","templated":true}]}}