{"id":2042,"date":"2025-08-13T09:16:35","date_gmt":"2025-08-13T12:16:35","guid":{"rendered":"https:\/\/socioeducacao.unb.br\/?page_id=2042"},"modified":"2025-08-15T10:30:31","modified_gmt":"2025-08-15T13:30:31","slug":"programacao-2019","status":"publish","type":"page","link":"https:\/\/socioeducacao.unb.br\/index.php\/programacao-2019\/","title":{"rendered":"Programa\u00e7\u00e3o 2019"},"content":{"rendered":"\n<div class=\"wp-block-kadence-spacer aligncenter kt-block-spacer-_18157c-80\"><div class=\"kt-block-spacer kt-block-spacer-halign-center\" style=\"height:60px\"><hr class=\"kt-divider\" style=\"border-top-color:#eee;border-top-width:1px;width:80%;border-top-style:solid\"\/><\/div><\/div>\n\n\n<div class=\"wp-block-image\">\n<figure class=\"aligncenter is-resized\"><img loading=\"lazy\" decoding=\"async\" src=\"https:\/\/socioeducacao.unb.br\/wp-content\/uploads\/2025\/07\/Logomarca_II_Simpo\u0301sio-removebg-preview.png\" alt=\"\" class=\"wp-image-2026\" width=\"513\" height=\"151\" srcset=\"https:\/\/socioeducacao.unb.br\/wp-content\/uploads\/2025\/07\/Logomarca_II_Simpo\u0301sio-removebg-preview.png 920w, https:\/\/socioeducacao.unb.br\/wp-content\/uploads\/2025\/07\/Logomarca_II_Simpo\u0301sio-removebg-preview-300x88.png 300w, https:\/\/socioeducacao.unb.br\/wp-content\/uploads\/2025\/07\/Logomarca_II_Simpo\u0301sio-removebg-preview-768x226.png 768w, https:\/\/socioeducacao.unb.br\/wp-content\/uploads\/2025\/07\/Logomarca_II_Simpo\u0301sio-removebg-preview-583x172.png 583w\" sizes=\"auto, (max-width: 513px) 100vw, 513px\" \/><\/figure><\/div>\n\n\n<div class=\"wp-block-kadence-spacer aligncenter kt-block-spacer-_6cd7c5-46\"><div class=\"kt-block-spacer kt-block-spacer-halign-center\" style=\"height:60px\"><hr class=\"kt-divider\" style=\"border-top-color:#eee;border-top-width:1px;width:80%;border-top-style:solid\"\/><\/div><\/div>\n\n\n\n<h1 class=\"wp-block-heading has-text-align-center\"><strong>PROGRAMA\u00c7\u00c3O<\/strong><\/h1>\n\n\n<div class=\"wp-block-image\">\n<figure class=\"aligncenter size-large is-resized\"><img loading=\"lazy\" decoding=\"async\" src=\"https:\/\/socioeducacao.unb.br\/wp-content\/uploads\/2025\/08\/6ab91e00-c927-4b87-b1c4-f3b67f5acd6f-Photoroom-1024x922.png\" alt=\"\" class=\"wp-image-2214\" width=\"1202\" height=\"1082\" srcset=\"https:\/\/socioeducacao.unb.br\/wp-content\/uploads\/2025\/08\/6ab91e00-c927-4b87-b1c4-f3b67f5acd6f-Photoroom-1024x922.png 1024w, https:\/\/socioeducacao.unb.br\/wp-content\/uploads\/2025\/08\/6ab91e00-c927-4b87-b1c4-f3b67f5acd6f-Photoroom-300x270.png 300w, https:\/\/socioeducacao.unb.br\/wp-content\/uploads\/2025\/08\/6ab91e00-c927-4b87-b1c4-f3b67f5acd6f-Photoroom-768x692.png 768w, https:\/\/socioeducacao.unb.br\/wp-content\/uploads\/2025\/08\/6ab91e00-c927-4b87-b1c4-f3b67f5acd6f-Photoroom-333x300.png 333w, https:\/\/socioeducacao.unb.br\/wp-content\/uploads\/2025\/08\/6ab91e00-c927-4b87-b1c4-f3b67f5acd6f-Photoroom.png 1240w\" sizes=\"auto, (max-width: 1202px) 100vw, 1202px\" \/><\/figure><\/div>\n\n\n<p class=\"has-text-align-center\" style=\"font-size:48px\">Programa\u00e7\u00e3o detalhada\u00a0<a href=\"https:\/\/socioeducacao.unb.br\/index.php\/programacao-2019\/\" data-type=\"page\" data-id=\"2042\">aqui<\/a>.<\/p>\n","protected":false},"excerpt":{"rendered":"<p>PROGRAMA\u00c7\u00c3O Programa\u00e7\u00e3o detalhada\u00a0aqui.<\/p>\n","protected":false},"author":1,"featured_media":0,"parent":0,"menu_order":0,"comment_status":"closed","ping_status":"closed","template":"","meta":{"kt_blocks_editor_width":"","footnotes":""},"class_list":["post-2042","page","type-page","status-publish","hentry"],"_links":{"self":[{"href":"https:\/\/socioeducacao.unb.br\/index.php\/wp-json\/wp\/v2\/pages\/2042","targetHints":{"allow":["GET"]}}],"collection":[{"href":"https:\/\/socioeducacao.unb.br\/index.php\/wp-json\/wp\/v2\/pages"}],"about":[{"href":"https:\/\/socioeducacao.unb.br\/index.php\/wp-json\/wp\/v2\/types\/page"}],"author":[{"embeddable":true,"href":"https:\/\/socioeducacao.unb.br\/index.php\/wp-json\/wp\/v2\/users\/1"}],"replies":[{"embeddable":true,"href":"https:\/\/socioeducacao.unb.br\/index.php\/wp-json\/wp\/v2\/comments?post=2042"}],"version-history":[{"count":17,"href":"https:\/\/socioeducacao.unb.br\/index.php\/wp-json\/wp\/v2\/pages\/2042\/revisions"}],"predecessor-version":[{"id":2239,"href":"https:\/\/socioeducacao.unb.br\/index.php\/wp-json\/wp\/v2\/pages\/2042\/revisions\/2239"}],"wp:attachment":[{"href":"https:\/\/socioeducacao.unb.br\/index.php\/wp-json\/wp\/v2\/media?parent=2042"}],"curies":[{"name":"wp","href":"https:\/\/api.w.org\/{rel}","templated":true}]}}