{"id":2114,"date":"2025-08-14T17:28:06","date_gmt":"2025-08-14T20:28:06","guid":{"rendered":"https:\/\/socioeducacao.unb.br\/?page_id=2114"},"modified":"2025-08-15T10:02:01","modified_gmt":"2025-08-15T13:02:01","slug":"comissoes2017","status":"publish","type":"page","link":"https:\/\/socioeducacao.unb.br\/index.php\/comissoes2017\/","title":{"rendered":"Comiss\u00f5es"},"content":{"rendered":"\n<div class=\"wp-block-kadence-spacer aligncenter kt-block-spacer-_84e6b7-f3\"><div class=\"kt-block-spacer kt-block-spacer-halign-center\" style=\"height:60px\"><hr class=\"kt-divider\" style=\"border-top-color:#eee;border-top-width:1px;width:80%;border-top-style:solid\"\/><\/div><\/div>\n\n\n<div class=\"wp-block-image\">\n<figure class=\"aligncenter is-resized\"><img loading=\"lazy\" decoding=\"async\" src=\"https:\/\/socioeducacao.unb.br\/wp-content\/uploads\/2025\/08\/I-Simposio-.png\" alt=\"\" class=\"wp-image-2121\" width=\"572\" height=\"168\" srcset=\"https:\/\/socioeducacao.unb.br\/wp-content\/uploads\/2025\/08\/I-Simposio-.png 2048w, https:\/\/socioeducacao.unb.br\/wp-content\/uploads\/2025\/08\/I-Simposio--300x88.png 300w, https:\/\/socioeducacao.unb.br\/wp-content\/uploads\/2025\/08\/I-Simposio--1024x301.png 1024w, https:\/\/socioeducacao.unb.br\/wp-content\/uploads\/2025\/08\/I-Simposio--768x226.png 768w, https:\/\/socioeducacao.unb.br\/wp-content\/uploads\/2025\/08\/I-Simposio--1536x452.png 1536w, https:\/\/socioeducacao.unb.br\/wp-content\/uploads\/2025\/08\/I-Simposio--583x171.png 583w\" sizes=\"auto, (max-width: 572px) 100vw, 572px\" \/><\/figure><\/div>\n\n\n<p class=\"has-text-align-center\"><strong>COMISS\u00d5ES<\/strong><\/p>\n\n\n\n<p><strong>Coordenadora Geral<\/strong>: Prof\u00aa Dr\u00aa Cynthia Bisinoto (Faculdade UnB Planaltina, Universidade de Bras\u00edlia)<\/p>\n\n\n\n<p><strong>Comiss\u00e3o Organizadora<\/strong><\/p>\n\n\n\n<ul class=\"wp-block-list\">\n<li>Ana Clara Manh\u00e3es Mendes (Secretaria de Pol\u00edticas para Crian\u00e7as, Adolescentes e Juventude do DF) \u2013&nbsp;<strong>Coordenadora da Comiss\u00e3o Organizadora<\/strong><\/li>\n\n\n\n<li>Ana Paula da Silva \u00c1vila (Secretaria de Pol\u00edticas para Crian\u00e7as, Adolescentes e Juventude do DF)<\/li>\n\n\n\n<li>Carolina Yoshii Galli (Secretaria de Pol\u00edticas para Crian\u00e7as, Adolescentes e Juventude do DF)<\/li>\n\n\n\n<li>Daniela Gomes do Nascimento (Secretaria de Estado de Educa\u00e7\u00e3o do DF)<\/li>\n\n\n\n<li>Gustavo Galli Amorim (Secretaria de Pol\u00edticas para Crian\u00e7as, Adolescentes e Juventude do DF)<\/li>\n\n\n\n<li>Juliana Arraes (Secretaria de Pol\u00edticas para Crian\u00e7as, Adolescentes e Juventude do DF e Universidade de S\u00e3o Paulo)<\/li>\n\n\n\n<li>Juliana Caixeta (Universidade de Bras\u00edlia)<\/li>\n\n\n\n<li>L\u00edgia Carvalho Lib\u00e2neo (Universidade de Bras\u00edlia)<\/li>\n\n\n\n<li>L\u00edvia Silva de Souza (Secretaria de Estado de Educa\u00e7\u00e3o do DF)<\/li>\n\n\n\n<li>Luara Presotti Guimar\u00e3es Carvalho (Secretaria de Pol\u00edticas para Crian\u00e7as, Adolescentes e Juventude do DF)<\/li>\n\n\n\n<li>Luciana Maria Damasceno (Secretaria de Pol\u00edticas para Crian\u00e7as, Adolescentes e Juventude do DF)<\/li>\n\n\n\n<li>M\u00e1rcia Maria P. Santos (Secretaria de Pol\u00edticas para Crian\u00e7as, Adolescentes e Juventude do DF)<\/li>\n\n\n\n<li>Patr\u00edcia Braz Finageiv (Secretaria de Pol\u00edticas para Crian\u00e7as, Adolescentes e Juventude do DF)<\/li>\n\n\n\n<li>Pollyana Moreira de Assis (Secretaria de Pol\u00edticas para Crian\u00e7as, Adolescentes e Juventude do DF)<\/li>\n\n\n\n<li>Roberta Albuquerque Ferreira (Secretaria de Pol\u00edticas para Crian\u00e7as, Adolescentes e Juventude do DF)<\/li>\n<\/ul>\n\n\n\n<p><strong>Comiss\u00e3o T\u00e9cnico-Cient\u00edfica<\/strong><\/p>\n\n\n\n<ul class=\"wp-block-list\">\n<li>C\u00e2ndida de Souza (Universidade Federal do Rio Grande do Norte)<\/li>\n\n\n\n<li>Dayane Silva Rodrigues (Secretaria de Pol\u00edticas para Crian\u00e7as, Adolescentes e Juventude do DF) \u2013&nbsp;<strong>Coordenadora da Comiss\u00e3o T\u00e9cnico-Cient\u00edfica<\/strong><\/li>\n\n\n\n<li>Ilana Lemos de Paiva (Universidade Federal do Rio Grande do Norte)<\/li>\n\n\n\n<li>Jo\u00e3o Paulo Pereira Barros (Universidade Federal do Cear\u00e1)<\/li>\n\n\n\n<li>Judith Zuquim (Centro de Estudos Avan\u00e7ados Multidisciplinares \u2013 CEAM\/UnB)<\/li>\n\n\n\n<li>Leonardo Rodrigues de Oliveira Ortegal (Universidade de Bras\u00edlia)<\/li>\n\n\n\n<li>Maria Cl\u00e1udia Santos Lopes de Oliveira (Universidade de Bras\u00edlia)<\/li>\n\n\n\n<li>Nat\u00e1lia de Souza Duarte (Secretaria de Estado de Educa\u00e7\u00e3o do DF)<\/li>\n\n\n\n<li>Tatiana Yokoy de Souza (Universidade de Bras\u00edlia)<\/li>\n\n\n\n<li>Vitor Barros R\u00eago (Conselho Regional de Psicologia 1\u00aa Regi\u00e3o\/DF)<\/li>\n<\/ul>\n","protected":false},"excerpt":{"rendered":"<p>COMISS\u00d5ES Coordenadora Geral: Prof\u00aa Dr\u00aa Cynthia Bisinoto (Faculdade UnB Planaltina, Universidade de Bras\u00edlia) Comiss\u00e3o Organizadora Comiss\u00e3o T\u00e9cnico-Cient\u00edfica<\/p>\n","protected":false},"author":1,"featured_media":0,"parent":0,"menu_order":0,"comment_status":"closed","ping_status":"closed","template":"","meta":{"kt_blocks_editor_width":"","footnotes":""},"class_list":["post-2114","page","type-page","status-publish","hentry"],"_links":{"self":[{"href":"https:\/\/socioeducacao.unb.br\/index.php\/wp-json\/wp\/v2\/pages\/2114","targetHints":{"allow":["GET"]}}],"collection":[{"href":"https:\/\/socioeducacao.unb.br\/index.php\/wp-json\/wp\/v2\/pages"}],"about":[{"href":"https:\/\/socioeducacao.unb.br\/index.php\/wp-json\/wp\/v2\/types\/page"}],"author":[{"embeddable":true,"href":"https:\/\/socioeducacao.unb.br\/index.php\/wp-json\/wp\/v2\/users\/1"}],"replies":[{"embeddable":true,"href":"https:\/\/socioeducacao.unb.br\/index.php\/wp-json\/wp\/v2\/comments?post=2114"}],"version-history":[{"count":12,"href":"https:\/\/socioeducacao.unb.br\/index.php\/wp-json\/wp\/v2\/pages\/2114\/revisions"}],"predecessor-version":[{"id":2201,"href":"https:\/\/socioeducacao.unb.br\/index.php\/wp-json\/wp\/v2\/pages\/2114\/revisions\/2201"}],"wp:attachment":[{"href":"https:\/\/socioeducacao.unb.br\/index.php\/wp-json\/wp\/v2\/media?parent=2114"}],"curies":[{"name":"wp","href":"https:\/\/api.w.org\/{rel}","templated":true}]}}