{"id":2129,"date":"2025-08-14T22:30:27","date_gmt":"2025-08-15T01:30:27","guid":{"rendered":"https:\/\/socioeducacao.unb.br\/?page_id=2129"},"modified":"2025-08-15T10:09:57","modified_gmt":"2025-08-15T13:09:57","slug":"programacao","status":"publish","type":"page","link":"https:\/\/socioeducacao.unb.br\/index.php\/programacao\/","title":{"rendered":"Programa\u00e7\u00e3o"},"content":{"rendered":"<div class=\"wp-block-image\">\n<figure class=\"aligncenter size-large is-resized\"><img loading=\"lazy\" decoding=\"async\" src=\"https:\/\/socioeducacao.unb.br\/wp-content\/uploads\/2025\/08\/I-Simposio-1-1-1024x301.png\" alt=\"\" class=\"wp-image-2123\" width=\"691\" height=\"203\" srcset=\"https:\/\/socioeducacao.unb.br\/wp-content\/uploads\/2025\/08\/I-Simposio-1-1-1024x301.png 1024w, https:\/\/socioeducacao.unb.br\/wp-content\/uploads\/2025\/08\/I-Simposio-1-1-300x88.png 300w, https:\/\/socioeducacao.unb.br\/wp-content\/uploads\/2025\/08\/I-Simposio-1-1-768x226.png 768w, https:\/\/socioeducacao.unb.br\/wp-content\/uploads\/2025\/08\/I-Simposio-1-1-1536x452.png 1536w, https:\/\/socioeducacao.unb.br\/wp-content\/uploads\/2025\/08\/I-Simposio-1-1-583x171.png 583w, https:\/\/socioeducacao.unb.br\/wp-content\/uploads\/2025\/08\/I-Simposio-1-1.png 2048w\" sizes=\"auto, (max-width: 691px) 100vw, 691px\" \/><\/figure><\/div>\n\n\n<p class=\"has-text-align-center\"><strong>PROGRAMA\u00c7\u00c3O<\/strong><\/p>\n\n\n\n<p>O <strong>I Simp\u00f3sio Nacional em Socioeduca\u00e7\u00e3o<\/strong> reuniu trabalhos que abordaram desde o atendimento socioeducativo a adolescentes em cumprimento de medida at\u00e9 o processo de escolariza\u00e7\u00e3o e a pr\u00e1tica pedag\u00f3gica, al\u00e9m de temas transversais como ra\u00e7a, g\u00eanero, sexualidades, forma\u00e7\u00e3o profissional, sa\u00fade mental e pol\u00edticas sobre drogas.<\/p>\n\n\n\n<p>A diversidade de experi\u00eancias, pesquisas e reflex\u00f5es apresentadas ao longo dos tr\u00eas dias expressou a riqueza do campo socioeducativo no Brasil e promoveu a troca de saberes entre profissionais, pesquisadores, gestores e adolescentes envolvidos nesse processo.<\/p>\n\n\n\n<p class=\"has-text-align-center\"><a href=\"http:\/\/eventos.ceag.unb.br\/sns\/wp-content\/uploads\/2017\/11\/Programa%C3%A7%C3%A3o-FINAL.pdf\" data-type=\"URL\" data-id=\"http:\/\/eventos.ceag.unb.br\/sns\/wp-content\/uploads\/2017\/11\/Programa%C3%A7%C3%A3o-FINAL.pdf\" target=\"_blank\" rel=\"noreferrer noopener\">Clique para acessar a programa\u00e7\u00e3o completa.<\/a><\/p>\n","protected":false},"excerpt":{"rendered":"<p>PROGRAMA\u00c7\u00c3O O I Simp\u00f3sio Nacional em Socioeduca\u00e7\u00e3o reuniu trabalhos que abordaram desde o atendimento socioeducativo a adolescentes em cumprimento de medida at\u00e9 o processo de &hellip;<\/p>\n","protected":false},"author":1,"featured_media":0,"parent":0,"menu_order":0,"comment_status":"closed","ping_status":"closed","template":"","meta":{"kt_blocks_editor_width":"","footnotes":""},"class_list":["post-2129","page","type-page","status-publish","hentry"],"_links":{"self":[{"href":"https:\/\/socioeducacao.unb.br\/index.php\/wp-json\/wp\/v2\/pages\/2129","targetHints":{"allow":["GET"]}}],"collection":[{"href":"https:\/\/socioeducacao.unb.br\/index.php\/wp-json\/wp\/v2\/pages"}],"about":[{"href":"https:\/\/socioeducacao.unb.br\/index.php\/wp-json\/wp\/v2\/types\/page"}],"author":[{"embeddable":true,"href":"https:\/\/socioeducacao.unb.br\/index.php\/wp-json\/wp\/v2\/users\/1"}],"replies":[{"embeddable":true,"href":"https:\/\/socioeducacao.unb.br\/index.php\/wp-json\/wp\/v2\/comments?post=2129"}],"version-history":[{"count":4,"href":"https:\/\/socioeducacao.unb.br\/index.php\/wp-json\/wp\/v2\/pages\/2129\/revisions"}],"predecessor-version":[{"id":2212,"href":"https:\/\/socioeducacao.unb.br\/index.php\/wp-json\/wp\/v2\/pages\/2129\/revisions\/2212"}],"wp:attachment":[{"href":"https:\/\/socioeducacao.unb.br\/index.php\/wp-json\/wp\/v2\/media?parent=2129"}],"curies":[{"name":"wp","href":"https:\/\/api.w.org\/{rel}","templated":true}]}}