{"id":2133,"date":"2025-08-14T22:50:45","date_gmt":"2025-08-15T01:50:45","guid":{"rendered":"https:\/\/socioeducacao.unb.br\/?page_id=2133"},"modified":"2025-08-15T10:15:05","modified_gmt":"2025-08-15T13:15:05","slug":"trabalhos","status":"publish","type":"page","link":"https:\/\/socioeducacao.unb.br\/index.php\/trabalhos\/","title":{"rendered":"Trabalhos"},"content":{"rendered":"<div class=\"wp-block-image\">\n<figure class=\"aligncenter size-large is-resized\"><img loading=\"lazy\" decoding=\"async\" src=\"https:\/\/socioeducacao.unb.br\/wp-content\/uploads\/2025\/08\/I-Simposio-1-1-1024x301.png\" alt=\"\" class=\"wp-image-2123\" width=\"528\" height=\"155\" srcset=\"https:\/\/socioeducacao.unb.br\/wp-content\/uploads\/2025\/08\/I-Simposio-1-1-1024x301.png 1024w, https:\/\/socioeducacao.unb.br\/wp-content\/uploads\/2025\/08\/I-Simposio-1-1-300x88.png 300w, https:\/\/socioeducacao.unb.br\/wp-content\/uploads\/2025\/08\/I-Simposio-1-1-768x226.png 768w, https:\/\/socioeducacao.unb.br\/wp-content\/uploads\/2025\/08\/I-Simposio-1-1-1536x452.png 1536w, https:\/\/socioeducacao.unb.br\/wp-content\/uploads\/2025\/08\/I-Simposio-1-1-583x171.png 583w, https:\/\/socioeducacao.unb.br\/wp-content\/uploads\/2025\/08\/I-Simposio-1-1.png 2048w\" sizes=\"auto, (max-width: 528px) 100vw, 528px\" \/><\/figure><\/div>\n\n\n<p class=\"has-text-align-center\"><strong>TRABALHOS<\/strong><\/p>\n\n\n\n<p>O <strong>I Simp\u00f3sio Nacional em Socioeduca\u00e7\u00e3o<\/strong> reuniu trabalhos sobre atendimento socioeducativo, escolariza\u00e7\u00e3o, pr\u00e1tica pedag\u00f3gica e temas transversais como ra\u00e7a, g\u00eanero, sexualidades, forma\u00e7\u00e3o profissional, drogas e sa\u00fade mental.<\/p>\n\n\n\n<p><strong>Linhas Tem\u00e1ticas<\/strong><\/p>\n\n\n\n<p>O&nbsp;<em>Simp\u00f3sio&nbsp;<\/em>foi organizado em torno das seguintes linhas tem\u00e1ticas:<\/p>\n\n\n\n<ul class=\"wp-block-list\">\n<li>Conceitos, sentidos e pr\u00e1ticas em socioeduca\u00e7\u00e3o;<\/li>\n\n\n\n<li>Pr\u00e1ticas e metodologias de atendimento em socioeduca\u00e7\u00e3o;<\/li>\n\n\n\n<li>Atividades coletivas e grupais de interven\u00e7\u00e3o socioeducativa;<\/li>\n\n\n\n<li>Escolariza\u00e7\u00e3o dos adolescentes em medida socioeducativa;<\/li>\n\n\n\n<li>Pr\u00e1ticas docentes na socioeduca\u00e7\u00e3o;<\/li>\n\n\n\n<li>Pr\u00e1ticas e projetos de gest\u00e3o escolar no contexto socioeducativo;<\/li>\n\n\n\n<li>Forma\u00e7\u00e3o continuada dos profissionais da socioeduca\u00e7\u00e3o.<\/li>\n<\/ul>\n\n\n\n<p><strong>Modalidades dos Trabalhos<\/strong><\/p>\n\n\n\n<p>Mesas Redondas \u2013 Reuniram at\u00e9 tr\u00eas apresentadores para discutir um mesmo tema sob diferentes perspectivas. Cada apresenta\u00e7\u00e3o teve at\u00e9 20 minutos, seguida de debate. Priorizou-se relatos de estudos, resultados de pesquisas e reflex\u00f5es te\u00f3ricas.<\/p>\n\n\n\n<p>Rodas de Conversa \u2013 Foram espa\u00e7os coletivos de troca e debate sobre experi\u00eancias e pr\u00e1ticas na socioeduca\u00e7\u00e3o. Coordenadas por um proponente que convidou dois debatedores, com apresenta\u00e7\u00f5es iniciais de at\u00e9 10 minutos e foco na intera\u00e7\u00e3o com o p\u00fablico.<\/p>\n\n\n\n<p>Pain\u00e9is \u2013 Apresentaram trabalhos em formato 0,90m x 1,00m, contendo t\u00edtulo, autores, institui\u00e7\u00e3o, introdu\u00e7\u00e3o, objetivos, metodologia, discuss\u00e3o, conclus\u00f5es e refer\u00eancias. O autor respons\u00e1vel permaneceu junto ao painel durante a sess\u00e3o para dialogar com o p\u00fablico.<\/p>\n\n\n\n<p><\/p>\n\n\n\n<p class=\"has-text-align-center\">\u2022\u2022\u2022 <strong>Anais do I Simp\u00f3sio<\/strong> <strong>&#8211; 2017<\/strong> \u2022\u2022\u2022<\/p>\n\n\n\n<p>Os <strong>Anais<\/strong> registram a variedade de experi\u00eancias, pesquisas e debates que marcaram o evento, refletindo a pluralidade e a riqueza do campo socioeducativo no Brasil.<\/p>\n\n\n\n<p class=\"has-text-align-center\"><a href=\"http:\/\/eventos.ceag.unb.br\/sns\/wp-content\/uploads\/2018\/04\/Anais_Simp%C3%B3sio-Nacional-em-Socioeduca%C3%A7%C3%A3o_2017.pdf\" target=\"_blank\" rel=\"noreferrer noopener\">Clique para acessar os anais.<\/a><\/p>\n","protected":false},"excerpt":{"rendered":"<p>TRABALHOS O I Simp\u00f3sio Nacional em Socioeduca\u00e7\u00e3o reuniu trabalhos sobre atendimento socioeducativo, escolariza\u00e7\u00e3o, pr\u00e1tica pedag\u00f3gica e temas transversais como ra\u00e7a, g\u00eanero, sexualidades, forma\u00e7\u00e3o profissional, drogas &hellip;<\/p>\n","protected":false},"author":1,"featured_media":0,"parent":0,"menu_order":0,"comment_status":"closed","ping_status":"closed","template":"","meta":{"kt_blocks_editor_width":"","footnotes":""},"class_list":["post-2133","page","type-page","status-publish","hentry"],"_links":{"self":[{"href":"https:\/\/socioeducacao.unb.br\/index.php\/wp-json\/wp\/v2\/pages\/2133","targetHints":{"allow":["GET"]}}],"collection":[{"href":"https:\/\/socioeducacao.unb.br\/index.php\/wp-json\/wp\/v2\/pages"}],"about":[{"href":"https:\/\/socioeducacao.unb.br\/index.php\/wp-json\/wp\/v2\/types\/page"}],"author":[{"embeddable":true,"href":"https:\/\/socioeducacao.unb.br\/index.php\/wp-json\/wp\/v2\/users\/1"}],"replies":[{"embeddable":true,"href":"https:\/\/socioeducacao.unb.br\/index.php\/wp-json\/wp\/v2\/comments?post=2133"}],"version-history":[{"count":4,"href":"https:\/\/socioeducacao.unb.br\/index.php\/wp-json\/wp\/v2\/pages\/2133\/revisions"}],"predecessor-version":[{"id":2221,"href":"https:\/\/socioeducacao.unb.br\/index.php\/wp-json\/wp\/v2\/pages\/2133\/revisions\/2221"}],"wp:attachment":[{"href":"https:\/\/socioeducacao.unb.br\/index.php\/wp-json\/wp\/v2\/media?parent=2133"}],"curies":[{"name":"wp","href":"https:\/\/api.w.org\/{rel}","templated":true}]}}