{"id":2137,"date":"2025-08-14T23:02:35","date_gmt":"2025-08-15T02:02:35","guid":{"rendered":"https:\/\/socioeducacao.unb.br\/?page_id=2137"},"modified":"2025-08-15T10:05:19","modified_gmt":"2025-08-15T13:05:19","slug":"datas-importantes","status":"publish","type":"page","link":"https:\/\/socioeducacao.unb.br\/index.php\/datas-importantes\/","title":{"rendered":"Datas Importantes"},"content":{"rendered":"<div class=\"wp-block-image\">\n<figure class=\"aligncenter size-large is-resized\"><img loading=\"lazy\" decoding=\"async\" src=\"https:\/\/socioeducacao.unb.br\/wp-content\/uploads\/2025\/08\/I-Simposio-1-1-1024x301.png\" alt=\"\" class=\"wp-image-2123\" width=\"529\" height=\"155\" srcset=\"https:\/\/socioeducacao.unb.br\/wp-content\/uploads\/2025\/08\/I-Simposio-1-1-1024x301.png 1024w, https:\/\/socioeducacao.unb.br\/wp-content\/uploads\/2025\/08\/I-Simposio-1-1-300x88.png 300w, https:\/\/socioeducacao.unb.br\/wp-content\/uploads\/2025\/08\/I-Simposio-1-1-768x226.png 768w, https:\/\/socioeducacao.unb.br\/wp-content\/uploads\/2025\/08\/I-Simposio-1-1-1536x452.png 1536w, https:\/\/socioeducacao.unb.br\/wp-content\/uploads\/2025\/08\/I-Simposio-1-1-583x171.png 583w, https:\/\/socioeducacao.unb.br\/wp-content\/uploads\/2025\/08\/I-Simposio-1-1.png 2048w\" sizes=\"auto, (max-width: 529px) 100vw, 529px\" \/><\/figure><\/div>\n\n\n<p class=\"has-text-align-center\"><strong>DATAS IMPORTANTES<\/strong><\/p>\n\n\n\n<figure class=\"wp-block-table\"><table><tbody><tr><td><strong>Inscri\u00e7\u00f5es at\u00e9:<\/strong><\/td><td><strong>26\/10\/2017<\/strong><\/td><\/tr><\/tbody><\/table><figcaption class=\"wp-element-caption\"><br><strong>Submiss\u00f5es de Trabalhos<br><\/strong>Prazo para\u00a0submiss\u00e3o de trabalhos &#8211; <strong>13\/10\/2017<\/strong><br>Prazo para a divulga\u00e7\u00e3o do resultado da an\u00e1lise dos trabalhos submetidos &#8211; <strong>23\/10\/2017<\/strong><br>Prazo final para inscri\u00e7\u00e3o de autores de trabalhos aprovados &#8211; <strong>26\/10\/2017<\/strong><\/figcaption><\/figure>\n\n\n\n<p><strong>I Simp\u00f3sio Nacional em Socioeduca\u00e7\u00e3o: 08, 09 e 10 de novembro de 2017<\/strong><\/p>\n","protected":false},"excerpt":{"rendered":"<p>DATAS IMPORTANTES Inscri\u00e7\u00f5es at\u00e9: 26\/10\/2017 Submiss\u00f5es de TrabalhosPrazo para\u00a0submiss\u00e3o de trabalhos &#8211; 13\/10\/2017Prazo para a divulga\u00e7\u00e3o do resultado da an\u00e1lise dos trabalhos submetidos &#8211; 23\/10\/2017Prazo &hellip;<\/p>\n","protected":false},"author":1,"featured_media":0,"parent":0,"menu_order":0,"comment_status":"closed","ping_status":"closed","template":"","meta":{"kt_blocks_editor_width":"","footnotes":""},"class_list":["post-2137","page","type-page","status-publish","hentry"],"_links":{"self":[{"href":"https:\/\/socioeducacao.unb.br\/index.php\/wp-json\/wp\/v2\/pages\/2137","targetHints":{"allow":["GET"]}}],"collection":[{"href":"https:\/\/socioeducacao.unb.br\/index.php\/wp-json\/wp\/v2\/pages"}],"about":[{"href":"https:\/\/socioeducacao.unb.br\/index.php\/wp-json\/wp\/v2\/types\/page"}],"author":[{"embeddable":true,"href":"https:\/\/socioeducacao.unb.br\/index.php\/wp-json\/wp\/v2\/users\/1"}],"replies":[{"embeddable":true,"href":"https:\/\/socioeducacao.unb.br\/index.php\/wp-json\/wp\/v2\/comments?post=2137"}],"version-history":[{"count":2,"href":"https:\/\/socioeducacao.unb.br\/index.php\/wp-json\/wp\/v2\/pages\/2137\/revisions"}],"predecessor-version":[{"id":2204,"href":"https:\/\/socioeducacao.unb.br\/index.php\/wp-json\/wp\/v2\/pages\/2137\/revisions\/2204"}],"wp:attachment":[{"href":"https:\/\/socioeducacao.unb.br\/index.php\/wp-json\/wp\/v2\/media?parent=2137"}],"curies":[{"name":"wp","href":"https:\/\/api.w.org\/{rel}","templated":true}]}}