{"id":2166,"date":"2025-08-15T08:30:31","date_gmt":"2025-08-15T11:30:31","guid":{"rendered":"https:\/\/socioeducacao.unb.br\/?page_id=2166"},"modified":"2026-02-04T14:05:44","modified_gmt":"2026-02-04T17:05:44","slug":"inicio","status":"publish","type":"page","link":"https:\/\/socioeducacao.unb.br\/index.php\/inicio\/","title":{"rendered":"In\u00edcio"},"content":{"rendered":"\n<p class=\"has-text-align-center\">| <strong><a href=\"https:\/\/socioeducacao.unb.br\/index.php\/v-simposio-nacional-em-socioeducacao-2026\/\" target=\"_blank\" rel=\"noreferrer noopener\">V Simp\u00f3sio Nacional em Socioeduca\u00e7\u00e3o<\/a><\/strong> | <a href=\"https:\/\/socioeducacao.unb.br\/index.php\/inicio\/\">In\u00edcio<\/a> | <a href=\"https:\/\/socioeducacao.unb.br\/index.php\/datas\/\">Datas<\/a> | <a href=\"https:\/\/socioeducacao.unb.br\/index.php\/programacao-2\/\">Programa\u00e7\u00e3o<\/a> | <a href=\"https:\/\/socioeducacao.unb.br\/index.php\/v-simposio-nacional-em-socioeducacao-2026\/trabalhos\/\" data-type=\"link\" data-id=\"https:\/\/socioeducacao.unb.br\/index.php\/v-simposio-nacional-em-socioeducacao-2026\/trabalhos\/\">Trabalhos<\/a> | <a href=\"https:\/\/socioeducacao.unb.br\/index.php\/inscricoes\/\" data-type=\"link\" data-id=\"https:\/\/socioeducacao.unb.br\/index.php\/inscricoes\/\">Inscri\u00e7\u00f5es<\/a> | <a href=\"https:\/\/socioeducacao.unb.br\/index.php\/local\/\">Local<\/a> | <a href=\"https:\/\/socioeducacao.unb.br\/index.php\/comissoes\/\" target=\"_blank\" rel=\"noreferrer noopener\">Comiss\u00f5es<\/a>\u00a0|<\/p>\n\n\n\n<figure class=\"wp-block-image size-large is-resized\"><img loading=\"lazy\" decoding=\"async\" width=\"1024\" height=\"318\" src=\"https:\/\/socioeducacao.unb.br\/wp-content\/uploads\/2025\/08\/Logo-V-Simpo\u0301sio-1-1024x318.png\" alt=\"\" class=\"wp-image-2265\" style=\"width:1169px;height:auto\" srcset=\"https:\/\/socioeducacao.unb.br\/wp-content\/uploads\/2025\/08\/Logo-V-Simpo\u0301sio-1-1024x318.png 1024w, https:\/\/socioeducacao.unb.br\/wp-content\/uploads\/2025\/08\/Logo-V-Simpo\u0301sio-1-300x93.png 300w, https:\/\/socioeducacao.unb.br\/wp-content\/uploads\/2025\/08\/Logo-V-Simpo\u0301sio-1-768x238.png 768w, https:\/\/socioeducacao.unb.br\/wp-content\/uploads\/2025\/08\/Logo-V-Simpo\u0301sio-1-583x181.png 583w, https:\/\/socioeducacao.unb.br\/wp-content\/uploads\/2025\/08\/Logo-V-Simpo\u0301sio-1.png 1080w\" sizes=\"auto, (max-width: 1024px) 100vw, 1024px\" \/><\/figure>\n\n\n\n<p class=\"has-text-align-right has-larger-font-size\"><\/p>\n\n\n\n<p>O <strong>Simp\u00f3sio Nacional em Socioeduca\u00e7\u00e3o<\/strong>&nbsp;\u00e9 o evento de compartilhamento e promo\u00e7\u00e3o de saberes voltados para uma Socioeduca\u00e7\u00e3o comprometida com os direitos humanos e que reconhece jovens e adolescentes do sistema socioeducativo como sujeitos de direitos.&nbsp;O objetivo geral do Simp\u00f3sio \u00e9 oportunizar espa\u00e7o cient\u00edfico-profissional de socializa\u00e7\u00e3o e de debate de estudos, resultados de pesquisas e experi\u00eancias profissionais relacionados \u00e0 Socioeduca\u00e7\u00e3o. <\/p>\n\n\n\n<p>A quinta edi\u00e7\u00e3o do Simp\u00f3sio dar\u00e1 continuidade \u00e0s edi\u00e7\u00f5es anteriores como um espa\u00e7o cient\u00edfico e profissional de socializa\u00e7\u00e3o, troca de experi\u00eancias e debates acerca da Socioeduca\u00e7\u00e3o. Contar\u00e1 com a participa\u00e7\u00e3o de pesquisadores, estudantes, profissionais e gestores de diferentes \u00e1reas do conhecimento.<\/p>\n\n\n\n<p><strong>OBJETIVOS<\/strong><\/p>\n\n\n\n<p>Os <strong>objetivos<\/strong> permanecem alinhados aos Simp\u00f3sios anteriores: a) oportunizar a circula\u00e7\u00e3o de sentidos, pr\u00e1ticas e produ\u00e7\u00f5es do campo da Socioeduca\u00e7\u00e3o, articulando a pol\u00edtica \u00e0s pesquisas e produ\u00e7\u00f5es cient\u00edficas nacionais e internacionais; b) fortalecer a interlocu\u00e7\u00e3o e a articula\u00e7\u00e3o em rede de profissionais, gestores e pesquisadores, conforme orienta o SINASE; c) incentivar o di\u00e1logo interdisciplinar; compartilhar experi\u00eancias inovadoras e metodologias de interven\u00e7\u00e3o; e d) contribuir para a qualifica\u00e7\u00e3o das pr\u00e1ticas voltadas ao desenvolvimento dos adolescentes em cumprimento de medidas socioeducativas.<\/p>\n\n\n\n<p><strong>TEMA CENTRAL<\/strong><\/p>\n\n\n\n<p>O&nbsp;tema&nbsp;do&nbsp;<strong>V Simp\u00f3sio Nacional em Socioeduca\u00e7\u00e3o<\/strong>&nbsp;ser\u00e1&nbsp;<em>Intersetorialidade e Trabalho em Rede na Perspectiva da Prote\u00e7\u00e3o Integral<\/em>.&nbsp;A escolha do tema para esta edi\u00e7\u00e3o reflete a urg\u00eancia de fortalecer o di\u00e1logo e a articula\u00e7\u00e3o entre diferentes setores e pol\u00edticas p\u00fablicas na promo\u00e7\u00e3o da prote\u00e7\u00e3o integral de adolescentes e jovens em cumprimento de medidas socioeducativas. O acesso a direitos n\u00e3o se limita ao cumprimento de dispositivos legais, mas exige a\u00e7\u00f5es coordenadas, permanentes e fundamentadas em valores como dignidade, justi\u00e7a social e respeito \u00e0 diversidade. Ao colocar a intersetorialidade e o trabalho em rede no centro do debate, esta edi\u00e7\u00e3o do Simp\u00f3sio reconhece a complexidade das demandas socioeducativas e prop\u00f5e-se a aprofundar a reflex\u00e3o sobre pr\u00e1ticas que integrem diferentes \u00e1reas do conhecimento e fortale\u00e7am um atendimento orientado por uma perspectiva intersetorial, interdisciplinar e participativa.<\/p>\n\n\n\n<p><strong>EIXOS TEM\u00c1TICOS<\/strong><\/p>\n\n\n\n<ol class=\"wp-block-list\">\n<li>Arte, cultura, esporte e lazer<\/li>\n\n\n\n<li>Articula\u00e7\u00e3o intersetorial, trabalho em rede e territorialidade<\/li>\n\n\n\n<li>Aten\u00e7\u00e3o \u00e0 sa\u00fade de adolescentes, jovens e trabalhadores<\/li>\n\n\n\n<li>Acompanhamento a adolescentes e jovens em p\u00f3s-medida (egressos)<\/li>\n\n\n\n<li>Direitos e servi\u00e7os socioassistenciais&nbsp;<\/li>\n\n\n\n<li>\u200b\u200bDireitos humanos, justi\u00e7a juvenil e seguran\u00e7a socioeducativa<\/li>\n\n\n\n<li>Educa\u00e7\u00e3o e o direito \u00e0 escolariza\u00e7\u00e3o&nbsp;<\/li>\n\n\n\n<li>Fam\u00edlias e comunidades na socioeduca\u00e7\u00e3o<\/li>\n\n\n\n<li>Forma\u00e7\u00e3o em socioeduca\u00e7\u00e3o<\/li>\n\n\n\n<li>Gest\u00e3o socioeducativa&nbsp;<\/li>\n\n\n\n<li>Justi\u00e7a Restaurativa e cultura de paz&nbsp;<\/li>\n\n\n\n<li>Metodologias de atendimento socioeducativo<\/li>\n\n\n\n<li>Profissionaliza\u00e7\u00e3o e trabalho<\/li>\n\n\n\n<li>Ra\u00e7a, g\u00eanero, diversidade e interseccionalidades<\/li>\n<\/ol>\n\n\n\n<p><\/p>\n\n\n\n<p class=\"has-text-align-center\">| <strong>V Simp\u00f3sio Nacional em Socioeduca\u00e7\u00e3o<\/strong> | <a href=\"https:\/\/socioeducacao.unb.br\/index.php\/inicio\/\">In\u00edcio<\/a> | <a href=\"https:\/\/socioeducacao.unb.br\/index.php\/datas\/\">Dat<\/a><a href=\"https:\/\/socioeducacao.unb.br\/index.php\/datas\/\" target=\"_blank\" rel=\"noreferrer noopener\">as<\/a> | <a href=\"https:\/\/socioeducacao.unb.br\/index.php\/programacao-2\/\">Programa\u00e7\u00e3o<\/a> | <a href=\"https:\/\/socioeducacao.unb.br\/index.php\/inscricoes\/\" data-type=\"link\" data-id=\"https:\/\/socioeducacao.unb.br\/index.php\/inscricoes\/\" target=\"_blank\" rel=\"noreferrer noopener\">Inscri\u00e7\u00f5es<\/a> | <a href=\"https:\/\/socioeducacao.unb.br\/index.php\/local\/\">Local<\/a> | <a href=\"https:\/\/socioeducacao.unb.br\/index.php\/comissoes\/\" target=\"_blank\" rel=\"noreferrer noopener\">Comiss\u00f5es<\/a>&nbsp;|<\/p>\n\n\n<div class=\"wp-block-image\">\n<figure class=\"aligncenter size-large\"><img loading=\"lazy\" decoding=\"async\" width=\"1024\" height=\"199\" src=\"https:\/\/socioeducacao.unb.br\/wp-content\/uploads\/2025\/09\/Design-sem-nome-3-2-1024x199.png\" alt=\"\" class=\"wp-image-2367\" srcset=\"https:\/\/socioeducacao.unb.br\/wp-content\/uploads\/2025\/09\/Design-sem-nome-3-2-1024x199.png 1024w, https:\/\/socioeducacao.unb.br\/wp-content\/uploads\/2025\/09\/Design-sem-nome-3-2-300x58.png 300w, https:\/\/socioeducacao.unb.br\/wp-content\/uploads\/2025\/09\/Design-sem-nome-3-2-768x150.png 768w, https:\/\/socioeducacao.unb.br\/wp-content\/uploads\/2025\/09\/Design-sem-nome-3-2-583x114.png 583w, https:\/\/socioeducacao.unb.br\/wp-content\/uploads\/2025\/09\/Design-sem-nome-3-2.png 1366w\" sizes=\"auto, (max-width: 1024px) 100vw, 1024px\" \/><\/figure><\/div>\n\n\n<p><\/p>\n","protected":false},"excerpt":{"rendered":"<p>| V Simp\u00f3sio Nacional em Socioeduca\u00e7\u00e3o | In\u00edcio | Datas | Programa\u00e7\u00e3o | Trabalhos | Inscri\u00e7\u00f5es | Local | Comiss\u00f5es\u00a0| O Simp\u00f3sio Nacional em Socioeduca\u00e7\u00e3o&nbsp;\u00e9 &hellip;<\/p>\n","protected":false},"author":1,"featured_media":0,"parent":0,"menu_order":0,"comment_status":"closed","ping_status":"closed","template":"","meta":{"kt_blocks_editor_width":"","footnotes":""},"class_list":["post-2166","page","type-page","status-publish","hentry"],"_links":{"self":[{"href":"https:\/\/socioeducacao.unb.br\/index.php\/wp-json\/wp\/v2\/pages\/2166","targetHints":{"allow":["GET"]}}],"collection":[{"href":"https:\/\/socioeducacao.unb.br\/index.php\/wp-json\/wp\/v2\/pages"}],"about":[{"href":"https:\/\/socioeducacao.unb.br\/index.php\/wp-json\/wp\/v2\/types\/page"}],"author":[{"embeddable":true,"href":"https:\/\/socioeducacao.unb.br\/index.php\/wp-json\/wp\/v2\/users\/1"}],"replies":[{"embeddable":true,"href":"https:\/\/socioeducacao.unb.br\/index.php\/wp-json\/wp\/v2\/comments?post=2166"}],"version-history":[{"count":20,"href":"https:\/\/socioeducacao.unb.br\/index.php\/wp-json\/wp\/v2\/pages\/2166\/revisions"}],"predecessor-version":[{"id":2516,"href":"https:\/\/socioeducacao.unb.br\/index.php\/wp-json\/wp\/v2\/pages\/2166\/revisions\/2516"}],"wp:attachment":[{"href":"https:\/\/socioeducacao.unb.br\/index.php\/wp-json\/wp\/v2\/media?parent=2166"}],"curies":[{"name":"wp","href":"https:\/\/api.w.org\/{rel}","templated":true}]}}