{"id":2167,"date":"2025-08-15T08:30:33","date_gmt":"2025-08-15T11:30:33","guid":{"rendered":"https:\/\/socioeducacao.unb.br\/?page_id=2167"},"modified":"2026-02-04T14:07:55","modified_gmt":"2026-02-04T17:07:55","slug":"datas","status":"publish","type":"page","link":"https:\/\/socioeducacao.unb.br\/index.php\/datas\/","title":{"rendered":"Datas"},"content":{"rendered":"\n<p class=\"has-text-align-center\">| <strong><a href=\"https:\/\/socioeducacao.unb.br\/index.php\/v-simposio-nacional-em-socioeducacao-2026\/\" target=\"_blank\" rel=\"noreferrer noopener\">V Simp\u00f3sio Nacional em Socioeduca\u00e7\u00e3o<\/a><\/strong> | <a href=\"https:\/\/socioeducacao.unb.br\/index.php\/inicio\/\">In\u00edcio<\/a> | <a href=\"https:\/\/socioeducacao.unb.br\/index.php\/datas\/\">Datas<\/a> | <a href=\"https:\/\/socioeducacao.unb.br\/index.php\/programacao-2\/\">Programa\u00e7\u00e3o<\/a> | <a href=\"https:\/\/socioeducacao.unb.br\/index.php\/v-simposio-nacional-em-socioeducacao-2026\/trabalhos\/\" data-type=\"link\" data-id=\"https:\/\/socioeducacao.unb.br\/index.php\/v-simposio-nacional-em-socioeducacao-2026\/trabalhos\/\">Trabalhos<\/a> | <a href=\"https:\/\/socioeducacao.unb.br\/index.php\/inscricoes\/\" data-type=\"link\" data-id=\"https:\/\/socioeducacao.unb.br\/index.php\/inscricoes\/\">Inscri\u00e7\u00f5es<\/a> | <a href=\"https:\/\/socioeducacao.unb.br\/index.php\/local\/\">Local<\/a> | <a href=\"https:\/\/socioeducacao.unb.br\/index.php\/comissoes\/\" target=\"_blank\" rel=\"noreferrer noopener\">Comiss\u00f5es<\/a>\u00a0|<\/p>\n\n\n\n<figure class=\"wp-block-image size-large is-resized\"><img loading=\"lazy\" decoding=\"async\" width=\"908\" height=\"282\" src=\"https:\/\/socioeducacao.unb.br\/wp-content\/uploads\/2025\/09\/Logo-V-Simpo\u0301sio-edited-1.png\" alt=\"\" class=\"wp-image-2328\" style=\"width:1027px;height:auto\" srcset=\"https:\/\/socioeducacao.unb.br\/wp-content\/uploads\/2025\/09\/Logo-V-Simpo\u0301sio-edited-1.png 908w, https:\/\/socioeducacao.unb.br\/wp-content\/uploads\/2025\/09\/Logo-V-Simpo\u0301sio-edited-1-300x93.png 300w, https:\/\/socioeducacao.unb.br\/wp-content\/uploads\/2025\/09\/Logo-V-Simpo\u0301sio-edited-1-768x239.png 768w, https:\/\/socioeducacao.unb.br\/wp-content\/uploads\/2025\/09\/Logo-V-Simpo\u0301sio-edited-1-583x181.png 583w\" sizes=\"auto, (max-width: 908px) 100vw, 908px\" \/><\/figure>\n\n\n\n<p class=\"has-text-align-right has-larger-font-size\"><strong><em><sub>Inter<em><strong>setorialidade e trabalho em rede na perspectiva da Prot<\/strong><\/em>e\u00e7\u00e3o Integral<\/sub><\/em><\/strong><\/p>\n\n\n\n<h2 class=\"wp-block-heading has-text-align-center\"><strong>DATAS<\/strong><\/h2>\n\n\n\n<p class=\"has-text-align-center\">A inscri\u00e7\u00e3o para o V Simp\u00f3sio \u00e9 gratuita. As vagas s\u00e3o limitadas (500 vagas) e ser\u00e3o realizadas por ordem de <a href=\"https:\/\/www.even3.com.br\/v-simposio-nacional-em-socioeducacao-615252\/\" data-type=\"link\" data-id=\"https:\/\/www.even3.com.br\/v-simposio-nacional-em-socioeducacao-615252\/\">inscri\u00e7\u00e3o<\/a>. Em caso de desist\u00eancia da participa\u00e7\u00e3o, por favor comunique previamente \u00e0 Comiss\u00e3o Organizadora do evento. O<strong>&nbsp;V Simp\u00f3sio Nacional em Socioeduca\u00e7\u00e3o<\/strong>&nbsp;acontecer\u00e1 presencialmente, em S\u00e3o Lu\u00eds &#8211; Maranh\u00e3o, nos dias&nbsp;<strong><strong>24, 25, 26 e 27 de fevereiro de 2026<\/strong>.<\/strong>&nbsp;<strong>Fa\u00e7a a submiss\u00e3o do seu trabalho&nbsp;<a href=\"https:\/\/www.even3.com.br\/evento\/login?evento=v-simposio-nacional-em-socioeducacao-615252&amp;ReturnUrl=%2fparticipante%2ftrabalhocientifico%2f&amp;lang=pt\" target=\"_blank\" rel=\"noreferrer noopener\">aqui<\/a>.<\/strong>&nbsp;<\/p>\n\n\n\n<p><br><\/p>\n\n\n\n<div class=\"wp-block-kadence-spacer aligncenter kt-block-spacer-_f485a1-59\"><div class=\"kt-block-spacer kt-block-spacer-halign-center\" style=\"height:60px\"><hr class=\"kt-divider\" style=\"border-top-color:#eee;border-top-width:1px;width:80%;border-top-style:solid\"\/><\/div><\/div>\n\n\n\n<p class=\"has-text-align-center\"><strong>V Simp\u00f3sio Nacional em Socioeduca\u00e7\u00e3o <\/strong>(presencial)<\/p>\n\n\n\n<div class=\"wp-block-columns is-layout-flex wp-container-core-columns-is-layout-9d6595d7 wp-block-columns-is-layout-flex\">\n<div class=\"wp-block-column is-layout-flow wp-block-column-is-layout-flow\" style=\"flex-basis:100%\">\n<div class=\"wp-block-columns is-layout-flex wp-container-core-columns-is-layout-9d6595d7 wp-block-columns-is-layout-flex\">\n<div class=\"wp-block-column is-layout-flow wp-block-column-is-layout-flow\" style=\"flex-basis:100%\">\n<div class=\"wp-block-group\"><div class=\"wp-block-group__inner-container is-layout-constrained wp-block-group-is-layout-constrained\">\n<div class=\"wp-block-group is-vertical is-layout-flex wp-container-core-group-is-layout-8cf370e7 wp-block-group-is-layout-flex\">\n<figure class=\"wp-block-table is-style-stripes\"><table class=\"has-fixed-layout\"><tbody><tr><td class=\"has-text-align-center\" data-align=\"center\"><strong>Inscri\u00e7\u00f5es<\/strong> <mark style=\"background-color:rgba(0, 0, 0, 0);color:#cd2a00\" class=\"has-inline-color\">(vagas limitadas)<\/mark><\/td><td>a partir do dia <strong>24 de novembro 2025<\/strong> (vagas limitadas e por ordem de inscri\u00e7\u00e3o)<\/td><\/tr><\/tbody><\/table><\/figure>\n<\/div>\n<\/div><\/div>\n<\/div>\n<\/div>\n<\/div>\n<\/div>\n\n\n\n<p><\/p>\n\n\n\n<p><strong>SUBMISS\u00c3O DE TRABALHOS<\/strong><\/p>\n\n\n\n<div class=\"wp-block-columns is-layout-flex wp-container-core-columns-is-layout-9d6595d7 wp-block-columns-is-layout-flex\">\n<div class=\"wp-block-column is-layout-flow wp-block-column-is-layout-flow\" style=\"flex-basis:100%\">\n<div class=\"wp-block-columns is-layout-flex wp-container-core-columns-is-layout-9d6595d7 wp-block-columns-is-layout-flex\">\n<div class=\"wp-block-column is-layout-flow wp-block-column-is-layout-flow\" style=\"flex-basis:100%\">\n<div class=\"wp-block-group is-vertical is-layout-flex wp-container-core-group-is-layout-8cf370e7 wp-block-group-is-layout-flex\">\n<figure class=\"wp-block-table is-style-stripes\"><table class=\"has-fixed-layout\"><tbody><tr><td>Prazo para submiss\u00e3o de trabalhos<\/td><td><strong><s>de 01 setembro a 12 de outubro 2025<\/s><\/strong><mark class=\"kt-highlight\"> <strong>Prorrogado at\u00e9 26 de outubro<\/strong><\/mark><\/td><\/tr><tr><td>Devolutiva da avalia\u00e7\u00e3o dos trabalhos<\/td><td><strong><s>at\u00e9 07 de novembro 2025<\/s><\/strong> <strong><mark class=\"kt-highlight\">A<\/mark><mark class=\"kt-highlight\">d<\/mark><mark class=\"kt-highlight\">i<\/mark><mark class=\"kt-highlight\">a<\/mark><mark class=\"kt-highlight\">d<\/mark><mark class=\"kt-highlight\">o<\/mark><mark class=\"kt-highlight\"> at\u00e9 15 de novembro<\/mark><\/strong><\/td><\/tr><tr><td>Divulga\u00e7\u00e3o da programa\u00e7\u00e3o completa&nbsp;<\/td><td><strong><s>at\u00e9 05 de dezembro 2025<\/s> <mark class=\"kt-highlight\">Dispon\u00edvel at\u00e9 30 de dezembro<\/mark><\/strong><\/td><\/tr><tr><td>Evento<\/td><td><strong>de<\/strong> <strong>24 a 27 de fevereiro 2026<\/strong><\/td><\/tr><tr><td>Inscri\u00e7\u00e3o em Oficinas e Minicursos<\/td><td><strong>de<\/strong>&nbsp;<strong>02 a 12<\/strong>&nbsp;<strong>de fevereiro de 2026<\/strong><\/td><\/tr><\/tbody><\/table><\/figure>\n<\/div>\n<\/div>\n<\/div>\n<\/div>\n<\/div>\n\n\n\n<p><strong>NORMAS PARA SUBMISS\u00c3O DE TRABALHOS <\/strong><\/p>\n\n\n\n<p>Confira<a href=\"https:\/\/static.even3.com\/geral\/NORMASSUBMISSO_VSimpsioNacionalemSocioeducao.docx.b77a6742425c4ff1b024.pdf\" data-type=\"link\" data-id=\"https:\/\/static.even3.com\/geral\/NORMASSUBMISSO_VSimpsioNacionalemSocioeducao.docx.b77a6742425c4ff1b024.pdf\"> aqui<\/a> as orienta\u00e7\u00f5es completas para a submiss\u00e3o de trabalhos no <strong>V Simp\u00f3sio Nacional em Socioeduca\u00e7\u00e3o<\/strong>.<br>Atente-se aos prazos, crit\u00e9rios e formatos exigidos para garantir a participa\u00e7\u00e3o de sua proposta na programa\u00e7\u00e3o do evento!<\/p>\n\n\n\n<p><\/p>\n\n\n\n<p><strong>DEVOLUTIVA DA AVALIA\u00c7\u00c3O DOS TRABALHOS<\/strong><\/p>\n\n\n\n<p>Ap\u00f3s avalia\u00e7\u00e3o pela Comiss\u00e3o T\u00e9cnico-Cient\u00edfica, a devolutiva da avalia\u00e7\u00e3o de cada trabalho \u00e9 comunicada ao\/\u00e0 proponente por e-mail. Para visualizar o feedback da avalia\u00e7\u00e3o \u00e9 necess\u00e1rio logar na <a href=\"https:\/\/www.even3.com.br\/v-simposio-nacional-em-socioeducacao-615252\/\" data-type=\"link\" data-id=\"https:\/\/www.even3.com.br\/v-simposio-nacional-em-socioeducacao-615252\/\">plataforma even3<\/a>, clicar na aba Submiss\u00f5es \u00e0 esquerda da p\u00e1gina, localizar o trabalho submetido e clicar em APROVADO ou N\u00c3O APROVADO, conforme o caso.<\/p>\n\n\n\n<p><strong>TEMPLATE PARA APRESENTA\u00c7\u00c3O DOS TRABALHOS<\/strong><\/p>\n\n\n\n<p>Sugest\u00e3o de <strong><em><a href=\"https:\/\/docs.google.com\/presentation\/d\/1PwnTZvBMRGo--N24xrh4KFsxe8AAYqRt\/edit?usp=sharing&amp;ouid=103243867942116940317&amp;rtpof=true&amp;sd=true\" target=\"_blank\" rel=\"noreferrer noopener\">Template<\/a><\/em><\/strong> para apresenta\u00e7\u00e3o em Comunica\u00e7\u00e3o Oral. Acesse, baixe o arquivo (fa\u00e7a download) e edite de acordo com sua apresenta\u00e7\u00e3o.<\/p>\n\n\n\n<p>O uso do template \u00e9 opcional. <\/p>\n\n\n\n<div class=\"wp-block-kadence-spacer aligncenter kt-block-spacer-_eab72c-57\"><div class=\"kt-block-spacer kt-block-spacer-halign-center\" style=\"height:60px\"><hr class=\"kt-divider\" style=\"border-top-color:#eee;border-top-width:1px;width:80%;border-top-style:solid\"\/><\/div><\/div>\n\n\n<div class=\"wp-block-image\">\n<figure class=\"aligncenter size-large\"><img loading=\"lazy\" decoding=\"async\" width=\"1024\" height=\"199\" src=\"https:\/\/socioeducacao.unb.br\/wp-content\/uploads\/2025\/09\/Design-sem-nome-3-2-1024x199.png\" alt=\"\" class=\"wp-image-2367\" srcset=\"https:\/\/socioeducacao.unb.br\/wp-content\/uploads\/2025\/09\/Design-sem-nome-3-2-1024x199.png 1024w, https:\/\/socioeducacao.unb.br\/wp-content\/uploads\/2025\/09\/Design-sem-nome-3-2-300x58.png 300w, https:\/\/socioeducacao.unb.br\/wp-content\/uploads\/2025\/09\/Design-sem-nome-3-2-768x150.png 768w, https:\/\/socioeducacao.unb.br\/wp-content\/uploads\/2025\/09\/Design-sem-nome-3-2-583x114.png 583w, https:\/\/socioeducacao.unb.br\/wp-content\/uploads\/2025\/09\/Design-sem-nome-3-2.png 1366w\" sizes=\"auto, (max-width: 1024px) 100vw, 1024px\" \/><\/figure><\/div>\n\n\n<p><a href=\"https:\/\/static.even3.com\/geral\/NORMASSUBMISSO_VSimpsioNacionalemSocioeducao.docx.b77a6742425c4ff1b024.pdf\" target=\"_blank\" rel=\"noreferrer noopener\"><\/a><\/p>\n\n\n\n<p><a target=\"_blank\" href=\"https:\/\/static.even3.com\/geral\/NORMASSUBMISSO_VSimpsioNacionalemSocioeducao.docx.af9137aef32842f48e33.pdf\" rel=\"noreferrer noopener\"><\/a><\/p>\n\n\n\n<p><a target=\"_blank\" href=\"https:\/\/static.even3.com\/geral\/NORMASSUBMISSO_VSimpsioNacionalemSocioeducao.docx.9a9ef1b50da34a0bbd11.pdf\" rel=\"noreferrer noopener\"><\/a><\/p>\n","protected":false},"excerpt":{"rendered":"<p>| V Simp\u00f3sio Nacional em Socioeduca\u00e7\u00e3o | In\u00edcio | Datas | Programa\u00e7\u00e3o | Trabalhos | Inscri\u00e7\u00f5es | Local | Comiss\u00f5es\u00a0| Intersetorialidade e trabalho em rede &hellip;<\/p>\n","protected":false},"author":1,"featured_media":0,"parent":0,"menu_order":0,"comment_status":"closed","ping_status":"closed","template":"","meta":{"kt_blocks_editor_width":"","footnotes":""},"class_list":["post-2167","page","type-page","status-publish","hentry"],"_links":{"self":[{"href":"https:\/\/socioeducacao.unb.br\/index.php\/wp-json\/wp\/v2\/pages\/2167","targetHints":{"allow":["GET"]}}],"collection":[{"href":"https:\/\/socioeducacao.unb.br\/index.php\/wp-json\/wp\/v2\/pages"}],"about":[{"href":"https:\/\/socioeducacao.unb.br\/index.php\/wp-json\/wp\/v2\/types\/page"}],"author":[{"embeddable":true,"href":"https:\/\/socioeducacao.unb.br\/index.php\/wp-json\/wp\/v2\/users\/1"}],"replies":[{"embeddable":true,"href":"https:\/\/socioeducacao.unb.br\/index.php\/wp-json\/wp\/v2\/comments?post=2167"}],"version-history":[{"count":31,"href":"https:\/\/socioeducacao.unb.br\/index.php\/wp-json\/wp\/v2\/pages\/2167\/revisions"}],"predecessor-version":[{"id":2518,"href":"https:\/\/socioeducacao.unb.br\/index.php\/wp-json\/wp\/v2\/pages\/2167\/revisions\/2518"}],"wp:attachment":[{"href":"https:\/\/socioeducacao.unb.br\/index.php\/wp-json\/wp\/v2\/media?parent=2167"}],"curies":[{"name":"wp","href":"https:\/\/api.w.org\/{rel}","templated":true}]}}