{"id":2171,"date":"2025-08-15T08:30:34","date_gmt":"2025-08-15T11:30:34","guid":{"rendered":"https:\/\/socioeducacao.unb.br\/?page_id=2171"},"modified":"2026-02-04T14:09:59","modified_gmt":"2026-02-04T17:09:59","slug":"local","status":"publish","type":"page","link":"https:\/\/socioeducacao.unb.br\/index.php\/local\/","title":{"rendered":"Local"},"content":{"rendered":"\n<p class=\"has-text-align-center\">| <strong><a href=\"https:\/\/socioeducacao.unb.br\/index.php\/v-simposio-nacional-em-socioeducacao-2026\/\" target=\"_blank\" rel=\"noreferrer noopener\">V Simp\u00f3sio Nacional em Socioeduca\u00e7\u00e3o<\/a><\/strong> | <a href=\"https:\/\/socioeducacao.unb.br\/index.php\/inicio\/\">In\u00edcio<\/a> | <a href=\"https:\/\/socioeducacao.unb.br\/index.php\/datas\/\">Datas<\/a> | <a href=\"https:\/\/socioeducacao.unb.br\/index.php\/programacao-2\/\">Programa\u00e7\u00e3o<\/a> | <a href=\"https:\/\/socioeducacao.unb.br\/index.php\/v-simposio-nacional-em-socioeducacao-2026\/trabalhos\/\" data-type=\"link\" data-id=\"https:\/\/socioeducacao.unb.br\/index.php\/v-simposio-nacional-em-socioeducacao-2026\/trabalhos\/\">Trabalhos<\/a> | <a href=\"https:\/\/socioeducacao.unb.br\/index.php\/inscricoes\/\" data-type=\"link\" data-id=\"https:\/\/socioeducacao.unb.br\/index.php\/inscricoes\/\">Inscri\u00e7\u00f5es<\/a> | <a href=\"https:\/\/socioeducacao.unb.br\/index.php\/local\/\">Local<\/a> | <a href=\"https:\/\/socioeducacao.unb.br\/index.php\/comissoes\/\" target=\"_blank\" rel=\"noreferrer noopener\">Comiss\u00f5es<\/a>\u00a0|<\/p>\n\n\n<div class=\"wp-block-image\">\n<figure class=\"aligncenter size-large is-resized\"><img loading=\"lazy\" decoding=\"async\" width=\"1024\" height=\"318\" src=\"https:\/\/socioeducacao.unb.br\/wp-content\/uploads\/2025\/08\/Logo-V-Simpo\u0301sio-1-1024x318.png\" alt=\"\" class=\"wp-image-2265\" style=\"width:586px;height:auto\" srcset=\"https:\/\/socioeducacao.unb.br\/wp-content\/uploads\/2025\/08\/Logo-V-Simpo\u0301sio-1-1024x318.png 1024w, https:\/\/socioeducacao.unb.br\/wp-content\/uploads\/2025\/08\/Logo-V-Simpo\u0301sio-1-300x93.png 300w, https:\/\/socioeducacao.unb.br\/wp-content\/uploads\/2025\/08\/Logo-V-Simpo\u0301sio-1-768x238.png 768w, https:\/\/socioeducacao.unb.br\/wp-content\/uploads\/2025\/08\/Logo-V-Simpo\u0301sio-1-583x181.png 583w, https:\/\/socioeducacao.unb.br\/wp-content\/uploads\/2025\/08\/Logo-V-Simpo\u0301sio-1.png 1080w\" sizes=\"auto, (max-width: 1024px) 100vw, 1024px\" \/><\/figure><\/div>\n\n\n<h2 class=\"wp-block-heading has-text-align-center has-kb-palette-1-color has-text-color has-link-color has-large-font-size wp-elements-a2c9b315b866fd337389619e8082e8f6\">LOCAL<\/h2>\n\n\n\n<p><strong>&#x1f4cd; <\/strong>Novidade desta edi\u00e7\u00e3o: um novo espa\u00e7o para nos acolher!<\/p>\n\n\n\n<p>Nesta edi\u00e7\u00e3o, nosso encontro acontece em um espa\u00e7o especial e in\u00e9dito: a <strong>Universidade Federal do Maranh\u00e3o (UFMA)<\/strong>, no <strong>Centro Pedag\u00f3gico Paulo Freire<\/strong>, um local pensado para promover di\u00e1logos, aprendizados e trocas significativas.<\/p>\n\n\n\n<p>O evento ser\u00e1 realizado na <strong>Cidade Universit\u00e1ria Dom Delgado<\/strong>, situada na <strong>Avenida dos Portugueses, n\u00ba 1966, bairro Bacanga, CEP 65080-805, em S\u00e3o Lu\u00eds\/MA<\/strong>.<\/p>\n\n\n\n<p>Essa mudan\u00e7a de cen\u00e1rio marca uma diferen\u00e7a em rela\u00e7\u00e3o \u00e0s edi\u00e7\u00f5es anteriores e refor\u00e7a nosso compromisso em ampliar horizontes e fortalecer parcerias acad\u00eamicas e sociais.<\/p>\n\n\n\n<div class=\"wp-block-kadence-spacer aligncenter kt-block-spacer-_cafb42-a9\"><div class=\"kt-block-spacer kt-block-spacer-halign-center\" style=\"height:60px\"><hr class=\"kt-divider\" style=\"border-top-color:#eee;border-top-width:1px;width:80%;border-top-style:solid\"\/><\/div><\/div>\n\n\n\n<p class=\"has-large-font-size\">Indica\u00e7\u00f5es <\/p>\n\n\n\n<p>Indica\u00e7\u00f5es de <strong>hot\u00e9is<\/strong> em S\u00e3o Lu\u00eds &#8211; Maranh\u00e3o dispon\u00edveis <strong><a href=\"https:\/\/drive.google.com\/file\/d\/1c44Y7P54MaHKnDPPV_QIAZgMK7gKgQts\/view?usp=drive_link\" data-type=\"link\" data-id=\"https:\/\/docs.google.com\/document\/d\/1afXV6_50bnDHWhgLSHGiGoKFFGWkAiWN\/edit?usp=sharing&amp;ouid=103243867942116940317&amp;rtpof=true&amp;sd=true\" target=\"_blank\" rel=\"noreferrer noopener\">aqui<\/a><\/strong>.<\/p>\n\n\n\n<p>O <strong>Restaurante Universit\u00e1rio<\/strong> (RU) do campus S\u00e3o Lu\u00eds estar\u00e1 funcionando e o valor das refei\u00e7\u00f5es ser\u00e1 de R$ 14,18 para o almo\u00e7o.<\/p>\n\n\n\n<p>Indica\u00e7\u00f5es de <strong>restaurantes<\/strong> para alimenta\u00e7\u00e3o <strong><a href=\"https:\/\/drive.google.com\/file\/d\/1G8ffD9xJORtdFP6m62UAjHZeCIkiggiL\/view?usp=drive_link\">aqui<\/a>.<\/strong> Sugest\u00f5es pr\u00f3ximas \u00e0 UFMA e, tamb\u00e9m, outros restaurantes em S\u00e3o Lu\u00eds. <\/p>\n\n\n<div class=\"wp-block-image\">\n<figure class=\"aligncenter size-large\"><img loading=\"lazy\" decoding=\"async\" width=\"1024\" height=\"199\" src=\"https:\/\/socioeducacao.unb.br\/wp-content\/uploads\/2025\/09\/Design-sem-nome-3-2-1024x199.png\" alt=\"\" class=\"wp-image-2367\" srcset=\"https:\/\/socioeducacao.unb.br\/wp-content\/uploads\/2025\/09\/Design-sem-nome-3-2-1024x199.png 1024w, https:\/\/socioeducacao.unb.br\/wp-content\/uploads\/2025\/09\/Design-sem-nome-3-2-300x58.png 300w, https:\/\/socioeducacao.unb.br\/wp-content\/uploads\/2025\/09\/Design-sem-nome-3-2-768x150.png 768w, https:\/\/socioeducacao.unb.br\/wp-content\/uploads\/2025\/09\/Design-sem-nome-3-2-583x114.png 583w, https:\/\/socioeducacao.unb.br\/wp-content\/uploads\/2025\/09\/Design-sem-nome-3-2.png 1366w\" sizes=\"auto, (max-width: 1024px) 100vw, 1024px\" \/><\/figure><\/div>","protected":false},"excerpt":{"rendered":"<p>| V Simp\u00f3sio Nacional em Socioeduca\u00e7\u00e3o | In\u00edcio | Datas | Programa\u00e7\u00e3o | Trabalhos | Inscri\u00e7\u00f5es | Local | Comiss\u00f5es\u00a0| LOCAL &#x1f4cd; Novidade desta edi\u00e7\u00e3o: &hellip;<\/p>\n","protected":false},"author":1,"featured_media":0,"parent":0,"menu_order":0,"comment_status":"closed","ping_status":"closed","template":"","meta":{"kt_blocks_editor_width":"","footnotes":""},"class_list":["post-2171","page","type-page","status-publish","hentry"],"_links":{"self":[{"href":"https:\/\/socioeducacao.unb.br\/index.php\/wp-json\/wp\/v2\/pages\/2171","targetHints":{"allow":["GET"]}}],"collection":[{"href":"https:\/\/socioeducacao.unb.br\/index.php\/wp-json\/wp\/v2\/pages"}],"about":[{"href":"https:\/\/socioeducacao.unb.br\/index.php\/wp-json\/wp\/v2\/types\/page"}],"author":[{"embeddable":true,"href":"https:\/\/socioeducacao.unb.br\/index.php\/wp-json\/wp\/v2\/users\/1"}],"replies":[{"embeddable":true,"href":"https:\/\/socioeducacao.unb.br\/index.php\/wp-json\/wp\/v2\/comments?post=2171"}],"version-history":[{"count":21,"href":"https:\/\/socioeducacao.unb.br\/index.php\/wp-json\/wp\/v2\/pages\/2171\/revisions"}],"predecessor-version":[{"id":2521,"href":"https:\/\/socioeducacao.unb.br\/index.php\/wp-json\/wp\/v2\/pages\/2171\/revisions\/2521"}],"wp:attachment":[{"href":"https:\/\/socioeducacao.unb.br\/index.php\/wp-json\/wp\/v2\/media?parent=2171"}],"curies":[{"name":"wp","href":"https:\/\/api.w.org\/{rel}","templated":true}]}}