{"id":2173,"date":"2025-08-15T08:30:36","date_gmt":"2025-08-15T11:30:36","guid":{"rendered":"https:\/\/socioeducacao.unb.br\/?page_id=2173"},"modified":"2025-11-08T17:52:17","modified_gmt":"2025-11-08T20:52:17","slug":"comissoes","status":"publish","type":"page","link":"https:\/\/socioeducacao.unb.br\/index.php\/comissoes\/","title":{"rendered":"Comiss\u00f5es"},"content":{"rendered":"<div class=\"wp-block-image\">\n<figure class=\"aligncenter size-large is-resized\"><img loading=\"lazy\" decoding=\"async\" width=\"1024\" height=\"318\" src=\"https:\/\/socioeducacao.unb.br\/wp-content\/uploads\/2025\/08\/Logo-V-Simpo\u0301sio-1-1024x318.png\" alt=\"\" class=\"wp-image-2265\" style=\"width:612px;height:auto\" srcset=\"https:\/\/socioeducacao.unb.br\/wp-content\/uploads\/2025\/08\/Logo-V-Simpo\u0301sio-1-1024x318.png 1024w, https:\/\/socioeducacao.unb.br\/wp-content\/uploads\/2025\/08\/Logo-V-Simpo\u0301sio-1-300x93.png 300w, https:\/\/socioeducacao.unb.br\/wp-content\/uploads\/2025\/08\/Logo-V-Simpo\u0301sio-1-768x238.png 768w, https:\/\/socioeducacao.unb.br\/wp-content\/uploads\/2025\/08\/Logo-V-Simpo\u0301sio-1-583x181.png 583w, https:\/\/socioeducacao.unb.br\/wp-content\/uploads\/2025\/08\/Logo-V-Simpo\u0301sio-1.png 1080w\" sizes=\"auto, (max-width: 1024px) 100vw, 1024px\" \/><\/figure><\/div>\n\n\n<h2 class=\"wp-block-heading has-text-align-center has-kb-palette-1-color has-text-color has-link-color has-large-font-size wp-elements-78306213c24be5cfff7850bd70ebbdc6\"><strong>COMISS\u00d5ES<\/strong><\/h2>\n\n\n\n<p><strong>COORDENA\u00c7\u00c3O GERAL<\/strong><\/p>\n\n\n\n<ol class=\"wp-block-list\">\n<li>Cynthia Bisinoto \u2013 Faculdade UnB Planaltina, Universidade de Bras\u00edlia (FUP-UnB) <a href=\"http:\/\/lattes.cnpq.br\/0013281179681052\">http:\/\/lattes.cnpq.br\/0013281179681052<\/a>&nbsp;<\/li>\n\n\n\n<li>Maria Jacinta Carneiro Jovino da Silva &#8211; Universidade Federal do Maranh\u00e3o (UFMA) <a href=\"http:\/\/lattes.cnpq.br\/6236305218441580\">http:\/\/lattes.cnpq.br\/6236305218441580<\/a><\/li>\n\n\n\n<li>L\u00facia Diniz &#8211; Funda\u00e7\u00e3o da Crian\u00e7a e do Adolescente do Maranh\u00e3o (Funac &#8211; MA)&nbsp;<\/li>\n\n\n\n<li>Priscilla Swaze &#8211; Funda\u00e7\u00e3o da Crian\u00e7a e do Adolescente (Funac &#8211; MA) \/ Escola de Socioeduca\u00e7\u00e3o do Maranh\u00e3o (Esma) <a href=\"http:\/\/lattes.cnpq.br\/0802603299158393\">http:\/\/lattes.cnpq.br\/0802603299158393<\/a>&nbsp;<\/li>\n\n\n\n<li>Sorimar Sab\u00f3ia &#8211; Funda\u00e7\u00e3o da Crian\u00e7a e do Adolescente do Maranh\u00e3o (Funac &#8211; MA) <a href=\"http:\/\/lattes.cnpq.br\/9653061496932076\">http:\/\/lattes.cnpq.br\/9653061496932076<\/a><br><\/li>\n<\/ol>\n\n\n\n<p><strong>COMISS\u00c3O ORGANIZADORA<\/strong><\/p>\n\n\n\n<ol class=\"wp-block-list\">\n<li>Aedra Sarah de Andrade \u2013 Secretaria de Estado de Justi\u00e7a e Cidadania do DF (SEJUS-DF)<\/li>\n\n\n\n<li>Ana Carolina de Moura Pereira \u2013 Secretaria de Estado de Justi\u00e7a e Cidadania do DF (SEJUS-DF) e Universidade de Bras\u00edlia (UnB)<\/li>\n\n\n\n<li>Ana Clara Manh\u00e3es Mendes \u2013 Secretaria de Estado de Justi\u00e7a e Cidadania do DF (SEJUS-DF)<\/li>\n\n\n\n<li>Carla Furtado Almeida de Sousa &#8211; Funda\u00e7\u00e3o da Crian\u00e7a e do Adolescente (Funac &#8211; MA)<\/li>\n\n\n\n<li>Davi Jos\u00e9 Cunha Torres &#8211; Funda\u00e7\u00e3o da Crian\u00e7a e do Adolescente (Funac &#8211; MA) \/ Escola de Socioeduca\u00e7\u00e3o do Maranh\u00e3o (Esma)&nbsp;<\/li>\n\n\n\n<li>Davi Roma Assun\u00e7\u00e3o Leite &#8211; Funda\u00e7\u00e3o da Crian\u00e7a e do Adolescente (Funac &#8211; MA)<\/li>\n\n\n\n<li>Doralice Silva Mendon\u00e7a &#8211; Funda\u00e7\u00e3o da Crian\u00e7a e do Adolescente (Funac &#8211; MA) \/ Escola de Socioeduca\u00e7\u00e3o do Maranh\u00e3o (Esma)<\/li>\n\n\n\n<li>Elessandra da Silva Cruz \u2013 Secretaria de Estado de Justi\u00e7a e Cidadania do DF (SEJUS-DF)<\/li>\n\n\n\n<li>\u00c9rica Roberta Silva Gomes &#8211; Funda\u00e7\u00e3o da Crian\u00e7a e do Adolescente (Funac &#8211; MA)<\/li>\n\n\n\n<li>Jos\u00e9 Ernane Vieira de Moura J\u00fanior &#8211; Funda\u00e7\u00e3o da Crian\u00e7a e do Adolescente (Funac &#8211; MA)<\/li>\n\n\n\n<li>Juliana Duarte Arraes \u2013 Secretaria de Estado de Justi\u00e7a e Cidadania do DF (SEJUS-DF)<\/li>\n\n\n\n<li>Larissa Mazzotti (COMEC Campinas)<\/li>\n\n\n\n<li>Laysa Lima de Azevedo &#8211; Universidade de Bras\u00edlia (UnB)<\/li>\n\n\n\n<li>Let\u00edcia Rosa Guar\u00e1 &#8211; Funda\u00e7\u00e3o da Crian\u00e7a e do Adolescente (Funac &#8211; MA)<\/li>\n\n\n\n<li>Lohanna Pausini Dias Lopes &#8211; Funda\u00e7\u00e3o da Crian\u00e7a e do Adolescente (Funac &#8211; MA)<\/li>\n\n\n\n<li>Luana Alves de Souza \u2013 Secretaria de Estado de Justi\u00e7a e Cidadania do DF (SEJUS-DF) e Universidade de Bras\u00edlia (UnB)<\/li>\n\n\n\n<li>Lucilene Ribeiro Reis Barros \u2013 Secretaria de Estado de Justi\u00e7a e Cidadania do DF (SEJUS-DF)<\/li>\n\n\n\n<li>Manuela Soares Silveira \u2013 Secretaria de Estado de Justi\u00e7a e Cidadania do DF (SEJUS-DF) e Universidade de Bras\u00edlia (UnB)<\/li>\n\n\n\n<li>M\u00e1rcia Maria Pereira Santos \u2013 Secretaria de Estado de Justi\u00e7a e Cidadania do DF (SEJUS-DF)<\/li>\n\n\n\n<li>Maria Jos\u00e9 Le\u00e3o &#8211; Funda\u00e7\u00e3o da Crian\u00e7a e do Adolescente (Funac &#8211; MA) \/ Escola de Socioeduca\u00e7\u00e3o do Maranh\u00e3o (Esma)&nbsp;<\/li>\n\n\n\n<li>Maria Tereza Silva &#8211; Funda\u00e7\u00e3o da Crian\u00e7a e do Adolescente (Funac &#8211; MA) \/ Escola de Socioeduca\u00e7\u00e3o do Maranh\u00e3o (Esma)<\/li>\n\n\n\n<li>Marluce Vieira Vi\u00e9gas &#8211; Funda\u00e7\u00e3o da Crian\u00e7a e do Adolescente (Funac &#8211; MA)<\/li>\n\n\n\n<li>Michelle Reis Ferreira Amate Gon\u00e7alves &#8211; Funda\u00e7\u00e3o da Crian\u00e7a e do Adolescente (Funac &#8211; MA)<\/li>\n\n\n\n<li>Pollyana dos Inocentes Gon\u00e7alves &#8211; Funda\u00e7\u00e3o da Crian\u00e7a e do Adolescente (Funac &#8211; MA)<\/li>\n\n\n\n<li>Raquel Sampaio &#8211; Funda\u00e7\u00e3o da Crian\u00e7a e do Adolescente (Funac &#8211; MA)<\/li>\n\n\n\n<li>Rita de C\u00e1ssia Ferreira Oliveira &#8211; Funda\u00e7\u00e3o da Crian\u00e7a e do Adolescente (Funac &#8211; MA)<\/li>\n\n\n\n<li>Suhelem Brasil Santos \u2013 Secretaria de Estado de Justi\u00e7a e Cidadania do DF (SEJUS-DF)<\/li>\n\n\n\n<li>Teresa Neumann Almeida Barcellos &#8211; Funda\u00e7\u00e3o da Crian\u00e7a e do Adolescente (Funac &#8211; MA) \/ Escola de Socioeduca\u00e7\u00e3o do Maranh\u00e3o (Esma)&nbsp;<\/li>\n\n\n\n<li>Thiago Alves Soares &#8211; Funda\u00e7\u00e3o da Crian\u00e7a e do Adolescente (Funac &#8211; MA) \/ Escola de Socioeduca\u00e7\u00e3o do Maranh\u00e3o (Esma)&nbsp;<\/li>\n\n\n\n<li>Uinee Carolina de Jesus Lima &#8211; Universidade de Bras\u00edlia (UnB)<\/li>\n\n\n\n<li>Valdenilson Trindade de Sousa &#8211;&nbsp; Funda\u00e7\u00e3o da Crian\u00e7a e do Adolescente (Funac &#8211; MA) \/ Escola de Socioeduca\u00e7\u00e3o do Maranh\u00e3o (Esma)&nbsp;<\/li>\n\n\n\n<li>Welton Jorge Ribeiro &#8211; Funda\u00e7\u00e3o da Crian\u00e7a e do Adolescente (Funac &#8211; MA)&nbsp;<\/li>\n<\/ol>\n\n\n\n<p><strong>COMISS\u00c3O T\u00c9CNICO-CIENT\u00cdFICA<\/strong><\/p>\n\n\n\n<ol class=\"wp-block-list\">\n<li>Adinete Sousa da Costa Mezzalira &#8211; Universidade Federal do Amazonas (UFAM) (<a href=\"http:\/\/lattes.cnpq.br\/6144105755390194\">http:\/\/lattes.cnpq.br\/6144105755390194<\/a>)&nbsp;<\/li>\n\n\n\n<li>Ana Clara Manh\u00e3es Mendes \u2013 Secretaria de Estado de Justi\u00e7a e Cidadania do DF (SEJUS-DF) (<a href=\"http:\/\/lattes.cnpq.br\/7707330714962567\">http:\/\/lattes.cnpq.br\/7707330714962567<\/a>)&nbsp;<\/li>\n\n\n\n<li>Angela Maria Scalabrin Coutinho \u2013 Universidade Federal do Paran\u00e1 (UFPR) (<a href=\"http:\/\/lattes.cnpq.br\/3002391361746980\">http:\/\/lattes.cnpq.br\/3002391361746980<\/a>)<\/li>\n\n\n\n<li>\u200b\u200bAna Paula Serrata Malfitano &#8211; Universidade Federal de S\u00e3o Carlos (UFSCar)<a href=\"http:\/\/lattes.cnpq.br\/1462870858750395\"> http:\/\/lattes.cnpq.br\/1462870858750395<\/a>&nbsp;&nbsp;&nbsp;<\/li>\n\n\n\n<li>Aurora Amelia Brito de Miranda &#8211; Universidade Federal do Maranh\u00e3o (UFMA)<a href=\"http:\/\/lattes.cnpq.br\/0347590873403728\"> (http:\/\/lattes.cnpq.br\/0347590873403728<\/a>)<\/li>\n\n\n\n<li>Carla Cecilia Serr\u00e3o Silva &#8211; Universidade Federal do Maranh\u00e3o (UFMA)<a href=\"http:\/\/lattes.cnpq.br\/7165971512340739\"> http:\/\/lattes.cnpq.br\/7165971512340739<\/a><\/li>\n\n\n\n<li>Carla Regina Silva Soares &#8211; Universidade de S\u00e3o Paulo (USP)<a href=\"http:\/\/lattes.cnpq.br\/8506210427243736\"> http:\/\/lattes.cnpq.br\/8506210427243736<\/a> &nbsp;<\/li>\n\n\n\n<li>Darliane Silva do Amaral &#8211; Universidade Federal de Mato Grosso (UFMT)<a href=\"http:\/\/lattes.cnpq.br\/7350041008290094\"> http:\/\/lattes.cnpq.br\/7350041008290094<\/a>&nbsp;<\/li>\n\n\n\n<li>Dayane Silva Rodrigues &#8211; Secretaria de Estado de Justi\u00e7a e Cidadania do DF (SEJUS-DF) e Universidade de Bras\u00edlia (UnB) (<a href=\"http:\/\/lattes.cnpq.br\/1157007061882457\">http:\/\/lattes.cnpq.br\/1157007061882457<\/a>)&nbsp;<\/li>\n\n\n\n<li>Elenilton Vieira Godoy \u2013 Universidade Federal do Paran\u00e1 (UFPR) (<a href=\"http:\/\/lattes.cnpq.br\/8519404619037270\">http:\/\/lattes.cnpq.br\/8519404619037270<\/a>)&nbsp;<\/li>\n\n\n\n<li>Fernanda Priscilla Pereira Calegare &#8211; Tribunal de Justi\u00e7a do Estado do Amazonas (<a href=\"http:\/\/lattes.cnpq.br\/9677709786406509\">http:\/\/lattes.cnpq.br\/9677709786406509<\/a>)&nbsp;<\/li>\n\n\n\n<li>Gabriel Miranda Brito &#8211; Instituto Federal do Par\u00e1 (IFPA) (<a href=\"http:\/\/lattes.cnpq.br\/9413287356802073\">http:\/\/lattes.cnpq.br\/9413287356802073<\/a>)&nbsp;<\/li>\n\n\n\n<li>Gleicimar Gon\u00e7alves Cunha \u2013 Universidade Federal de Uberl\u00e2ndia (UFU) (<a href=\"http:\/\/lattes.cnpq.br\/2053622106706837\">http:\/\/lattes.cnpq.br\/2053622106706837<\/a>)<\/li>\n\n\n\n<li>Gloria Christina de Souza Cardozo &#8211; Secretaria de Estado da Justi\u00e7a, Trabalho e Direitos Humanos do Paran\u00e1 (SEJU-PR) (<a href=\"http:\/\/lattes.cnpq.br\/2063531269855573\">http:\/\/lattes.cnpq.br\/2063531269855573<\/a>)<\/li>\n\n\n\n<li>Ilana Lemos de Paiva &#8211; Universidade Federal do Rio Grande do Norte (UFRN) (<a href=\"http:\/\/lattes.cnpq.br\/1588515627010993\">http:\/\/lattes.cnpq.br\/1588515627010993<\/a>)&nbsp;<\/li>\n\n\n\n<li>Irandi Pereira &#8211; Associa\u00e7\u00e3o dos Pesquisadores dos N\u00facleos de Estudos e Pesquisas sobre a Crian\u00e7a e o Adolescente (NECA) (<a href=\"http:\/\/lattes.cnpq.br\/3312701286183687\">http:\/\/lattes.cnpq.br\/3312701286183687<\/a>)&nbsp;<\/li>\n\n\n\n<li>Jos\u00e9 Renan Nunes de Oliveira e Silva &#8211; Funda\u00e7\u00e3o da Crian\u00e7a e do Adolescente do Maranh\u00e3o (Funac-MA) (<a href=\"http:\/\/lattes.cnpq.br\/9746141904851195\">http:\/\/lattes.cnpq.br\/9746141904851195<\/a>)<\/li>\n\n\n\n<li>Judith Zuquim &#8211; Universidade de Bras\u00edlia (UnB) (<a href=\"http:\/\/lattes.cnpq.br\/0061616290282203\">http:\/\/lattes.cnpq.br\/0061616290282203<\/a>)&nbsp;<\/li>\n\n\n\n<li>Larissa Mazzotti Santamaria &#8211; Centro de Orienta\u00e7\u00e3o ao Adolescente de Campinas (COMEC) (<a href=\"http:\/\/lattes.cnpq.br\/7602398001228099\">http:\/\/lattes.cnpq.br\/7602398001228099<\/a>)&nbsp;<\/li>\n\n\n\n<li>Leonardo Rodrigues de Oliveira Ortegal &#8211; Universidade de Bras\u00edlia (UnB) (<a href=\"http:\/\/lattes.cnpq.br\/1821693182914030\">http:\/\/lattes.cnpq.br\/1821693182914030<\/a>)<\/li>\n\n\n\n<li>Let\u00edcia Cristina Azevedo de Sousa &#8211; Funda\u00e7\u00e3o da Crian\u00e7a e do Adolescente do Maranh\u00e3o (Funac-MA) (<a href=\"http:\/\/lattes.cnpq.br\/2586325565892099\">http:\/\/lattes.cnpq.br\/2586325565892099<\/a>)<\/li>\n\n\n\n<li>Lilia Penha Viana Silva &#8211; Universidade Federal do Maranh\u00e3o (UFMA) (<a href=\"http:\/\/lattes.cnpq.br\/2592048329919191\">http:\/\/lattes.cnpq.br\/2592048329919191<\/a>)<\/li>\n\n\n\n<li>Marluce Rodrigues Viegas &#8211; Funda\u00e7\u00e3o da Crian\u00e7a e do Adolescente do Maranh\u00e3o (Funac-MA)<\/li>\n\n\n\n<li>Maria Leidinalva Batista Miranda &#8211; Universidade Federal do Maranh\u00e3o (UFMA) (<a href=\"http:\/\/lattes.cnpq.br\/9676363081872905\">http:\/\/lattes.cnpq.br\/9676363081872905<\/a>)<\/li>\n\n\n\n<li>Maria Nilvane Fernandes &#8211; Universidade Federal do Amazonas (UFAM) (<a href=\"http:\/\/lattes.cnpq.br\/3429086275125541\">http:\/\/lattes.cnpq.br\/3429086275125541<\/a>)<\/li>\n\n\n\n<li>Marlene Corr\u00eaa Torreao &#8211; Universidade Federal do Maranh\u00e3o (UFMA) (<a href=\"http:\/\/lattes.cnpq.br\/6716761646172075\">http:\/\/lattes.cnpq.br\/6716761646172075<\/a>)<\/li>\n\n\n\n<li>Marta Carvalho de Almeida &#8211; Universidade de S\u00e3o Paulo (USP) (<a href=\"http:\/\/lattes.cnpq.br\/3389078362144309\">http:\/\/lattes.cnpq.br\/3389078362144309<\/a>)<\/li>\n\n\n\n<li>Monica Daniele Maciel Ferreira &#8211; Secretaria de Estado de Justi\u00e7a e Cidadania do DF (SEJUS-DF) e Universidade Federal de Santa Catarina (UFSC) (<a href=\"http:\/\/lattes.cnpq.br\/4261209658401888\">http:\/\/lattes.cnpq.br\/4261209658401888<\/a>)<\/li>\n\n\n\n<li>Nat\u00e1lia Almeida Bezerra &#8211; Secretaria de Estado de Justi\u00e7a e Cidadania do DF (SEJUS-DF) (<a href=\"http:\/\/lattes.cnpq.br\/4847403251476135\">http:\/\/lattes.cnpq.br\/4847403251476135<\/a>)<\/li>\n\n\n\n<li>Nat\u00e1lia de Souza Duarte &#8211; Universidade de Bras\u00edlia (UnB) (<a href=\"http:\/\/lattes.cnpq.br\/0909306416663528\">http:\/\/lattes.cnpq.br\/0909306416663528<\/a>)<\/li>\n\n\n\n<li>Nat\u00e1lia Pereira Gon\u00e7alves Vilarins &#8211; Secretaria de Estado de Justi\u00e7a e Cidadania do DF (SEJUS-DF) e Universidade de Bras\u00edlia (UnB) (<a href=\"http:\/\/lattes.cnpq.br\/7756612068645249\">http:\/\/lattes.cnpq.br\/7756612068645249<\/a>)<\/li>\n\n\n\n<li>Nikson Daniel Souza da Silva &#8211; Funda\u00e7\u00e3o da Crian\u00e7a e do Adolescente do Maranh\u00e3o (Funac-MA) (<a href=\"http:\/\/lattes.cnpq.br\/8653977025129455\">http:\/\/lattes.cnpq.br\/8653977025129455<\/a>)<\/li>\n\n\n\n<li>Pollyana dos Inocentes Gon\u00e7alves &#8211; Funda\u00e7\u00e3o da Crian\u00e7a e do Adolescente do Maranh\u00e3o (Funac-MA) (<a href=\"http:\/\/lattes.cnpq.br\/1183006849438485\">http:\/\/lattes.cnpq.br\/1183006849438485<\/a>)<\/li>\n\n\n\n<li>Ricardo Peres da Costa &#8211; Universidade Federal do Amazonas (UFAM) (<a href=\"http:\/\/lattes.cnpq.br\/8287726003013269\">http:\/\/lattes.cnpq.br\/8287726003013269<\/a>)<\/li>\n\n\n\n<li>S\u00e2mella Concei\u00e7\u00e3o Vale Pach\u00eaco &#8211; Funda\u00e7\u00e3o da Crian\u00e7a e do Adolescente do Maranh\u00e3o (Funac-MA) (<a href=\"http:\/\/lattes.cnpq.br\/9467588999230997\">http:\/\/lattes.cnpq.br\/9467588999230997<\/a>)<\/li>\n\n\n\n<li>Silmara Carneiro e Silva &#8211; Universidade Estadual de Ponta Grossa (UEPG) (<a href=\"http:\/\/lattes.cnpq.br\/1961321488020540\">http:\/\/lattes.cnpq.br\/1961321488020540<\/a><\/li>\n\n\n\n<li>Tatiana Yokoy de Souza &#8211; Universidade de Bras\u00edlia (UnB) (<a href=\"http:\/\/lattes.cnpq.br\/4245607247548310\">http:\/\/lattes.cnpq.br\/4245607247548310<\/a>)<\/li>\n\n\n\n<li>Urania Flores da Cruz Freitas &#8211; Universidade de Bras\u00edlia (UnB) (<a href=\"http:\/\/lattes.cnpq.br\/9460411585276642\">http:\/\/lattes.cnpq.br\/9460411585276642<\/a>)<\/li>\n\n\n\n<li>Vanderson Viana Rodrigues &#8211; Funda\u00e7\u00e3o da Crian\u00e7a e do Adolescente do Maranh\u00e3o (Funac-MA) (<a href=\"http:\/\/lattes.cnpq.br\/6375499612867249\">http:\/\/lattes.cnpq.br\/6375499612867249<\/a>)<\/li>\n<\/ol>\n\n\n\n<p><\/p>\n","protected":false},"excerpt":{"rendered":"<p>COMISS\u00d5ES COORDENA\u00c7\u00c3O GERAL COMISS\u00c3O ORGANIZADORA COMISS\u00c3O T\u00c9CNICO-CIENT\u00cdFICA<\/p>\n","protected":false},"author":1,"featured_media":0,"parent":0,"menu_order":0,"comment_status":"closed","ping_status":"closed","template":"","meta":{"kt_blocks_editor_width":"","footnotes":""},"class_list":["post-2173","page","type-page","status-publish","hentry"],"_links":{"self":[{"href":"https:\/\/socioeducacao.unb.br\/index.php\/wp-json\/wp\/v2\/pages\/2173","targetHints":{"allow":["GET"]}}],"collection":[{"href":"https:\/\/socioeducacao.unb.br\/index.php\/wp-json\/wp\/v2\/pages"}],"about":[{"href":"https:\/\/socioeducacao.unb.br\/index.php\/wp-json\/wp\/v2\/types\/page"}],"author":[{"embeddable":true,"href":"https:\/\/socioeducacao.unb.br\/index.php\/wp-json\/wp\/v2\/users\/1"}],"replies":[{"embeddable":true,"href":"https:\/\/socioeducacao.unb.br\/index.php\/wp-json\/wp\/v2\/comments?post=2173"}],"version-history":[{"count":11,"href":"https:\/\/socioeducacao.unb.br\/index.php\/wp-json\/wp\/v2\/pages\/2173\/revisions"}],"predecessor-version":[{"id":2452,"href":"https:\/\/socioeducacao.unb.br\/index.php\/wp-json\/wp\/v2\/pages\/2173\/revisions\/2452"}],"wp:attachment":[{"href":"https:\/\/socioeducacao.unb.br\/index.php\/wp-json\/wp\/v2\/media?parent=2173"}],"curies":[{"name":"wp","href":"https:\/\/api.w.org\/{rel}","templated":true}]}}