{"id":2498,"date":"2026-02-04T13:26:48","date_gmt":"2026-02-04T16:26:48","guid":{"rendered":"https:\/\/socioeducacao.unb.br\/?page_id=2498"},"modified":"2026-02-04T14:19:27","modified_gmt":"2026-02-04T17:19:27","slug":"trabalhos","status":"publish","type":"page","link":"https:\/\/socioeducacao.unb.br\/index.php\/v-simposio-nacional-em-socioeducacao-2026\/trabalhos\/","title":{"rendered":"Trabalhos"},"content":{"rendered":"\n<p class=\"has-text-align-center\">| <strong><a href=\"https:\/\/socioeducacao.unb.br\/index.php\/v-simposio-nacional-em-socioeducacao-2026\/\" target=\"_blank\" rel=\"noreferrer noopener\">V Simp\u00f3sio Nacional em Socioeduca\u00e7\u00e3o<\/a><\/strong> | <a href=\"https:\/\/socioeducacao.unb.br\/index.php\/inicio\/\">In\u00edcio<\/a> | <a href=\"https:\/\/socioeducacao.unb.br\/index.php\/datas\/\">Datas<\/a> | <a href=\"https:\/\/socioeducacao.unb.br\/index.php\/programacao-2\/\">Programa\u00e7\u00e3o<\/a> | <a href=\"https:\/\/socioeducacao.unb.br\/index.php\/v-simposio-nacional-em-socioeducacao-2026\/trabalhos\/\" data-type=\"link\" data-id=\"https:\/\/socioeducacao.unb.br\/index.php\/v-simposio-nacional-em-socioeducacao-2026\/trabalhos\/\">Trabalhos<\/a> | <a href=\"https:\/\/socioeducacao.unb.br\/index.php\/inscricoes\/\" data-type=\"link\" data-id=\"https:\/\/socioeducacao.unb.br\/index.php\/inscricoes\/\">Inscri\u00e7\u00f5es<\/a> | <a href=\"https:\/\/socioeducacao.unb.br\/index.php\/local\/\">Local<\/a> | <a href=\"https:\/\/socioeducacao.unb.br\/index.php\/comissoes\/\" target=\"_blank\" rel=\"noreferrer noopener\">Comiss\u00f5es<\/a>\u00a0|<\/p>\n\n\n<div class=\"wp-block-image\">\n<figure class=\"aligncenter size-large is-resized\"><img loading=\"lazy\" decoding=\"async\" width=\"1024\" height=\"318\" src=\"https:\/\/socioeducacao.unb.br\/wp-content\/uploads\/2025\/08\/Logo-V-Simpo\u0301sio-1-1024x318.png\" alt=\"\" class=\"wp-image-2265\" style=\"width:686px;height:auto\" srcset=\"https:\/\/socioeducacao.unb.br\/wp-content\/uploads\/2025\/08\/Logo-V-Simpo\u0301sio-1-1024x318.png 1024w, https:\/\/socioeducacao.unb.br\/wp-content\/uploads\/2025\/08\/Logo-V-Simpo\u0301sio-1-300x93.png 300w, https:\/\/socioeducacao.unb.br\/wp-content\/uploads\/2025\/08\/Logo-V-Simpo\u0301sio-1-768x238.png 768w, https:\/\/socioeducacao.unb.br\/wp-content\/uploads\/2025\/08\/Logo-V-Simpo\u0301sio-1-583x181.png 583w, https:\/\/socioeducacao.unb.br\/wp-content\/uploads\/2025\/08\/Logo-V-Simpo\u0301sio-1.png 1080w\" sizes=\"auto, (max-width: 1024px) 100vw, 1024px\" \/><\/figure><\/div>\n\n\n<h1 class=\"wp-block-heading has-text-align-center\"><strong>TRABALHOS<\/strong><\/h1>\n\n\n\n<p>O&nbsp;<strong>Simp\u00f3sio Nacional em Socioeduca\u00e7\u00e3o<\/strong>&nbsp;\u00e9 um espa\u00e7o de compartilhamento de estudos cient\u00edficos e interven\u00e7\u00f5es t\u00e9cnicas no campo da socioeduca\u00e7\u00e3o. Em todas as edi\u00e7\u00f5es, o evento apresentou de forma democr\u00e1tica e plural produ\u00e7\u00f5es acad\u00eamicas e t\u00e9cnicas de pesquisadores\/as e profissionais de todo o pa\u00eds.<\/p>\n\n\n\n<h4 class=\"wp-block-heading has-text-align-center\">M<strong>ODALIDADE DE TRABALHOS<\/strong><\/h4>\n\n\n\n<p>Os trabalhos poder\u00e3o ser apresentados nas seguintes modalidades:&nbsp;<strong>Comunica\u00e7\u00e3o oral&nbsp;<\/strong>(Socializa\u00e7\u00e3o de estudos te\u00f3ricos e\/ou Resultados de pesquisa ou Relato de experi\u00eancia) e&nbsp;<strong>P\u00f4ster Impresso<\/strong>, conforme detalhamento apresentado a seguir.<\/p>\n\n\n\n<p><strong>COMUNICA\u00c7\u00c3O ORAL<\/strong><\/p>\n\n\n\n<p>As comunica\u00e7\u00f5es orais objetivam a partilha, debates e trocas de conhecimentos e experi\u00eancias apresentadas pelos\/as autores\/as dos trabalhos aprovados. Ser\u00e3o realizadas presencialmente, portanto, \u00e9 necess\u00e1ria a presen\u00e7a de pelo menos um\/a autor\/a no momento do encontro, para a apresenta\u00e7\u00e3o do trabalho.<\/p>\n\n\n\n<p>Ser\u00e3o duas modalidades de comunica\u00e7\u00e3o oral:<\/p>\n\n\n\n<ol class=\"wp-block-list\">\n<li><strong>Socializa\u00e7\u00e3o de estudos te\u00f3ricos e\/ou Resultados de pesquisa:&nbsp;<\/strong>essa categoria se destina a apresenta\u00e7\u00e3o oral de discuss\u00f5es te\u00f3ricas e\/ou Resultados de pesquisas te\u00f3ricas e emp\u00edricas acerca da socioeduca\u00e7\u00e3o.<\/li>\n\n\n\n<li><strong>Relato de experi\u00eancia:&nbsp;<\/strong>essa categoria se destina a apresenta\u00e7\u00e3o oral de relatos de experi\u00eancias t\u00e9cnicas e profissionais de atores da socioeduca\u00e7\u00e3o.<\/li>\n<\/ol>\n\n\n\n<p>Os encontros para a apresenta\u00e7\u00e3o das comunica\u00e7\u00f5es orais ser\u00e3o organizados pela Comiss\u00e3o T\u00e9cnico-Cient\u00edfica a partir do agrupamento entre temas comuns ou aproximados. Ap\u00f3s a apresenta\u00e7\u00e3o de todos os trabalhos haver\u00e1 tempo para a intera\u00e7\u00e3o entre os\/as participantes, com oportunidade de debate e aprofundamento sobre os temas apresentados.<\/p>\n\n\n\n<p><strong>P\u00d4STER IMPRESSO<\/strong><\/p>\n\n\n\n<p>Os p\u00f4steres consistem na apresenta\u00e7\u00e3o de trabalhos por meio da combina\u00e7\u00e3o de formas gr\u00e1ficas, cores e textos. Os p\u00f4steres aprovados ser\u00e3o expostos no local de realiza\u00e7\u00e3o do evento e apresentados oralmente por seus\/suas autores\/as. Dessa forma, \u00e9 necess\u00e1ria a inscri\u00e7\u00e3o e presen\u00e7a no V Simp\u00f3sio Nacional em Socioeduca\u00e7\u00e3o de pelo menos um\/a autor\/a do trabalho.<\/p>\n\n\n\n<h4 class=\"wp-block-heading has-text-align-center\"><strong>SUBMISS\u00c3O DE TRABALHOS<\/strong><\/h4>\n\n\n\n<h5 class=\"wp-block-heading has-text-align-center\">Prazo para submiss\u00e3o: 01\/09\/2025 &#8211; 26\/10\/2025<\/h5>\n\n\n\n<p>Para a apresenta\u00e7\u00e3o de trabalho em qualquer uma das modalidades, os\/as autores\/as dever\u00e3o seguir os crit\u00e9rios de submiss\u00e3o, utilizar o&nbsp;<a href=\"https:\/\/docs.google.com\/document\/d\/1-cb52h3gOIbJHDoLFY0BnEPCFLg-ZpDB\/edit?usp=sharing&amp;ouid=103243867942116940317&amp;rtpof=true&amp;sd=true\">TEMPLATE<\/a>&nbsp;do V Simp\u00f3sio Nacional em Socioeduca\u00e7\u00e3o para a elabora\u00e7\u00e3o do resumo expandido (dispon\u00edvel abaixo) e enviar DUAS C\u00d3PIAS do arquivo (uma com identifica\u00e7\u00e3o dos\/as autores\/as e outra sem) no ato da submiss\u00e3o. Deve-se fazer o download do template para edit\u00e1-lo.&nbsp;<\/p>\n\n\n\n<p>O trabalho submetido poder\u00e1 ter 1 (um\/a) autor\/a principal e, no m\u00e1ximo, 4 (quatro) coautores\/as. Cada participante poder\u00e1 submeter at\u00e9 2 (dois) trabalhos na condi\u00e7\u00e3o de autor\/a principal. N\u00e3o h\u00e1 limite para a participa\u00e7\u00e3o em trabalhos na condi\u00e7\u00e3o de coautor\/a.<\/p>\n\n\n\n<p class=\"has-text-align-center\"><strong><mark>Fa\u00e7a a submiss\u00e3o do seu trabalho&nbsp;<a href=\"https:\/\/www.even3.com.br\/v-simposio-nacional-em-socioeducacao-615252\/\" target=\"_blank\" rel=\"noreferrer noopener\">aqui<\/a>.<\/mark><\/strong><\/p>\n\n\n\n<h4 class=\"wp-block-heading has-text-align-center\"><strong>AVALIA\u00c7\u00c3O DOS TRABALHOS SUBMETIDOS<\/strong><\/h4>\n\n\n\n<p>Todos os trabalhos submetidos para apresenta\u00e7\u00e3o no evento ser\u00e3o objeto de an\u00e1lise \u00e0s cegas pela Comiss\u00e3o T\u00e9cnico-Cient\u00edfica, que poder\u00e1 aceit\u00e1-los ou recus\u00e1-los, conforme indica\u00e7\u00e3o dos\/as avaliadores\/as.<\/p>\n\n\n\n<p>A avalia\u00e7\u00e3o do trabalho ir\u00e1 considerar: a coer\u00eancia aos eixos tem\u00e1ticos; o respeito \u00e0s normas gramaticais e ortogr\u00e1ficas da l\u00edngua portuguesa; a consist\u00eancia e coer\u00eancia na organiza\u00e7\u00e3o dos conte\u00fados e argumentos; e a contribui\u00e7\u00e3o \u00e0 pol\u00edtica nacional de atendimento socioeducativo.<\/p>\n\n\n\n<p>Os trabalhos devem estar alinhados ao tema do evento, com ader\u00eancia aos princ\u00edpios da pol\u00edtica socioeducativa vigente e a garantia dos direitos humanos. N\u00e3o ser\u00e3o aceitos trabalhos que atentem contra a \u00e9tica na publica\u00e7\u00e3o cient\u00edfica ou aos direitos humanos.<\/p>\n\n\n\n<p>Ap\u00f3s o processo de an\u00e1lise por parte da Comiss\u00e3o T\u00e9cnico-Cient\u00edfica os\/as autores\/as ser\u00e3o informados\/as da situa\u00e7\u00e3o de suas propostas, de acordo com o cronograma definido pela organiza\u00e7\u00e3o do evento.<\/p>\n\n\n<style id=\"kt-blocks_0932be-99\">.kt-btns_0932be-99 .kt-btn-wrap-0{margin-right:5px;}rtl .kt-btns_0932be-99 .kt-btn-wrap-0{margin-left:5px;margin-right:0px;}.wp-block-kadence-advancedbtn.kt-btns_0932be-99 .kt-btn-wrap-0 .kt-button{color:#555555;border-color:#555555;}.wp-block-kadence-advancedbtn.kt-btns_0932be-99 .kt-btn-wrap-0 .kt-button:hover, .wp-block-kadence-advancedbtn.kt-btns_0932be-99 .kt-btn-wrap-0 .kt-button:focus{color:#ffffff;border-color:#444444;}.wp-block-kadence-advancedbtn.kt-btns_0932be-99 .kt-btn-wrap-0 .kt-button::before{display:none;}.wp-block-kadence-advancedbtn.kt-btns_0932be-99 .kt-btn-wrap-0 .kt-button:hover, .wp-block-kadence-advancedbtn.kt-btns_0932be-99 .kt-btn-wrap-0 .kt-button:focus{background:#444444;}.kt-btns_0932be-99 .kt-btn-wrap-1{margin-right:5px;}rtl .kt-btns_0932be-99 .kt-btn-wrap-1{margin-left:5px;margin-right:0px;}.wp-block-kadence-advancedbtn.kt-btns_0932be-99 .kt-btn-wrap-1 .kt-button{color:#555555;border-color:#555555;}.wp-block-kadence-advancedbtn.kt-btns_0932be-99 .kt-btn-wrap-1 .kt-button:hover, .wp-block-kadence-advancedbtn.kt-btns_0932be-99 .kt-btn-wrap-1 .kt-button:focus{color:#ffffff;border-color:#444444;}.wp-block-kadence-advancedbtn.kt-btns_0932be-99 .kt-btn-wrap-1 .kt-button::before{display:none;}.wp-block-kadence-advancedbtn.kt-btns_0932be-99 .kt-btn-wrap-1 .kt-button:hover, .wp-block-kadence-advancedbtn.kt-btns_0932be-99 .kt-btn-wrap-1 .kt-button:focus{background:#444444;}<\/style>\n<div class=\"wp-block-kadence-advancedbtn kt-btn-align-center kt-btn-tablet-align-inherit kt-btn-mobile-align-inherit kt-btns-wrap kt-btns_0932be-99\"><div class=\"kt-btn-wrap kt-btn-wrap-0\"><a class=\"kt-button button kt-btn-0-action kt-btn-size-standard kt-btn-style-basic kt-btn-svg-show-always kt-btn-has-text-true kt-btn-has-svg-false\" download href=\"https:\/\/docs.google.com\/presentation\/d\/1ggC4pC0lMQQewZzIBInwk8abM118WK0M\/edit?usp=sharing&amp;ouid=115426467083347174119&amp;rtpof=true&amp;sd=true\"><span class=\"kt-btn-inner-text\">Template Banner<\/span><\/a><\/div><div class=\"kt-btn-wrap kt-btn-wrap-1\"><a class=\"kt-button button kt-btn-1-action kt-btn-size-standard kt-btn-style-basic kt-btn-svg-show-always kt-btn-has-text-true kt-btn-has-svg-false\" href=\"https:\/\/docs.google.com\/presentation\/d\/1M-45PirOIoXhf2_zWVGPJzHxQST9wga8\/edit?usp=sharing&amp;ouid=115426467083347174119&amp;rtpof=true&amp;sd=true\"><span class=\"kt-btn-inner-text\">Template Slides<\/span><\/a><\/div><\/div>\n\n\n\n<p class=\"has-text-align-center\">Acompanhe as&nbsp;<a href=\"https:\/\/socioeducacao.unb.br\/index.php\/datas\/\">datas<\/a>&nbsp;do evento!<\/p>\n\n\n<div class=\"wp-block-image\">\n<figure class=\"aligncenter size-large\"><img loading=\"lazy\" decoding=\"async\" width=\"1024\" height=\"199\" src=\"https:\/\/socioeducacao.unb.br\/wp-content\/uploads\/2025\/09\/Design-sem-nome-3-2-1024x199.png\" alt=\"\" class=\"wp-image-2367\" srcset=\"https:\/\/socioeducacao.unb.br\/wp-content\/uploads\/2025\/09\/Design-sem-nome-3-2-1024x199.png 1024w, https:\/\/socioeducacao.unb.br\/wp-content\/uploads\/2025\/09\/Design-sem-nome-3-2-300x58.png 300w, https:\/\/socioeducacao.unb.br\/wp-content\/uploads\/2025\/09\/Design-sem-nome-3-2-768x150.png 768w, https:\/\/socioeducacao.unb.br\/wp-content\/uploads\/2025\/09\/Design-sem-nome-3-2-583x114.png 583w, https:\/\/socioeducacao.unb.br\/wp-content\/uploads\/2025\/09\/Design-sem-nome-3-2.png 1366w\" sizes=\"auto, (max-width: 1024px) 100vw, 1024px\" \/><\/figure><\/div>\n\n\n<p><\/p>\n","protected":false},"excerpt":{"rendered":"<p>| V Simp\u00f3sio Nacional em Socioeduca\u00e7\u00e3o | In\u00edcio | Datas | Programa\u00e7\u00e3o | Trabalhos | Inscri\u00e7\u00f5es | Local | Comiss\u00f5es\u00a0| TRABALHOS O&nbsp;Simp\u00f3sio Nacional em Socioeduca\u00e7\u00e3o&nbsp;\u00e9 &hellip;<\/p>\n","protected":false},"author":1,"featured_media":0,"parent":2165,"menu_order":0,"comment_status":"closed","ping_status":"closed","template":"","meta":{"kt_blocks_editor_width":"","footnotes":""},"class_list":["post-2498","page","type-page","status-publish","hentry"],"_links":{"self":[{"href":"https:\/\/socioeducacao.unb.br\/index.php\/wp-json\/wp\/v2\/pages\/2498","targetHints":{"allow":["GET"]}}],"collection":[{"href":"https:\/\/socioeducacao.unb.br\/index.php\/wp-json\/wp\/v2\/pages"}],"about":[{"href":"https:\/\/socioeducacao.unb.br\/index.php\/wp-json\/wp\/v2\/types\/page"}],"author":[{"embeddable":true,"href":"https:\/\/socioeducacao.unb.br\/index.php\/wp-json\/wp\/v2\/users\/1"}],"replies":[{"embeddable":true,"href":"https:\/\/socioeducacao.unb.br\/index.php\/wp-json\/wp\/v2\/comments?post=2498"}],"version-history":[{"count":7,"href":"https:\/\/socioeducacao.unb.br\/index.php\/wp-json\/wp\/v2\/pages\/2498\/revisions"}],"predecessor-version":[{"id":2523,"href":"https:\/\/socioeducacao.unb.br\/index.php\/wp-json\/wp\/v2\/pages\/2498\/revisions\/2523"}],"up":[{"embeddable":true,"href":"https:\/\/socioeducacao.unb.br\/index.php\/wp-json\/wp\/v2\/pages\/2165"}],"wp:attachment":[{"href":"https:\/\/socioeducacao.unb.br\/index.php\/wp-json\/wp\/v2\/media?parent=2498"}],"curies":[{"name":"wp","href":"https:\/\/api.w.org\/{rel}","templated":true}]}}