{"id":738,"date":"2021-09-03T11:39:40","date_gmt":"2021-09-03T14:39:40","guid":{"rendered":"https:\/\/socioeducacao.unb.br\/?page_id=738"},"modified":"2025-08-15T10:09:20","modified_gmt":"2025-08-15T13:09:20","slug":"i-simposio-nacional-em-socioeducacao-2017","status":"publish","type":"page","link":"https:\/\/socioeducacao.unb.br\/index.php\/inicial\/i-simposio-nacional-em-socioeducacao-2017\/","title":{"rendered":"I Simp\u00f3sio Nacional em Socioeduca\u00e7\u00e3o 2017"},"content":{"rendered":"<div class=\"wp-block-image\">\n<figure class=\"aligncenter is-resized\"><img loading=\"lazy\" decoding=\"async\" src=\"https:\/\/socioeducacao.unb.br\/wp-content\/uploads\/2025\/07\/Simpo\u0301sio-sem-logos-1.jpg\" alt=\"\" class=\"wp-image-1999\" width=\"778\" height=\"441\" srcset=\"https:\/\/socioeducacao.unb.br\/wp-content\/uploads\/2025\/07\/Simpo\u0301sio-sem-logos-1.jpg 2048w, https:\/\/socioeducacao.unb.br\/wp-content\/uploads\/2025\/07\/Simpo\u0301sio-sem-logos-1-300x170.jpg 300w, https:\/\/socioeducacao.unb.br\/wp-content\/uploads\/2025\/07\/Simpo\u0301sio-sem-logos-1-1024x581.jpg 1024w, https:\/\/socioeducacao.unb.br\/wp-content\/uploads\/2025\/07\/Simpo\u0301sio-sem-logos-1-768x436.jpg 768w, https:\/\/socioeducacao.unb.br\/wp-content\/uploads\/2025\/07\/Simpo\u0301sio-sem-logos-1-1536x872.jpg 1536w, https:\/\/socioeducacao.unb.br\/wp-content\/uploads\/2025\/07\/Simpo\u0301sio-sem-logos-1-529x300.jpg 529w\" sizes=\"auto, (max-width: 778px) 100vw, 778px\" \/><\/figure><\/div>\n\n\n<div class=\"wp-block-kadence-spacer aligncenter kt-block-spacer-_f71f7c-5f\"><div class=\"kt-block-spacer kt-block-spacer-halign-center\" style=\"height:60px\"><hr class=\"kt-divider\" style=\"border-top-color:#eee;border-top-width:1px;width:80%;border-top-style:solid\"\/><\/div><\/div>\n\n\n\n<p><strong>Apresenta\u00e7\u00e3o<\/strong><\/p>\n\n\n\n<p>Debater, construir e implementar a execu\u00e7\u00e3o de medidas socioeducativas \u00e9 um desafio complexo e permanente para todos os atores sociais envolvidos no trabalho com adolescentes autores de atos infracionais, o que tem motivado, nas diferentes regi\u00f5es do pa\u00eds, um conjunto de atividades de forma\u00e7\u00e3o, debate e reflex\u00e3o acerca da socioeduca\u00e7\u00e3o. O evento que ora apresentamos insere-se nesse conjunto de atividades comprometidas com a efetiva implementa\u00e7\u00e3o de pol\u00edticas de aten\u00e7\u00e3o e promo\u00e7\u00e3o do desenvolvimento dos jovens brasileiros, particularmente os adolescentes entre 12 e 18 anos de idade a quem lhe foi atribu\u00eddo o cometimento de atos infracionais e, por isso, cumprem medidas socioeducativas.<\/p>\n\n\n\n<p>A proposta de realiza\u00e7\u00e3o do&nbsp;<em>Simp\u00f3sio Nacional em Socioeduca\u00e7\u00e3o: a escolariza\u00e7\u00e3o e o atendimento socioeducativo em perspectiva<\/em>&nbsp;emergiu da trajet\u00f3ria e das atividades realizadas pelo Grupo de Estudos e Pesquisas em Desenvolvimento Humano e Socioeduca\u00e7\u00e3o (GEPDHS) da Universidade de Bras\u00edlia (UnB) e ampara-se nos princ\u00edpios do Estatuto da Crian\u00e7a e do Adolescente (ECA), da Resolu\u00e7\u00e3o n\u00ba 119\/2006 do Conselho Nacional dos Direitos da Crian\u00e7a e do Adolescente (Conanda) e do Sistema Nacional de Atendimento Socioeducativo (SINASE), bem como das Diretrizes Nacionais para a efetiva\u00e7\u00e3o do direito \u00e0 escolariza\u00e7\u00e3o de adolescentes em atendimento socioeducativo.<\/p>\n\n\n\n<p>Sendo assim, \u00e0 luz das especificidades da pol\u00edtica socioeducativa, dos par\u00e2metros do ECA, do SINASE e das Diretrizes Nacionais para escolariza\u00e7\u00e3o de adolescentes em cumprimento de medidas socioeducativas, esse Simp\u00f3sio \u00e9, ao mesmo tempo, um evento de natureza cient\u00edfica e profissional, pois que prop\u00f5e explorar&nbsp;<a href=\"http:\/\/eventos.ceag.unb.br\/sns\/linhas-tematicas\/\">tem\u00e1ticas transversais<\/a>&nbsp;ao campo da investiga\u00e7\u00e3o cient\u00edfica e ao campo da atua\u00e7\u00e3o profissional.<\/p>\n\n\n\n<p>Acreditamos que o debate de tais tem\u00e1ticas, associadas ao atual momento hist\u00f3rico e social, pode contribuir para o desenvolvimento de pesquisas e de interven\u00e7\u00e3o no contexto socioeducativo, para a forma\u00e7\u00e3o dos docentes e discentes de gradua\u00e7\u00e3o e de p\u00f3s-gradua\u00e7\u00e3o das Institui\u00e7\u00f5es de Educa\u00e7\u00e3o Superior do pa\u00eds, bem como para a forma\u00e7\u00e3o continuada de profissionais que atuam na execu\u00e7\u00e3o das medidas socioeducativas e de professores de escolas p\u00fablicas que buscam o exerc\u00edcio cr\u00edtico da profiss\u00e3o.<\/p>\n\n\n\n<p><\/p>\n\n\n\n<div class=\"wp-block-columns is-layout-flex wp-container-core-columns-is-layout-9d6595d7 wp-block-columns-is-layout-flex\">\n<div class=\"wp-block-column is-layout-flow wp-block-column-is-layout-flow\"><\/div>\n\n\n\n<div class=\"wp-block-column is-layout-flow wp-block-column-is-layout-flow\"><style id=\"kt-blocks_5741f3-95\">.kt-btns_5741f3-95 .kt-btn-wrap-0{margin-right:5px;}rtl .kt-btns_5741f3-95 .kt-btn-wrap-0{margin-left:5px;margin-right:0px;}.wp-block-kadence-advancedbtn.kt-btns_5741f3-95 .kt-btn-wrap-0 .kt-button{font-size:14px;box-shadow:1px 1px 2px 0px rgba(0, 0, 0, 0.2);}.wp-block-kadence-advancedbtn.kt-btns_5741f3-95 .kt-btn-wrap-0 .kt-button::before{display:none;}.wp-block-kadence-advancedbtn.kt-btns_5741f3-95 .kt-btn-wrap-0 .kt-button:hover, .wp-block-kadence-advancedbtn.kt-btns_5741f3-95 .kt-btn-wrap-0 .kt-button:focus{background:#f29100;}.kt-btns_5741f3-95 .kt-btn-wrap-1{margin-right:5px;}rtl .kt-btns_5741f3-95 .kt-btn-wrap-1{margin-left:5px;margin-right:0px;}.wp-block-kadence-advancedbtn.kt-btns_5741f3-95 .kt-btn-wrap-1 .kt-button{font-size:14px;box-shadow:1px 1px 2px 0px rgba(0, 0, 0, 0.2);}.wp-block-kadence-advancedbtn.kt-btns_5741f3-95 .kt-btn-wrap-1 .kt-button::before{display:none;}.wp-block-kadence-advancedbtn.kt-btns_5741f3-95 .kt-btn-wrap-1 .kt-button:hover, .wp-block-kadence-advancedbtn.kt-btns_5741f3-95 .kt-btn-wrap-1 .kt-button:focus{background:#f29100;}.kt-btns_5741f3-95 .kt-btn-wrap-2{margin-right:5px;}rtl .kt-btns_5741f3-95 .kt-btn-wrap-2{margin-left:5px;margin-right:0px;}.wp-block-kadence-advancedbtn.kt-btns_5741f3-95 .kt-btn-wrap-2 .kt-button{font-size:14px;box-shadow:1px 1px 2px 0px rgba(0, 0, 0, 0.2);}.wp-block-kadence-advancedbtn.kt-btns_5741f3-95 .kt-btn-wrap-2 .kt-button::before{display:none;}.wp-block-kadence-advancedbtn.kt-btns_5741f3-95 .kt-btn-wrap-2 .kt-button:hover, .wp-block-kadence-advancedbtn.kt-btns_5741f3-95 .kt-btn-wrap-2 .kt-button:focus{background:#f29100;}<\/style>\n<div class=\"wp-block-kadence-advancedbtn kt-btn-align-center kt-btn-tablet-align-inherit kt-btn-mobile-align-inherit kt-btns-wrap kt-btns_5741f3-95\"><div class=\"kt-btn-wrap kt-btn-wrap-0\"><a class=\"kt-button button kt-btn-0-action kt-btn-size-standard kt-btn-style-basic kt-btn-svg-show-always kt-btn-has-text-true kt-btn-has-svg-false\" href=\"http:\/\/eventos.ceag.unb.br\/sns\/\" target=\"_blank\" rel=\"noreferrer noopener\"><span class=\"kt-btn-inner-text\">Site do I Simp\u00f3sio em Socioeduca\u00e7\u00e3o &#8211; 2017<\/span><\/a><\/div><div class=\"kt-btn-wrap kt-btn-wrap-1\"><a class=\"kt-button button kt-btn-1-action kt-btn-size-small kt-btn-style-basic kt-btn-svg-show-always kt-btn-has-text-true kt-btn-has-svg-false\" href=\"https:\/\/socioeducacao.unb.br\/wp-content\/uploads\/2020\/05\/Programac\u0327a\u0303o_Simpo\u0301sio-Nacional-em-Socioeducac\u0327a\u0303o.pdf\" target=\"_blank\" rel=\"noreferrer noopener\"><span class=\"kt-btn-inner-text\">Programa\u00e7\u00e3o I Simp\u00f3sio em Socioeduca\u00e7\u00e3o &#8211; 2017<\/span><\/a><\/div><div class=\"kt-btn-wrap kt-btn-wrap-2\"><a class=\"kt-button button kt-btn-2-action kt-btn-size-standard kt-btn-style-basic kt-btn-svg-show-always kt-btn-has-text-true kt-btn-has-svg-false\" href=\"https:\/\/socioeducacao.unb.br\/wp-content\/uploads\/2021\/07\/Anais_Simp\u00f3sio-Nacional-em-Socioeduca\u00e7\u00e3o_2017.pdf\" target=\"_blank\" rel=\"noreferrer noopener\"><span class=\"kt-btn-inner-text\">Anais I Simp\u00f3sio em Socioeduca\u00e7\u00e3o &#8211; 2017<\/span><\/a><\/div><\/div>\n\n\n\n<p><\/p>\n\n\n\n<p class=\"has-text-align-center has-accent-2-color has-text-color\" style=\"font-size:9px\"><strong>Clique acima para ser redirecionada\/o para o site do evento<\/strong><\/p>\n<\/div>\n\n\n\n<div class=\"wp-block-column is-layout-flow wp-block-column-is-layout-flow\"><\/div>\n<\/div>\n\n\n\n<p class=\"has-text-align-center\"><strong><a href=\"https:\/\/drive.google.com\/drive\/folders\/18p-YWKOVvlRc5poHkgUSS0w2JvPEDCq5?usp=sharing\" target=\"_blank\" rel=\"noreferrer noopener\">Registros fotogr\u00e1ficos do I Simp\u00f3sio Nacional em Socioeduca\u00e7\u00e3o \u2013 2017.<\/a><\/strong><\/p>\n\n\n\n<p class=\"has-text-align-center\"><strong>Nos acompanhe tamb\u00e9m pelo&nbsp;<a rel=\"noreferrer noopener\" href=\"https:\/\/www.instagram.com\/simposiosocioeducacao\/\" target=\"_blank\">Instagram<\/a>&nbsp;e pelo&nbsp;<a rel=\"noreferrer noopener\" href=\"https:\/\/www.youtube.com\/@simposionacionalemsocioedu7633\/streams\" target=\"_blank\">YouTube<\/a>.<\/strong><\/p>\n","protected":false},"excerpt":{"rendered":"<p>Apresenta\u00e7\u00e3o Debater, construir e implementar a execu\u00e7\u00e3o de medidas socioeducativas \u00e9 um desafio complexo e permanente para todos os atores sociais envolvidos no trabalho com &hellip;<\/p>\n","protected":false},"author":1,"featured_media":778,"parent":513,"menu_order":0,"comment_status":"closed","ping_status":"closed","template":"","meta":{"kt_blocks_editor_width":"","footnotes":""},"class_list":["post-738","page","type-page","status-publish","has-post-thumbnail","hentry"],"_links":{"self":[{"href":"https:\/\/socioeducacao.unb.br\/index.php\/wp-json\/wp\/v2\/pages\/738","targetHints":{"allow":["GET"]}}],"collection":[{"href":"https:\/\/socioeducacao.unb.br\/index.php\/wp-json\/wp\/v2\/pages"}],"about":[{"href":"https:\/\/socioeducacao.unb.br\/index.php\/wp-json\/wp\/v2\/types\/page"}],"author":[{"embeddable":true,"href":"https:\/\/socioeducacao.unb.br\/index.php\/wp-json\/wp\/v2\/users\/1"}],"replies":[{"embeddable":true,"href":"https:\/\/socioeducacao.unb.br\/index.php\/wp-json\/wp\/v2\/comments?post=738"}],"version-history":[{"count":34,"href":"https:\/\/socioeducacao.unb.br\/index.php\/wp-json\/wp\/v2\/pages\/738\/revisions"}],"predecessor-version":[{"id":2211,"href":"https:\/\/socioeducacao.unb.br\/index.php\/wp-json\/wp\/v2\/pages\/738\/revisions\/2211"}],"up":[{"embeddable":true,"href":"https:\/\/socioeducacao.unb.br\/index.php\/wp-json\/wp\/v2\/pages\/513"}],"wp:featuredmedia":[{"embeddable":true,"href":"https:\/\/socioeducacao.unb.br\/index.php\/wp-json\/wp\/v2\/media\/778"}],"wp:attachment":[{"href":"https:\/\/socioeducacao.unb.br\/index.php\/wp-json\/wp\/v2\/media?parent=738"}],"curies":[{"name":"wp","href":"https:\/\/api.w.org\/{rel}","templated":true}]}}