{"id":884,"date":"2021-09-03T15:30:32","date_gmt":"2021-09-03T18:30:32","guid":{"rendered":"https:\/\/socioeducacao.unb.br\/?page_id=884"},"modified":"2023-02-16T12:23:27","modified_gmt":"2023-02-16T15:23:27","slug":"trabalhos-simposio2021","status":"publish","type":"page","link":"https:\/\/socioeducacao.unb.br\/index.php\/inicial\/simposio-2021\/trabalhos-simposio2021\/","title":{"rendered":"Trabalhos"},"content":{"rendered":"\n<p class=\"has-text-align-center has-small-font-size\">|  <strong><a href=\"https:\/\/socioeducacao.unb.br\/index.php\/inicial\/simposio-2021\/\" data-type=\"page\" data-id=\"162\">III Simp\u00f3sio Nacional em Socioeduca\u00e7\u00e3o<\/a><\/strong>  |  <a href=\"https:\/\/socioeducacao.unb.br\/index.php\/inicial\/simposio-2021\/objetivos-simposio2021\/\" data-type=\"page\" data-id=\"867\">Objetivos<\/a> |  <a href=\"https:\/\/socioeducacao.unb.br\/index.php\/comissoes\/\">Comiss\u00f5es<\/a>  |  <a href=\"https:\/\/socioeducacao.unb.br\/index.php\/inicial\/simposio-2021\/datas-importantes\/\" data-type=\"page\" data-id=\"1164\">Datas Importantes<\/a>  |  <a href=\"https:\/\/socioeducacao.unb.br\/index.php\/programacao\/\" data-type=\"page\" data-id=\"1166\">Programa\u00e7\u00e3o<\/a>  | <strong>TRABALHOS <\/strong> |<\/p>\n\n\n\n<div class=\"wp-block-kadence-spacer aligncenter kt-block-spacer-_d1a517-33\"><div class=\"kt-block-spacer kt-block-spacer-halign-center\" style=\"height:60px\"><hr class=\"kt-divider\" style=\"border-top-color:#eee;border-top-width:1px;width:80%;border-top-style:solid\"\/><\/div><\/div>\n\n\n\n<div class=\"wp-block-columns alignfull is-layout-flex wp-container-core-columns-is-layout-9d6595d7 wp-block-columns-is-layout-flex\">\n<div class=\"wp-block-column is-vertically-aligned-bottom is-layout-flow wp-block-column-is-layout-flow\" style=\"flex-basis:30%\"><div class=\"alignleft wp-block-site-logo\"><img decoding=\"async\"   src=\"https:\/\/socioeducacao.unb.br\/wp-content\/uploads\/2021\/09\/iii_simposio_logo.png\" class=\"custom-logo\" alt=\"Portal da Socioeduca\u00e7\u00e3o\" srcset=\"https:\/\/socioeducacao.unb.br\/wp-content\/uploads\/2021\/09\/iii_simposio_logo.png 1248w, https:\/\/socioeducacao.unb.br\/wp-content\/uploads\/2021\/09\/iii_simposio_logo-300x65.png 300w, https:\/\/socioeducacao.unb.br\/wp-content\/uploads\/2021\/09\/iii_simposio_logo-1024x222.png 1024w, https:\/\/socioeducacao.unb.br\/wp-content\/uploads\/2021\/09\/iii_simposio_logo-768x167.png 768w, https:\/\/socioeducacao.unb.br\/wp-content\/uploads\/2021\/09\/iii_simposio_logo-583x127.png 583w\" sizes=\"(max-width: 260px) 100vw, 260px\" \/><\/div><\/div>\n\n\n\n<div class=\"wp-block-column is-vertically-aligned-center is-layout-flow wp-block-column-is-layout-flow\" style=\"flex-basis:70%\">\n<h3 class=\"kt-adv-heading_54aa3f-5d wp-block-kadence-advancedheading\" data-kb-block=\"kb-adv-heading_54aa3f-5d\">ORIENTA\u00c7\u00d5ES PARA SUBMISS\u00c3O DE TRABALHOS<\/h3>\n<\/div>\n<\/div>\n\n\n\n<div class=\"wp-block-kadence-spacer aligncenter kt-block-spacer-_2630b9-ed\"><div class=\"kt-block-spacer kt-block-spacer-halign-center\" style=\"height:60px\"><hr class=\"kt-divider\" style=\"border-top-color:#eee;border-top-width:1px;width:80%;border-top-style:solid\"\/><\/div><\/div>\n\n\n\n<p>O&nbsp;<strong>III Simp\u00f3sio Nacional em Socioeduca\u00e7\u00e3o &#8211; Responsabiliza\u00e7\u00e3o e emancipa\u00e7\u00e3o de adolescentes<\/strong> convida profissionais e comunidade cient\u00edfica para a submiss\u00e3o de trabalhos a serem apresentados e debatidos durante o evento&nbsp;que ser\u00e1 realizado virtualmente nos dias 23, 24, 25 e 26 de novembro de 2021.<\/p>\n\n\n\n<p><\/p>\n\n\n\n<p>Para esta terceira edi\u00e7\u00e3o do Simp\u00f3sio que acontecer\u00e1 de forma virtual est\u00e3o previstas duas modalidades de apresenta\u00e7\u00e3o de trabalhos: <em><strong>Telas em di\u00e1logo<\/strong><\/em> e<em><strong> P\u00f4ster digital<\/strong><\/em><strong>.<\/strong><\/p>\n\n\n\n<div class=\"wp-block-kadence-spacer aligncenter kt-block-spacer-_ce96b0-8f\"><div class=\"kt-block-spacer kt-block-spacer-halign-center\" style=\"height:60px\"><hr class=\"kt-divider\" style=\"border-top-color:#eee;border-top-width:1px;width:80%;border-top-style:solid\"\/><\/div><\/div>\n\n\n\n<p class=\"has-text-align-center\"><strong><span class=\"has-inline-color has-accent-1-color\">Os <mark class=\"kt-highlight\">Anais<\/mark> do III Simp\u00f3sio Nacional em Socioeduca\u00e7\u00e3o j\u00e1 est\u00e3o dispon\u00edveis <a href=\"https:\/\/socioeducacao.unb.br\/wp-content\/uploads\/2023\/02\/Anais-III-Simpo\u0301sio-Nacional-em-Socioeducac\u0327a\u0303o_2021-atualizado.pdf\" target=\"_blank\" rel=\"noreferrer noopener\">aqui<\/a><\/span><\/strong>. Consulte, compartilhe. <\/p>\n\n\n\n<div class=\"wp-block-kadence-spacer aligncenter kt-block-spacer-_204197-19\"><div class=\"kt-block-spacer kt-block-spacer-halign-center\" style=\"height:40px\"><hr class=\"kt-divider\" style=\"border-top-color:#eee;border-top-width:1px;width:80%;border-top-style:solid\"\/><\/div><\/div>\n\n\n\n<p><strong>CRONOGRAMA &#8211;  Submiss\u00e3o de Resumos e de Trabalhos Finais<\/strong><br>   15\/09 a 22\/10\/2021 &#8211; Submiss\u00e3o de resumos de trabalhos.<br>   15\/09 a 01\/11\/2021 &#8211; Avalia\u00e7\u00e3o dos resumos submetidos.<br>   03\/11\/2021 &#8211; Divulga\u00e7\u00e3o dos resumos aprovados (eletronicamente, para os autores).<br>   03\/11 a 13\/11\/2021 &#8211; Data m\u00e1xima para que os autores encaminhem \u00e0 Comiss\u00e3o Organizadora os trabalhos que ser\u00e3o apresentados em forma de p\u00f4ster digital.<\/p>\n\n\n\n<div class=\"wp-block-kadence-spacer aligncenter kt-block-spacer-_44b3cb-20\"><div class=\"kt-block-spacer kt-block-spacer-halign-center\" style=\"height:60px\"><hr class=\"kt-divider\" style=\"border-top-color:#eee;border-top-width:1px;width:80%;border-top-style:solid\"\/><\/div><\/div>\n\n\n\n<p><strong>LINHAS TEM\u00c1TICAS<\/strong><\/p>\n\n\n\n<p>As linhas tem\u00e1ticas deste III Simp\u00f3sio versam exclusivamente sobre a Socioeduca\u00e7\u00e3o em tempos de pandemia da Covid-19, que s\u00e3o:<\/p>\n\n\n\n<ol class=\"wp-block-list\"><li>Conceitos, sentidos, pr\u00e1ticas e metodologias em socioeduca\u00e7\u00e3o no per\u00edodo da pandemia;<\/li><li>Atividades e estrat\u00e9gias de enfrentamento \u00e0 pandemia em contextos socioeducativos;<\/li><li>Condi\u00e7\u00f5es do trabalho socioeducativo em tempos de pandemia;<\/li><li>Pol\u00edticas e a\u00e7\u00f5es estrat\u00e9gicas para a socioeduca\u00e7\u00e3o no per\u00edodo da pandemia;<\/li><li>Intersetorialidade e trabalho em rede na socioeduca\u00e7\u00e3o em tempos pand\u00eamicos;<\/li><li>Garantia de direitos na socioeduca\u00e7\u00e3o em tempos de pandemia.<\/li><\/ol>\n\n\n\n<div class=\"wp-block-kadence-spacer aligncenter kt-block-spacer-_973e97-c7\"><div class=\"kt-block-spacer kt-block-spacer-halign-center\" style=\"height:60px\"><hr class=\"kt-divider\" style=\"border-top-color:#eee;border-top-width:1px;width:80%;border-top-style:solid\"\/><\/div><\/div>\n\n\n\n<p><strong>MODALIDADES<\/strong><\/p>\n\n\n\n<p class=\"has-normal-font-size\"><strong>a) <strong>Telas em Di\u00e1logo (apresenta\u00e7\u00e3o oral) &#8211; TD<\/strong><\/strong><\/p>\n\n\n\n<ul class=\"wp-block-list\"><li>Os encontros virtuais com apresenta\u00e7\u00f5es orais &#8211; Telas em Di\u00e1logo &#8211; objetivam a partilha, debates e trocas de conhecimentos e experi\u00eancias apresentadas pelos(as) autores(as) dos trabalhos aprovados. Desse modo, \u00e9 necess\u00e1ria a presen\u00e7a de pelo menos um(a) autor(a) do trabalho no momento do encontro virtual para apresent\u00e1-lo.<\/li><\/ul>\n\n\n\n<ul class=\"wp-block-list\"><li>Os encontros ser\u00e3o organizados a partir da associa\u00e7\u00e3o entre temas comuns ou aproximados. Cada um dos encontros reunir\u00e1 at\u00e9 10 (dez) trabalhos aprovados, que devem ser apresentados pelos autores em at\u00e9 08 (oito) minutos, com ou sem apoio de recursos digitais. Ap\u00f3s a apresenta\u00e7\u00e3o de todos os trabalhos haver\u00e1 tempo para a intera\u00e7\u00e3o entre os participantes, com oportunidade de debate e aprofundamento sobre os trabalhos. Os encontros ocorrer\u00e3o por meio da plataforma Meet. Os(as) autores(as) dos trabalhos e os demais participantes dos encontros virtuais devem estar inscritos no evento.<\/li><\/ul>\n\n\n\n<p class=\"has-normal-font-size\"><strong>b) P\u00f4ster DigitaL &#8211; PD<\/strong><\/p>\n\n\n\n<ul class=\"wp-block-list\"><li>Os p\u00f4steres consistem na apresenta\u00e7\u00e3o de trabalhos por meio da combina\u00e7\u00e3o de formas gr\u00e1ficas, cores e informa\u00e7\u00f5es. Os p\u00f4steres aprovados ser\u00e3o organizados por eixos tem\u00e1ticos e disponibilizados em plataforma digital para aprecia\u00e7\u00e3o visual dos participantes. Os p\u00f4steres ficar\u00e3o dispon\u00edveis permanentemente ao longo do per\u00edodo de realiza\u00e7\u00e3o do III Simp\u00f3sio Nacional em Socioeduca\u00e7\u00e3o.<\/li><\/ul>\n\n\n\n<div class=\"wp-block-kadence-spacer aligncenter kt-block-spacer-_b13278-01\"><div class=\"kt-block-spacer kt-block-spacer-halign-center\" style=\"height:60px\"><hr class=\"kt-divider\" style=\"border-top-color:#eee;border-top-width:1px;width:80%;border-top-style:solid\"\/><\/div><\/div>\n\n\n\n<p><\/p>\n\n\n\n<p><strong>NORMAS PARA SUBMISS\u00c3O DO RESUMO:<\/strong><\/p>\n\n\n\n<p>A submiss\u00e3o de resumos de trabalhos deve ser realizada por meio do formul\u00e1rio eletr\u00f4nico pr\u00f3prio para essa finalidade. Nele, al\u00e9m de ser anexado o resumo, devem ser informadas a linha tem\u00e1tica do trabalho e a modalidade de apresenta\u00e7\u00e3o escolhida pelos(as) autores(as): <em><strong>Telas em di\u00e1logo<\/strong><\/em> ou <em><strong>P\u00f4ster Digital<\/strong><\/em><strong>.<\/strong><\/p>\n\n\n\n<p>O resumo submetido \u00e0 avalia\u00e7\u00e3o da Comiss\u00e3o T\u00e9cnico-Cient\u00edfica deve atender \u00e0s seguintes especifica\u00e7\u00f5es:<\/p>\n\n\n\n<ul class=\"wp-block-list\"><li>Conter: T\u00edtulo; Nome(s) da(s) autoras(es), filia\u00e7\u00e3o institucional e e-mail de cada autor; Palavras-chave (de 3 a 5); Introdu\u00e7\u00e3o; Objetivo(s), M\u00e9todo\/Procedimentos, Resultados, Discuss\u00e3o e Considera\u00e7\u00f5es Finais. Recomenda-se essa estrutura, contudo n\u00e3o haver\u00e1 preju\u00edzo caso sejam apresentadas outras formas descritivas do trabalho.<\/li><li>Os itens \u201cIntrodu\u00e7\u00e3o, Objetivo(s), M\u00e9todo, Resultados, Discuss\u00e3o e Considera\u00e7\u00f5es Finais\u2019\u2019 devem ser redigidos em um \u00fanico par\u00e1grafo, sem uso de refer\u00eancias bibliogr\u00e1ficas, contendo de 350 a 500 palavras. N\u00e3o incluir cita\u00e7\u00f5es e refer\u00eancias bibliogr\u00e1ficas, bem como gr\u00e1ficos, figuras, imagens ou tabelas.<\/li><li>Ser apresentado em um \u00fanico arquivo, <strong>em formato Word (extens\u00e3o .doc ou .docx)<\/strong> e&nbsp;fonte&nbsp;Times New Roman tamanho 12, em espa\u00e7o simples e margens de 2,0 cm.<\/li><li>O trabalho submetido poder\u00e1 ter no m\u00e1ximo 1 (um) autor principal e 4 (quatro) co-autores.<\/li><li>Cada participante poder\u00e1 submeter at\u00e9 2 (dois) trabalhos na condi\u00e7\u00e3o de autor principal. N\u00e3o h\u00e1 limite para a participa\u00e7\u00e3o em trabalhos na condi\u00e7\u00e3o de co-autor.<\/li><li>O resumo deve ser apresentado de acordo com o <em>template <\/em>(modelo visual) disponibilizado aqui: <a rel=\"noreferrer noopener\" href=\"https:\/\/socioeducacao.unb.br\/wp-content\/uploads\/2021\/09\/TEMPLATE_resumo_simposio2021.docx\" data-type=\"URL\" data-id=\"https:\/\/socioeducacao.unb.br\/wp-content\/uploads\/2021\/09\/TEMPLATE_resumo_simposio2021.docx\" target=\"_blank\">\u25ba TEMPLATE<\/a><\/li><li>O arquivo do resumo deve ser nomeado e salvo conforme exemplo abaixo:<\/li><\/ul>\n\n\n\n<div class=\"wp-block-columns is-layout-flex wp-container-core-columns-is-layout-9d6595d7 wp-block-columns-is-layout-flex\">\n<div class=\"wp-block-column is-layout-flow wp-block-column-is-layout-flow\" style=\"flex-basis:10%\"><\/div>\n\n\n\n<div class=\"wp-block-column is-layout-flow wp-block-column-is-layout-flow\" style=\"flex-basis:100%\">\n<p class=\"has-small-font-size\">N\u00famero correspondente a linha tem\u00e1tica_A sigla da modalidade de apresenta\u00e7\u00e3o_T\u00edtulo do Trabalho<\/p>\n\n\n\n<p class=\"has-small-font-size\">Linha Tem\u00e1tica: 1. Conceitos, sentidos, pr\u00e1ticas e metodologias em socioeduca\u00e7\u00e3o no per\u00edodo da pandemia por Covid-19;<\/p>\n\n\n\n<p class=\"has-small-font-size\">Modalidade: Telas em Di\u00e1logo (TD)<\/p>\n\n\n\n<p class=\"has-small-font-size\">T\u00edtulo: A PREVEN\u00c7\u00c3O DO SUIC\u00cdDIO NOS CENTROS SOCIOEDUCATIVOS DURANTE A COVID-19<\/p>\n\n\n\n<p class=\"has-small-font-size\"><strong>Exemplo do nome do arquivo:<\/strong><\/p>\n\n\n\n<p class=\"has-small-font-size\">1_TD_A PREVEN\u00c7\u00c3O DO SUIC\u00cdDIO NOS CENTROS SOCIOEDUCATIVOS DURANTE A COVID-19<\/p>\n<\/div>\n\n\n\n<div class=\"wp-block-column is-layout-flow wp-block-column-is-layout-flow\" style=\"flex-basis:25%\"><\/div>\n<\/div>\n\n\n\n<ul class=\"wp-block-list\"><li>Ser\u00e3o aceitos trabalhos in\u00e9ditos no idioma portugu\u00eas.<\/li><li>Solicita-se aten\u00e7\u00e3o \u00e0 reda\u00e7\u00e3o do resumo, observando-se as normas ortogr\u00e1ficas da l\u00edngua portuguesa.<\/li><\/ul>\n\n\n\n<div class=\"wp-block-kadence-spacer aligncenter kt-block-spacer-_2cc8d2-5b\"><div class=\"kt-block-spacer kt-block-spacer-halign-center\" style=\"height:60px\"><hr class=\"kt-divider\" style=\"border-top-color:#eee;border-top-width:1px;width:80%;border-top-style:solid\"\/><\/div><\/div>\n\n\n\n<p><strong>NORMAS PARA ELABORA\u00c7\u00c3O DOS TRABALHOS FINAIS:<\/strong><\/p>\n\n\n\n<p>Os (As) autores (as) que receberem a aprova\u00e7\u00e3o de seus resumos submetidos devem seguir as seguintes normas para a elabora\u00e7\u00e3o dos trabalhos finais, considerando a modalidade para a qual foram aprovados.<\/p>\n\n\n\n<p><strong>a) Telas em di\u00e1logo:<\/strong><\/p>\n\n\n\n<ul class=\"wp-block-list\"><li>Os(As) autores(as) devem iniciar a apresenta\u00e7\u00e3o informando o t\u00edtulo do trabalho, os nomes do(s) autor(es) e sua filia\u00e7\u00e3o institucional.<\/li><li>\u00c9 desej\u00e1vel que a apresenta\u00e7\u00e3o se desenvolva de modo a deixar claros os itens Introdu\u00e7\u00e3o, Objetivo(s), M\u00e9todo\/Procedimentos, Resultados, Discuss\u00e3o e Considera\u00e7\u00f5es Finais.<\/li><li>A apresenta\u00e7\u00e3o pode ser confeccionada com o uso ou n\u00e3o de ferramentas digitais do tipo slides de <em>PowerPoint,<\/em> <em>Canva, Powtoon<\/em> e\/ou v\u00eddeo entre outras, respeitando o tempo total de 08 (oito) minutos de apresenta\u00e7\u00e3o durante o encontro virtual.<\/li><li>O(A) apresentador(a) do trabalho \u00e9 respons\u00e1vel por providenciar todas as condi\u00e7\u00f5es necess\u00e1rias para a sua participa\u00e7\u00e3o no encontro virtual e a apresenta\u00e7\u00e3o do trabalho de modo remoto, no hor\u00e1rio previsto e informado pela Comiss\u00e3o Organizadora.<\/li><\/ul>\n\n\n\n<p><strong>b) Poster Digital:<\/strong><\/p>\n\n\n\n<ul class=\"wp-block-list\"><li>O p\u00f4ster deve conter as informa\u00e7\u00f5es: T\u00edtulo, nome do(s) autor(es), filia\u00e7\u00e3o institucional e e-mail do autor principal, bem como Introdu\u00e7\u00e3o, Objetivo(s), M\u00e9todo\/Procedimentos, Resultados, Discuss\u00e3o, Considera\u00e7\u00f5es Finais e Refer\u00eancias Bibliogr\u00e1ficas (normas ABNT). Recomenda-se essa estrutura, contudo n\u00e3o haver\u00e1 preju\u00edzo caso sejam apresentadas outras formas descritivas do trabalho.<\/li><li>Para a confec\u00e7\u00e3o do p\u00f4ster deve ser utilizada uma ferramenta digital como Powerpoint, Canva, Google Slides ou equivalente, desde que por meio dela seja poss\u00edvel gerar um link para compartilhar o arquivo, mantendo-o hospedado em drive pessoal do\/as autores\/as ou em plataforma disponibilizada como recurso da pr\u00f3pria da ferramenta utilizada (como acontece no Canva, por exemplo).<\/li><li>Deve ser confeccionado com no m\u00ednimo 04 (quatro) e no m\u00e1ximo 06 (seis) p\u00e1ginas e n\u00e3o poder\u00e1 incluir \u00e1udios ou v\u00eddeos.<\/li><li>O arquivo em PDF deve ser nomeado conforme exemplo abaixo:<\/li><\/ul>\n\n\n\n<div class=\"wp-block-columns is-layout-flex wp-container-core-columns-is-layout-9d6595d7 wp-block-columns-is-layout-flex\">\n<div class=\"wp-block-column is-layout-flow wp-block-column-is-layout-flow\" style=\"flex-basis:10%\"><\/div>\n\n\n\n<div class=\"wp-block-column is-layout-flow wp-block-column-is-layout-flow\" style=\"flex-basis:100%\">\n<p class=\"has-small-font-size\">N\u00famero correspondente a linha tem\u00e1tica_A sigla da modalidade de apresenta\u00e7\u00e3o_T\u00edtulo do Trabalho<\/p>\n\n\n\n<p class=\"has-small-font-size\">Linha Tem\u00e1tica: 1. Conceitos, sentidos, pr\u00e1ticas e metodologias em socioeduca\u00e7\u00e3o no per\u00edodo da pandemia por Covid-19;<\/p>\n\n\n\n<p class=\"has-small-font-size\">Modalidade: Telas em Di\u00e1logo (TD)<\/p>\n\n\n\n<p class=\"has-small-font-size\">T\u00edtulo: A PREVEN\u00c7\u00c3O DO SUIC\u00cdDIO NOS CENTROS SOCIOEDUCATIVOS DURANTE A COVID-19<\/p>\n\n\n\n<p class=\"has-small-font-size\"><strong>Exemplo do nome do arquivo:<\/strong><\/p>\n\n\n\n<p class=\"has-small-font-size\">1_TD_A PREVEN\u00c7\u00c3O DO SUIC\u00cdDIO NOS CENTROS SOCIOEDUCATIVOS DURANTE A COVID-19<\/p>\n<\/div>\n\n\n\n<div class=\"wp-block-column is-layout-flow wp-block-column-is-layout-flow\" style=\"flex-basis:25%\"><\/div>\n<\/div>\n\n\n\n<p><\/p>\n\n\n\n<ul class=\"wp-block-list\"><li>O(a) autor(a) deve enviar para o endere\u00e7o <a href=\"mailto:simposionacional@socioeducacao.com\"><u>simposionacional@socioeducacao.com<\/u><\/a> o arquivo do trabalho em formato de PDF, o link de acesso ao p\u00f4ster digital e uma capa do trabalho, salvo no formato PNG, contendo t\u00edtulos e autores.<\/li><li>Ser\u00e3o inclu\u00eddos na plataforma, bem como nos anais do evento, os trabalhos enviados at\u00e9 o dia 13\/11\/2021.<\/li><li>O(a) autor(a) deve manter o compartilhamento do link aberto na modalidade \u201cleitor\u201d desde a ocasi\u00e3o do envio at\u00e9 o dia 30 de novembro de 2021.<\/li><\/ul>\n\n\n\n<div class=\"wp-block-kadence-spacer aligncenter kt-block-spacer-_f5a2a0-c9\"><div class=\"kt-block-spacer kt-block-spacer-halign-center\" style=\"height:60px\"><hr class=\"kt-divider\" style=\"border-top-color:#eee;border-top-width:1px;width:80%;border-top-style:solid\"\/><\/div><\/div>\n\n\n\n<p><strong>TUTORIAIS:<\/strong><\/p>\n\n\n\n<p>Como fazer apresenta\u00e7\u00e3o de slides pelo <em><a href=\"https:\/\/www.canva.com\/pt_br\/modelos\/\" data-type=\"URL\" data-id=\"https:\/\/www.canva.com\/pt_br\/modelos\/\">Canva<\/a><\/em> &#8211; <a rel=\"noreferrer noopener\" href=\"https:\/\/www.youtube.com\/watch?v=bpFBBL5fumw\" target=\"_blank\">https:\/\/www.youtube.com\/watch?v=bpFBBL5fumw<\/a><\/p>\n\n\n\n<p>Como usar o <em>Google slides<\/em> &#8211; <a href=\"https:\/\/www.youtube.com\/watch?v=j9rxT0KzMxM\">https:\/\/www.youtube.com\/watch?v=j9rxT0KzMxM<\/a><\/p>\n\n\n\n<div class=\"wp-block-kadence-spacer aligncenter kt-block-spacer-_29ecca-a2\"><div class=\"kt-block-spacer kt-block-spacer-halign-center\" style=\"height:60px\"><hr class=\"kt-divider\" style=\"border-top-color:#eee;border-top-width:1px;width:80%;border-top-style:solid\"\/><\/div><\/div>\n\n\n\n<p><strong>AN\u00c1LISE DOS TRABALHOS SUBMETIDOS: <\/strong><\/p>\n\n\n\n<p>Os trabalhos submetidos para participa\u00e7\u00e3o no evento ser\u00e3o objeto de an\u00e1lise pela Comiss\u00e3o T\u00e9cnico-Cient\u00edfica, que poder\u00e1 aceit\u00e1-los na \u00edntegra, recus\u00e1-los ou, ainda, aceit\u00e1-los mediante reformula\u00e7\u00e3o, conforme indica\u00e7\u00e3o dos avaliadores.<\/p>\n\n\n\n<p>\u200bAp\u00f3s o processo de an\u00e1lise por parte da Comiss\u00e3o T\u00e9cnico-Cient\u00edfica os autores ser\u00e3o informados da situa\u00e7\u00e3o de suas propostas, de acordo com o cronograma definido pela organiza\u00e7\u00e3o do evento.<\/p>\n\n\n\n<div class=\"wp-block-kadence-spacer aligncenter kt-block-spacer-_b8aa48-cf\"><div class=\"kt-block-spacer kt-block-spacer-halign-center\" style=\"height:60px\"><hr class=\"kt-divider\" style=\"border-top-color:#eee;border-top-width:1px;width:80%;border-top-style:solid\"\/><\/div><\/div>\n\n\n\n<p><strong>CERTIFICA\u00c7\u00c3O:<\/strong><\/p>\n\n\n\n<p>A certifica\u00e7\u00e3o dos trabalhos est\u00e1 condicionada a inscri\u00e7\u00e3o no Simp\u00f3sio e efetiva apresenta\u00e7\u00e3o de pelo menos um(a) autor(a). No certificado constar\u00e1 o(s) nomes de todos os(as) autores(as).<\/p>\n\n\n\n<div class=\"wp-block-kadence-spacer aligncenter kt-block-spacer-_71cd03-89\"><div class=\"kt-block-spacer kt-block-spacer-halign-center\" style=\"height:60px\"><hr class=\"kt-divider\" style=\"border-top-color:#eee;border-top-width:1px;width:80%;border-top-style:solid\"\/><\/div><\/div>\n\n\n\n<p><strong>IMPORTANTE:<\/strong><\/p>\n\n\n\n<ul class=\"wp-block-list\"><li>A comiss\u00e3o organizadora informar\u00e1 os autores e os participantes do evento sobre o acesso e o hor\u00e1rio dos encontros virtuais e de seus trabalhos, bem como sobre o acesso aos trabalhos disponibilizados em forma de p\u00f4ster digital.<\/li><li>Os autores com trabalhos aceitos que n\u00e3o efetuarem a inscri\u00e7\u00e3o ter\u00e3o seus trabalhos cancelados e n\u00e3o constar\u00e3o da programa\u00e7\u00e3o.<\/li><li>Aqueles que precisarem de uma carta de aceite do trabalho aprovado dever\u00e3o enviar uma solicita\u00e7\u00e3o para&nbsp;<a href=\"mailto:simposionacional@socioeducacao.com\"><u>simposionacional@socioeducacao.com<\/u><\/a>&nbsp;mencionando o t\u00edtulo do trabalho, o(s) nome(s) do(s) autor(es) e a modalidade do trabalho.<\/li><\/ul>\n\n\n\n<p><\/p>\n\n\n\n<div class=\"wp-block-kadence-spacer aligncenter kt-block-spacer-_645ba3-a4\"><div class=\"kt-block-spacer kt-block-spacer-halign-center\" style=\"height:60px\"><hr class=\"kt-divider\" style=\"border-top-color:#eee;border-top-width:1px;width:80%;border-top-style:solid\"\/><\/div><\/div>\n\n\n\n<p><strong>LINKS IMPORTANTES:<\/strong><\/p>\n\n\n\n<ul class=\"wp-block-list\"><li>Formul\u00e1rio de Submiss\u00e3o dos Trabalhos: <a rel=\"noreferrer noopener\" href=\"https:\/\/docs.google.com\/forms\/d\/e\/1FAIpQLScjirhXzH9PMX1P8S43zy2-IQwQnnkYXepS1f-pXsJSi7lkwg\/viewform?usp=sf_link\" data-type=\"URL\" data-id=\"https:\/\/docs.google.com\/forms\/d\/e\/1FAIpQLScjirhXzH9PMX1P8S43zy2-IQwQnnkYXepS1f-pXsJSi7lkwg\/viewform?usp=sf_link\" target=\"_blank\">Clique Aqui para acessar o formul\u00e1rio<\/a><\/li><\/ul>\n\n\n\n<ul class=\"wp-block-list\"><li>Template: <a rel=\"noreferrer noopener\" href=\"https:\/\/socioeducacao.unb.br\/wp-content\/uploads\/2021\/09\/TEMPLATE_resumo_simposio2021.docx\" data-type=\"URL\" data-id=\"https:\/\/socioeducacao.unb.br\/wp-content\/uploads\/2021\/09\/TEMPLATE_resumo_simposio2021.docx\" target=\"_blank\">Clique Aqui para Download do arquivo formato .docx<\/a><\/li><\/ul>\n\n\n\n<div class=\"wp-block-kadence-spacer aligncenter kt-block-spacer-_68abfc-6b\"><div class=\"kt-block-spacer kt-block-spacer-halign-center\" style=\"height:60px\"><hr class=\"kt-divider\" style=\"border-top-color:#eee;border-top-width:1px;width:80%;border-top-style:solid\"\/><\/div><\/div>\n\n\n\n<p><strong>ANAIS DO III SIMP\u00d3SIO NACIONAL EM SOCIOEDUCA\u00c7\u00c3O<\/strong> (<a href=\"https:\/\/socioeducacao.unb.br\/wp-content\/uploads\/2022\/05\/Anais-III-Simpo\u0301sio-Nacional-em-Socioeducac\u0327a\u0303o_2021.pdf\" target=\"_blank\" rel=\"noreferrer noopener\">aqui<\/a>)<\/p>\n\n\n\n<p><\/p>\n\n\n\n<p class=\"has-text-align-center\">|  <strong><a href=\"https:\/\/socioeducacao.unb.br\/index.php\/inicial\/simposio-2021\/\" data-type=\"page\" data-id=\"162\">III Simp\u00f3sio Nacional em Socioeduca\u00e7\u00e3o<\/a><\/strong>  |  <a href=\"https:\/\/socioeducacao.unb.br\/index.php\/inicial\/simposio-2021\/objetivos-simposio2021\/\" data-type=\"page\" data-id=\"867\">Objetivos<\/a> |  <a href=\"https:\/\/socioeducacao.unb.br\/index.php\/comissoes\/\">Comiss\u00f5es<\/a>  |  <a href=\"https:\/\/socioeducacao.unb.br\/index.php\/inicial\/simposio-2021\/datas-importantes\/\" data-type=\"page\" data-id=\"1164\">Datas Importantes<\/a>  |  <a href=\"https:\/\/socioeducacao.unb.br\/index.php\/programacao\/\" data-type=\"page\" data-id=\"1166\">Programa\u00e7\u00e3o<\/a>  | <strong>TRABALHOS <\/strong> |<\/p>\n\n\n\n<div class=\"wp-block-kadence-spacer aligncenter kt-block-spacer-_f6fac8-58\"><div class=\"kt-block-spacer kt-block-spacer-halign-center\" style=\"height:60px\"><hr class=\"kt-divider\" style=\"border-top-color:#eee;border-top-width:1px;width:80%;border-top-style:solid\"\/><\/div><\/div>\n\n\n\n<div class=\"wp-block-image\"><figure class=\"aligncenter size-large\"><img decoding=\"async\" src=\"https:\/\/socioeducacao.unb.br\/wp-content\/uploads\/2021\/09\/rodape_logotipos_apoio-1-1024x74.png\" alt=\"\" class=\"wp-image-1359\"\/><\/figure><\/div>\n","protected":false},"excerpt":{"rendered":"<p>| III Simp\u00f3sio Nacional em Socioeduca\u00e7\u00e3o | Objetivos | Comiss\u00f5es | Datas Importantes | Programa\u00e7\u00e3o | TRABALHOS | ORIENTA\u00c7\u00d5ES PARA SUBMISS\u00c3O DE TRABALHOS O&nbsp;III Simp\u00f3sio &hellip;<\/p>\n","protected":false},"author":1,"featured_media":0,"parent":162,"menu_order":0,"comment_status":"closed","ping_status":"closed","template":"","meta":{"kt_blocks_editor_width":"","footnotes":""},"class_list":["post-884","page","type-page","status-publish","hentry"],"_links":{"self":[{"href":"https:\/\/socioeducacao.unb.br\/index.php\/wp-json\/wp\/v2\/pages\/884","targetHints":{"allow":["GET"]}}],"collection":[{"href":"https:\/\/socioeducacao.unb.br\/index.php\/wp-json\/wp\/v2\/pages"}],"about":[{"href":"https:\/\/socioeducacao.unb.br\/index.php\/wp-json\/wp\/v2\/types\/page"}],"author":[{"embeddable":true,"href":"https:\/\/socioeducacao.unb.br\/index.php\/wp-json\/wp\/v2\/users\/1"}],"replies":[{"embeddable":true,"href":"https:\/\/socioeducacao.unb.br\/index.php\/wp-json\/wp\/v2\/comments?post=884"}],"version-history":[{"count":53,"href":"https:\/\/socioeducacao.unb.br\/index.php\/wp-json\/wp\/v2\/pages\/884\/revisions"}],"predecessor-version":[{"id":1567,"href":"https:\/\/socioeducacao.unb.br\/index.php\/wp-json\/wp\/v2\/pages\/884\/revisions\/1567"}],"up":[{"embeddable":true,"href":"https:\/\/socioeducacao.unb.br\/index.php\/wp-json\/wp\/v2\/pages\/162"}],"wp:attachment":[{"href":"https:\/\/socioeducacao.unb.br\/index.php\/wp-json\/wp\/v2\/media?parent=884"}],"curies":[{"name":"wp","href":"https:\/\/api.w.org\/{rel}","templated":true}]}}